

{"id":15651,"date":"2024-01-10T12:35:17","date_gmt":"2024-01-10T10:35:17","guid":{"rendered":"https:\/\/recco.com\/shop\/?page_id=15651"},"modified":"2025-12-29T16:53:37","modified_gmt":"2025-12-29T15:53:37","slug":"nutzungsbedingungen","status":"publish","type":"page","link":"https:\/\/recco.com\/shop\/de\/nutzungsbedingungen\/","title":{"rendered":"Nutzungsbedingungen"},"content":{"rendered":"<h1 id=\"wd-8d599b86\" class=\"wp-block-wd-title title\">Allgemeine Gesch\u00e4ftsbedingungen<\/h1>\n\n\n\n<p id=\"wd-a65dbb0f\" class=\"wp-block-wd-paragraph\">f\u00fcr den Onlineshop auf recco.com<\/p>\n\n\n\n<p id=\"wd-e9a4460a\" class=\"wp-block-wd-paragraph\">betrieben von<\/p>\n\n\n\n<p id=\"wd-56a4a5ef\" class=\"wp-block-wd-paragraph\">RECCO AB<br>Radiov\u00e4gen 3A<br>181 55 Liding\u00f6<br>Schweden<br>E-Mail: <a href=\"mailto:info@recco.com\">contact-shop@recco.com<\/a><br>Telefonnummer: +46 8 73159 50<\/p>\n\n\n\n<p id=\"wd-b93b5c90\" class=\"wp-block-wd-paragraph\">\u2013 nachfolgend \u201eAnbieter\u201c genannt \u2013<\/p>\n\n\n\n<h2 id=\"wd-6d308ec1\" class=\"wp-block-wd-title title\">1. Geltungsbereich<\/h2>\n\n\n\n<p id=\"wd-576ddc78\" class=\"wp-block-wd-paragraph\">Diese Allgemeinen Gesch\u00e4ftsbedingungen (AGB) gelten nach ihrer Einbeziehung f\u00fcr alle Vertr\u00e4ge \u00fcber den Erwerb von Waren, Dienstleistungen oder sonstigen Gegenst\u00e4nden (nachfolgend \u201eWaren\u201c) \u00fcber den Online-Shop unter der oben genannten URL in ihrer zum Zeitpunkt des Vertragsschlusses g\u00fcltigen Fassung. Diese AGB gelten ausschlie\u00dflich. Abweichende Bedingungen des Kunden werden nicht Vertragsbestandteil, es sei denn, der Anbieter stimmt ihrer Geltung ausdr\u00fccklich zu.<\/p>\n\n\n\n<h2 id=\"wd-e08f15c4\" class=\"wp-block-wd-title title\">2. Vertragsabschluss<\/h2>\n\n\n\n<p id=\"wd-a078c64a\" class=\"wp-block-wd-paragraph\">2.1 Die Angebote im Online-Shop stellen eine unverbindliche Aufforderung des Anbieters an die Besucher des Online-Shops dar, ein Angebot zum Kauf der im Shop angebotenen Waren abzugeben.<\/p>\n\n\n\n<p id=\"wd-f2c4e0cb\" class=\"wp-block-wd-paragraph\">2.2 Die Bestellung der Waren erfolgt \u00fcber das Online-Bestellformular des Anbieters. Nach Auswahl der gew\u00fcnschten Waren, Eingabe aller erforderlichen Angaben und Durchf\u00fchrung aller weiteren obligatorischen Schritte des Bestellvorgangs k\u00f6nnen die ausgew\u00e4hlten Waren durch Anklicken des Bestellbuttons am Ende der Checkout-Seite (\u201eBestellung\u201c) bestellt werden. Mit der Bestellung gibt der Kunde ein verbindliches Vertragsangebot zum Kauf der ausgew\u00e4hlten Waren ab. Der Vertrag kommt zustande, wenn der Anbieter das Angebot des Kunden annimmt. Die Annahme erfolgt, indem der Anbieter den Vertragsschluss schriftlich oder in Textform (z. B. per E-Mail) best\u00e4tigt und diese Best\u00e4tigung beim Kunden eingeht, oder indem der Anbieter die bestellte Ware liefert und die Ware beim Kunden eingeht, oder indem der Anbieter zur Zahlung auffordert (z. B. Rechnung oder Kreditkartenzahlung im Checkout) und die Zahlungsaufforderung beim Kunden eingeht; ma\u00dfgeblich f\u00fcr den Zeitpunkt des Vertragsschlusses ist, wann eine dieser Alternativen zuerst eintritt.<\/p>\n\n\n\n<p id=\"wd-ae4cd130\" class=\"wp-block-wd-paragraph\">2.3 Vor verbindlicher Abgabe der Bestellung \u00fcber das Online-Bestellformular des Anbieters kann der Kunde seine Eingaben jederzeit mittels der \u00fcblichen Tastatur, Maus, Touch oder anderen zur Verf\u00fcgung gestellten Eingabemethoden \u00fcberpr\u00fcfen und korrigieren. Dar\u00fcber hinaus werden alle Eingaben vor der verbindlichen Abgabe der Bestellung noch einmal in einem Best\u00e4tigungsfenster angezeigt und k\u00f6nnen auch dort mittels der \u00fcblichen Eingabemethoden korrigiert werden.<\/p>\n\n\n\n<p id=\"wd-aae238c9\" class=\"wp-block-wd-paragraph\">2.4 Der Anbieter speichert den Vertragstext nach Vertragsschluss und \u00fcbermittelt ihn dem Kunden in Textform (z. B. per E-Mail). Dar\u00fcber hinaus erfolgt keine Zug\u00e4nglichmachung des Vertragstextes durch den Anbieter. Erfolgt der Kauf \u00fcber ein Kundenkonto im Online-Shop, kann der Kunde dort seine Bestellungen und die dazugeh\u00f6rigen Bestelldaten einsehen.<\/p>\n\n\n\n<p id=\"wd-846ba6dc\" class=\"wp-block-wd-paragraph\">2.5 F\u00fcr den Vertragsschluss stehen folgende Sprachen zur Verf\u00fcgung: Englisch, Deutsch, Franz\u00f6sisch, Spanisch.<\/p>\n\n\n\n<h2 id=\"wd-aea6c5b1\" class=\"wp-block-wd-title title\">3. Widerrufsrecht f\u00fcr Verbraucher<\/h2>\n\n\n\n<p id=\"wd-f8353443\" class=\"wp-block-wd-paragraph\">Verbrauchern steht bei au\u00dferhalb von Gesch\u00e4ftsr\u00e4umen geschlossenen Vertr\u00e4gen und im Fernabsatz grunds\u00e4tzlich ein Widerrufsrecht zu. Verbraucher ist jede nat\u00fcrliche Person, die ein Rechtsgesch\u00e4ft zu Zwecken abschlie\u00dft, die \u00fcberwiegend weder ihrer gewerblichen noch ihrer selbst\u00e4ndigen beruflichen T\u00e4tigkeit zugerechnet werden k\u00f6nnen. Einzelheiten hierzu ergeben sich aus der Widerrufsbelehrung, die jedem Verbraucher sp\u00e4testens unmittelbar vor Vertragsschluss ausgeh\u00e4ndigt wird.<\/p>\n\n\n\n<h2 id=\"wd-903bf892\" class=\"wp-block-wd-title title\">4. Zahlung, Verzug<\/h2>\n\n\n\n<p id=\"wd-074ea0d0\" class=\"wp-block-wd-paragraph\">4.1 Es gelten die zum Zeitpunkt der Bestellung im Online-Shop aufgef\u00fchrten Preise. Alle Preise verstehen sich inklusive der gesetzlichen Mehrwertsteuer und ggf. anfallender Versandkosten. Der Kunde wird im Online-Shop des Anbieters \u00fcber die verf\u00fcgbaren Zahlungsm\u00f6glichkeiten informiert.<\/p>\n\n\n\n<p id=\"wd-d016b04b\" class=\"wp-block-wd-paragraph\">4.2 Ist \u201eVorkasse\u201c vereinbart, ist der Kaufpreis sofort mit Vertragsschluss f\u00e4llig.<\/p>\n\n\n\n<p id=\"wd-7437bd9e\" class=\"wp-block-wd-paragraph\">4.3 Ist die Zahlung per \u201ePayPal\u201c vereinbart, ist der Kaufpreis sofort mit Vertragsschluss f\u00e4llig. Die Zahlungsabwicklung erfolgt \u00fcber den Zahlungsdienstleister PayPal (Europe) S.\u00e0 r.l. et Cie, S.C.A., 22-24 Boulevard Royal, L-2449 Luxembourg.<\/p>\n\n\n\n<p id=\"wd-b0200290\" class=\"wp-block-wd-paragraph\">4.4 Bei Vereinbarung der Zahlungsart \u201eSofort\u00fcberweisung\u201c ist der Kaufpreis sofort mit Vertragsschluss f\u00e4llig. Die Zahlungsabwicklung erfolgt \u00fcber die Sofort GmbH, Theresienh\u00f6he 12, 80339 M\u00fcnchen.<\/p>\n\n\n\n<p id=\"wd-09eca70d\" class=\"wp-block-wd-paragraph\">4.9 Bei Vereinbarung von Giropay ist der Kaufpreis sofort mit Vertragsschluss f\u00e4llig. Die Zahlungsabwicklung erfolgt \u00fcber die paydirect GmbH, Stephanstr. 14-16, 60313 Frankfurt am Main.<\/p>\n\n\n\n<h2 id=\"wd-8338db50\" class=\"wp-block-wd-title title\">5. Eigentumsvorbehalt<\/h2>\n\n\n\n<p id=\"wd-33da1203\" class=\"wp-block-wd-paragraph\">Bis zur vollst\u00e4ndigen Bezahlung des Kaufpreises bleibt die gekaufte Ware Eigentum des Anbieters.<\/p>\n\n\n\n<h2 id=\"wd-f39f8b61\" class=\"wp-block-wd-title title\">6. Lieferung und Selbstbelieferungsvorbehalt<\/h2>\n\n\n\n<p id=\"wd-1a7d1132\" class=\"wp-block-wd-paragraph\">6.1 Sofern nichts anderes vereinbart ist, erfolgt die Lieferung innerhalb der im Online-Shop angegebenen Lieferfrist an die vom Kunden angegebene Lieferadresse. Die jeweils g\u00fcltigen Lieferzeiten sind im Online-Shop ersichtlich.<\/p>\n\n\n\n<p id=\"wd-e81aaded\" class=\"wp-block-wd-paragraph\">6.2 Eine Selbstabholung gekaufter Waren ist ausgeschlossen.<\/p>\n\n\n\n<p id=\"wd-c02bd6ef\" class=\"wp-block-wd-paragraph\">6.3 Ist der Anbieter zur Lieferung der bestellten Ware nicht in der Lage, weil er selbst unverschuldet nicht beliefert wurde, obwohl er rechtzeitig ein kongruentes Deckungsgesch\u00e4ft mit einem zuverl\u00e4ssigen Zulieferer abgeschlossen hatte, wird der Anbieter von seiner Leistungspflicht frei und kann vom Vertrag zur\u00fccktreten. Der Anbieter wird den Kunden unverz\u00fcglich \u00fcber die Nichtm\u00f6glichkeit der Leistung informieren. Eine bereits erbrachte Gegenleistung des Kunden wird unverz\u00fcglich erstattet. Zwingende Verbraucherrechte bleiben von diesem Absatz unber\u00fchrt.<\/p>\n\n\n\n<h2 id=\"wd-95c12c17\" class=\"wp-block-wd-title title\">7. Gew\u00e4hrleistung<\/h2>\n\n\n\n<p id=\"wd-c7a4bfeb\" class=\"wp-block-wd-paragraph\">Es gelten die gesetzlichen M\u00e4ngelhaftungsbestimmungen.<\/p>\n\n\n\n<h2 id=\"wd-da9ea443\" class=\"wp-block-wd-title title\">8. Haftung und Freistellung<\/h2>\n\n\n\n<p id=\"wd-ef7c18bf\" class=\"wp-block-wd-paragraph\">8.1 Der Anbieter haftet unbeschr\u00e4nkt:<\/p>\n\n\n\n<ul class=\"wp-block-list\">\n<li>f\u00fcr Sch\u00e4den aus der Verletzung des Lebens, des K\u00f6rpers oder der Gesundheit, die auf einer vors\u00e4tzlichen oder fahrl\u00e4ssigen Pflichtverletzung des Anbieters oder auf einer vors\u00e4tzlichen oder fahrl\u00e4ssigen Pflichtverletzung eines gesetzlichen Vertreters oder Erf\u00fcllungsgehilfen des Anbieters beruhen;<\/li>\n\n\n\n<li>f\u00fcr Sch\u00e4den, die auf einer vors\u00e4tzlichen oder grob fahrl\u00e4ssigen Pflichtverletzung des Anbieters oder auf einer vors\u00e4tzlichen oder grob fahrl\u00e4ssigen Pflichtverletzung eines gesetzlichen Vertreters oder Erf\u00fcllungsgehilfen des Anbieters beruhen;<\/li>\n\n\n\n<li>aufgrund einer Garantie, soweit hierzu nichts anderes geregelt ist;<\/li>\n\n\n\n<li>aufgrund zwingender Haftung (z. B. nach dem Produkthaftungsgesetz).<\/li>\n<\/ul>\n\n\n\n<p id=\"wd-e4697478\" class=\"wp-block-wd-paragraph\">8.2 Verletzt der Anbieter fahrl\u00e4ssig eine wesentliche Vertragspflicht, ist die Haftung auf den vorhersehbaren, typischerweise eintretenden Schaden begrenzt, sofern nicht gem\u00e4\u00df vorstehendem Absatz unbeschr\u00e4nkt gehaftet wird. Wesentliche Vertragspflichten sind Pflichten, die der Vertrag dem Anbieter nach seinem Inhalt zur Erreichung des Vertragszwecks auferlegt, deren Erf\u00fcllung die ordnungsgem\u00e4\u00dfe Durchf\u00fchrung des Vertrags \u00fcberhaupt erst erm\u00f6glicht und auf deren Einhaltung der Kunde regelm\u00e4\u00dfig vertraut.<\/p>\n\n\n\n<p id=\"wd-24a99658\" class=\"wp-block-wd-paragraph\">8.3 Im \u00dcbrigen ist die Haftung des Anbieters sowie die Haftung seiner Erf\u00fcllungsgehilfen und gesetzlichen Vertreter ausgeschlossen.<\/p>\n\n\n\n<p id=\"wd-a567bc3a\" class=\"wp-block-wd-paragraph\">8.4 Der Kunde stellt den Anbieter von s\u00e4mtlichen Anspr\u00fcchen Dritter \u2013 einschlie\u00dflich der Kosten der Rechtsverteidigung in gesetzlicher H\u00f6he \u2013 frei, die aufgrund rechtswidriger oder vertragswidriger Handlungen des Kunden gegen den Anbieter geltend gemacht werden.<\/p>\n\n\n\n<h2 id=\"wd-1df6420c\" class=\"wp-block-wd-title title\">9. Datenschutz<\/h2>\n\n\n\n<p id=\"wd-d7f8f9b2\" class=\"wp-block-wd-paragraph\">Der Anbieter behandelt die personenbezogenen Daten seiner Kunden vertraulich und entsprechend der gesetzlichen Datenschutzvorschriften. Weitere Einzelheiten k\u00f6nnen der Datenschutzerkl\u00e4rung des Anbieters entnommen werden.<\/p>\n\n\n\n<h2 id=\"wd-53cfc507\" class=\"wp-block-wd-title title\">10. Schlussbestimmungen<\/h2>\n\n\n\n<p id=\"wd-2a68e7f9\" class=\"wp-block-wd-paragraph\">10.1 Es gilt das Recht der Bundesrepublik Deutschland unter Ausschluss des UN-Kaufrechts mit der Ma\u00dfgabe, dass diese Rechtswahl f\u00fcr einen Verbraucher mit gew\u00f6hnlichem Aufenthalt in der EU nicht dazu f\u00fchrt, dass zwingende Bestimmungen des Rechts seines Aufenthaltsstaates entzogen werden.<\/p>\n\n\n\n<p id=\"wd-73c5b1fc\" class=\"wp-block-wd-paragraph\">10.2 Ist der Kunde Kaufmann, juristische Person des \u00f6ffentlichen Rechts oder \u00f6ffentlich-rechtliches Sonderverm\u00f6gen, ist das Gericht am Sitz des Anbieters zust\u00e4ndig, sofern f\u00fcr die Streitigkeit kein ausschlie\u00dflicher Gerichtsstand begr\u00fcndet ist. Dies gilt auch, wenn der Kunde keinen Wohnsitz innerhalb der Europ\u00e4ischen Union hat. Den Sitz unseres Unternehmens finden Sie in der \u00dcberschrift dieser AGB.<\/p>\n\n\n\n<p id=\"wd-f9db2da9\" class=\"wp-block-wd-paragraph\">10.3 Sollte eine Bestimmung dieses Vertrages ung\u00fcltig oder undurchsetzbar sein, bleiben die \u00fcbrigen Bestimmungen hiervon unber\u00fchrt.<\/p>\n\n\n\n<h2 id=\"wd-23d8da7c\" class=\"wp-block-wd-title title\">11. Informationen zur Online-Streitbeilegung \/ Verbraucherschlichtung<\/h2>\n\n\n\n<p id=\"wd-5f45b113\" class=\"wp-block-wd-paragraph\">Der Anbieter ist weder bereit noch verpflichtet, an Streitbeilegungsverfahren vor einer Verbraucherschlichtungsstelle teilzunehmen.<\/p>\n\n\n\n<p id=\"wd-6eb710eb\" class=\"wp-block-wd-paragraph\">Unsere E-Mail-Adresse finden Sie in der \u00dcberschrift dieser AGB.<\/p>","protected":false},"excerpt":{"rendered":"","protected":false},"author":6,"featured_media":0,"parent":0,"menu_order":0,"comment_status":"closed","ping_status":"closed","template":"elementor_header_footer","meta":{"footnotes":""},"class_list":["post-15651","page","type-page","status-publish","hentry"],"yoast_head":"<!-- This site is optimized with the Yoast SEO plugin v26.9 - https:\/\/yoast.com\/product\/yoast-seo-wordpress\/ -->\n<title>Terms of Use - RECCO<\/title>\n<meta name=\"robots\" content=\"index, follow, max-snippet:-1, max-image-preview:large, max-video-preview:-1\" \/>\n<link rel=\"canonical\" href=\"https:\/\/recco.com\/shop\/de\/nutzungsbedingungen\/\" \/>\n<meta property=\"og:locale\" content=\"de_DE\" \/>\n<meta property=\"og:type\" content=\"article\" \/>\n<meta property=\"og:title\" content=\"Terms of Use - RECCO\" \/>\n<meta property=\"og:url\" content=\"https:\/\/recco.com\/shop\/de\/nutzungsbedingungen\/\" \/>\n<meta property=\"og:site_name\" content=\"RECCO\" \/>\n<meta property=\"article:modified_time\" content=\"2025-12-29T15:53:37+00:00\" \/>\n<meta name=\"twitter:card\" content=\"summary_large_image\" \/>\n<meta name=\"twitter:label1\" content=\"Gesch\u00e4tzte Lesezeit\" \/>\n\t<meta name=\"twitter:data1\" content=\"6\u00a0Minuten\" \/>\n<script type=\"application\/ld+json\" class=\"yoast-schema-graph\">{\"@context\":\"https:\/\/schema.org\",\"@graph\":[{\"@type\":\"WebPage\",\"@id\":\"https:\/\/recco.com\/shop\/terms-of-use\/\",\"url\":\"https:\/\/recco.com\/shop\/terms-of-use\/\",\"name\":\"Terms of Use - RECCO\",\"isPartOf\":{\"@id\":\"https:\/\/recco.com\/shop\/#website\"},\"datePublished\":\"2024-01-10T10:35:17+00:00\",\"dateModified\":\"2025-12-29T15:53:37+00:00\",\"breadcrumb\":{\"@id\":\"https:\/\/recco.com\/shop\/terms-of-use\/#breadcrumb\"},\"inLanguage\":\"de\",\"potentialAction\":[{\"@type\":\"ReadAction\",\"target\":[\"https:\/\/recco.com\/shop\/terms-of-use\/\"]}]},{\"@type\":\"BreadcrumbList\",\"@id\":\"https:\/\/recco.com\/shop\/terms-of-use\/#breadcrumb\",\"itemListElement\":[{\"@type\":\"ListItem\",\"position\":1,\"name\":\"Home\",\"item\":\"https:\/\/recco.com\/shop\/\"},{\"@type\":\"ListItem\",\"position\":2,\"name\":\"Terms of Use\"}]},{\"@type\":\"WebSite\",\"@id\":\"https:\/\/recco.com\/shop\/#website\",\"url\":\"https:\/\/recco.com\/shop\/\",\"name\":\"RECCO\",\"description\":\"\",\"potentialAction\":[{\"@type\":\"SearchAction\",\"target\":{\"@type\":\"EntryPoint\",\"urlTemplate\":\"https:\/\/recco.com\/shop\/?s={search_term_string}\"},\"query-input\":{\"@type\":\"PropertyValueSpecification\",\"valueRequired\":true,\"valueName\":\"search_term_string\"}}],\"inLanguage\":\"de\"}]}<\/script>\n<!-- \/ Yoast SEO plugin. -->","yoast_head_json":{"title":"Nutzungsbedingungen - RECCO","robots":{"index":"index","follow":"follow","max-snippet":"max-snippet:-1","max-image-preview":"max-image-preview:large","max-video-preview":"max-video-preview:-1"},"canonical":"https:\/\/recco.com\/shop\/de\/nutzungsbedingungen\/","og_locale":"de_DE","og_type":"article","og_title":"Terms of Use - RECCO","og_url":"https:\/\/recco.com\/shop\/de\/nutzungsbedingungen\/","og_site_name":"RECCO","article_modified_time":"2025-12-29T15:53:37+00:00","twitter_card":"summary_large_image","twitter_misc":{"Gesch\u00e4tzte Lesezeit":"6\u00a0Minuten"},"schema":{"@context":"https:\/\/schema.org","@graph":[{"@type":"WebPage","@id":"https:\/\/recco.com\/shop\/terms-of-use\/","url":"https:\/\/recco.com\/shop\/terms-of-use\/","name":"Nutzungsbedingungen - RECCO","isPartOf":{"@id":"https:\/\/recco.com\/shop\/#website"},"datePublished":"2024-01-10T10:35:17+00:00","dateModified":"2025-12-29T15:53:37+00:00","breadcrumb":{"@id":"https:\/\/recco.com\/shop\/terms-of-use\/#breadcrumb"},"inLanguage":"de","potentialAction":[{"@type":"ReadAction","target":["https:\/\/recco.com\/shop\/terms-of-use\/"]}]},{"@type":"BreadcrumbList","@id":"https:\/\/recco.com\/shop\/terms-of-use\/#breadcrumb","itemListElement":[{"@type":"ListItem","position":1,"name":"Home","item":"https:\/\/recco.com\/shop\/"},{"@type":"ListItem","position":2,"name":"Terms of Use"}]},{"@type":"WebSite","@id":"https:\/\/recco.com\/shop\/#website","url":"https:\/\/recco.com\/shop\/","name":"RECCO","description":"","potentialAction":[{"@type":"SearchAction","target":{"@type":"EntryPoint","urlTemplate":"https:\/\/recco.com\/shop\/?s={search_term_string}"},"query-input":{"@type":"PropertyValueSpecification","valueRequired":true,"valueName":"search_term_string"}}],"inLanguage":"de"}]}},"_links":{"self":[{"href":"https:\/\/recco.com\/shop\/de\/wp-json\/wp\/v2\/pages\/15651","targetHints":{"allow":["GET"]}}],"collection":[{"href":"https:\/\/recco.com\/shop\/de\/wp-json\/wp\/v2\/pages"}],"about":[{"href":"https:\/\/recco.com\/shop\/de\/wp-json\/wp\/v2\/types\/page"}],"author":[{"embeddable":true,"href":"https:\/\/recco.com\/shop\/de\/wp-json\/wp\/v2\/users\/6"}],"replies":[{"embeddable":true,"href":"https:\/\/recco.com\/shop\/de\/wp-json\/wp\/v2\/comments?post=15651"}],"version-history":[{"count":1,"href":"https:\/\/recco.com\/shop\/de\/wp-json\/wp\/v2\/pages\/15651\/revisions"}],"predecessor-version":[{"id":22804,"href":"https:\/\/recco.com\/shop\/de\/wp-json\/wp\/v2\/pages\/15651\/revisions\/22804"}],"wp:attachment":[{"href":"https:\/\/recco.com\/shop\/de\/wp-json\/wp\/v2\/media?parent=15651"}],"curies":[{"name":"wp","href":"https:\/\/api.w.org\/{rel}","templated":true}]}}