

{"id":15817,"date":"2024-01-12T12:23:50","date_gmt":"2024-01-12T10:23:50","guid":{"rendered":"https:\/\/recco.com\/shop\/?page_id=15817"},"modified":"2025-12-29T16:53:19","modified_gmt":"2025-12-29T15:53:19","slug":"datenschutzrichtlinie","status":"publish","type":"page","link":"https:\/\/recco.com\/shop\/de\/datenschutzrichtlinie\/","title":{"rendered":"Datenschutzrichtlinie"},"content":{"rendered":"<h1 id=\"wd-0ab31613\" class=\"wp-block-wd-title title\">Datenschutzrichtlinie<\/h1>\n\n\n\n<p id=\"wd-c686b899\" class=\"wp-block-wd-paragraph\">Diese Datenschutzrichtlinie beschreibt die Richtlinien und Verfahren der RECCO-Suchtechnologie in Bezug auf die Verarbeitung personenbezogener Daten von Kunden und anderen Nutzern unserer Website, unseres Webshops und unserer digitalen Dienste. Diese Datenschutzrichtlinie kann sich w\u00e4hrend Ihres Besuchs bei uns \u00e4ndern (z. B. um \u00c4nderungen in Technologie, Systemnavigation, Produktger\u00e4ten und relevanten Gesetzen zu ber\u00fccksichtigen). Wir empfehlen Ihnen dringend, diese Website aufmerksam zu verfolgen und alle Anpassungen zu beachten, die wir im Datenschutzfenster vornehmen.<\/p>\n\n\n\n<p id=\"wd-6736888c\" class=\"wp-block-wd-paragraph\">Diese Datenschutzrichtlinie erg\u00e4nzt andere Richtlinien und Bedingungen, die f\u00fcr bestimmte von RECCO AB bereitgestellte Dienste gelten, \u00e4ndert diese jedoch nicht.<\/p>\n\n\n\n<h2 id=\"wd-04522af5\" class=\"wp-block-wd-title title\">WER WIR SIND<\/h2>\n\n\n\n<p id=\"wd-676c049b\" class=\"wp-block-wd-paragraph\">RECCO AB ist ein in Schweden gegr\u00fcndetes Unternehmen mit den folgenden Informationen:<\/p>\n\n\n\n<p id=\"wd-a4e935f4\" class=\"wp-block-wd-paragraph\">ADRESSE HAUPTSITZ<br>RECCO AB&nbsp;<br><a href=\"https:\/\/www.google.com\/maps\/place\/Radiov%C3%A4gen+3a,+181+55+Liding%C3%B6\/@59.3448689,18.1565751,17z\/data=!3m1!4b1!4m5!3m4!1s0x465f82e90cf1b62b:0x58225c9c3a2f05d!8m2!3d59.3448662!4d18.1587691\" target=\"_blank\" rel=\"noreferrer noopener\">Radiov\u00e4gen 3A<br>181 55 Liding\u00f6<\/a><br>Schweden<\/p>\n\n\n\n<p id=\"wd-67e5a6ba\" class=\"wp-block-wd-paragraph\">Telefon:\u00a0<a href=\"tel:+4687315950\">+46 8 73159 50<\/a><br>E-Mail:\u00a0<a href=\"mailto:info@recco.com\">contact-shop@recco.com<\/a><\/p>\n\n\n\n<p id=\"wd-959b305d\" class=\"wp-block-wd-paragraph\">Registrierungsnummer der Organisation: 556606-9026<\/p>\n\n\n\n<p id=\"wd-2e29c376\" class=\"wp-block-wd-paragraph\">Unsere Datenschutzrichtlinie umfasst die Erhebung und Verarbeitung Ihrer personenbezogenen Daten, die von RECCO AB oder anderen Markenpartnern erhoben oder aus anderen Quellen stammen. Personenbezogene Daten k\u00f6nnen von RECCO AB oder anderen Markenpartnern erhoben und verkn\u00fcpft und in einer zentralen Datenbank verarbeitet werden.<\/p>\n\n\n\n<p id=\"wd-1018df3b\" class=\"wp-block-wd-paragraph\">WIE K\u00d6NNEN SIE UNS KONTAKTIEREN?<br>Bei weiteren Fragen zum Datenschutz oder zu Ihren gesetzlichen Rechten als Betroffener empfehlen wir Ihnen dringend, sich an info@recco.com zu wenden.<br>Der Kundenservice von RECCO verf\u00fcgt \u00fcber folgende Kontaktinformationen:<\/p>\n\n\n\n<p id=\"wd-b0ee0544\" class=\"wp-block-wd-paragraph\">Telefon:\u00a0<a href=\"tel:+4687315950\">+46 8 73159 50<\/a><br>E-Mail:\u00a0<a href=\"mailto:info@recco.com\">contact-shop@recco.com<\/a><\/p>\n\n\n\n<p id=\"wd-8babedf5\" class=\"wp-block-wd-paragraph\">VON UNS ERFASSTE INFORMATIONEN<br>Die folgenden Kategorien personenbezogener Daten k\u00f6nnen erfasst werden:<\/p>\n\n\n\n<p id=\"wd-116d3794\" class=\"wp-block-wd-paragraph\">Ihre grundlegenden Informationen, Ihr Name, Ihre Adresse, E-Mail-Adresse, Telefonnummer, Ihr Alter oder andere demografische Daten oder Pr\u00e4ferenzen.<\/p>\n\n\n\n<p id=\"wd-fae36b91\" class=\"wp-block-wd-paragraph\">Wir erfassen Ger\u00e4teinformationen mithilfe der folgenden Technologien:<\/p>\n\n\n\n<ol class=\"wp-block-list\">\n<li>Cookies sind Datendateien, die auf Ihrem Ger\u00e4t oder Computer abgelegt werden und oft eine anonyme, eindeutige Kennung enthalten. Weitere Informationen zu Cookies und zum Deaktivieren von Cookies finden Sie unter&nbsp;<a href=\"http:\/\/www.allaboutcookies.org\/\" target=\"_blank\" rel=\"noreferrer noopener\">http:\/\/www.allaboutcookies.org<\/a><\/li>\n\n\n\n<li>Informationen \u00fcber Ihre Interaktion mit uns. Produkte, die Sie online kaufen, Zahlungsinformationen, R\u00fccksendungen, Kundendienstkontakte, Teilnahme an Veranstaltungen usw.<\/li>\n\n\n\n<li>Von sozialen Netzwerken, mit denen wir uns verbinden, erfasste Informationen wie Kommentare, Verhalten usw.<\/li>\n\n\n\n<li>Informationen zu digitalen Aktivit\u00e4ten, wie Browserverlauf, Newsletter, physische Pr\u00e4senz, \u00fcber Cookies und Beacons sowie WLAN-Zugangspunkte, einschlie\u00dflich IP-Adresse. Wir k\u00f6nnen personenbezogene Daten \u00fcber Sie an unsere Markenpartner weitergeben.<\/li>\n\n\n\n<li>\u201eWeb Beacons\u201c, \u201eTags\u201c und \u201ePixel\u201c sind elektronische Dateien, die zum Aufzeichnen von Informationen dar\u00fcber verwendet werden, wie Sie die Site durchsuchen.<\/li>\n<\/ol>\n\n\n\n<p id=\"wd-b7bdf7ca\" class=\"wp-block-wd-paragraph\">WIE WIR IHRE PERS\u00d6NLICHEN DATEN VERWENDEN<br>Wir geben Ihre personenbezogenen Daten an Dritte weiter, um uns bei der Nutzung Ihrer personenbezogenen Daten wie oben beschrieben zu unterst\u00fctzen. Beispielsweise nutzen wir Shopify f\u00fcr unseren Online-Shop. Weitere Informationen zur Verwendung Ihrer personenbezogenen Daten durch Shopify finden Sie hier:&nbsp;<a href=\"https:\/\/www.shopify.com\/legal\/privacy\" target=\"_blank\" rel=\"noreferrer noopener\">https:\/\/www.shopify.com\/legal\/privacy<\/a><\/p>\n\n\n\n<p id=\"wd-b1eb0b9c\" class=\"wp-block-wd-paragraph\">RECCO kann Ihre personenbezogenen Daten wie folgt erfassen:<\/p>\n\n\n\n<ol class=\"wp-block-list\">\n<li>Bearbeitung von Bestellungen, Reklamationen und Retouren<\/li>\n\n\n\n<li>Verbraucheranalyse und -segmentierung3<\/li>\n\n\n\n<li>Bereitstellung von Kundensupport und Kommunikation<\/li>\n\n\n\n<li>Evaluierung und Entwicklung unserer Produkte und Dienstleistungen<\/li>\n<\/ol>\n\n\n\n<p id=\"wd-17848d80\" class=\"wp-block-wd-paragraph\">Die Verarbeitung Ihrer personenbezogenen Daten ist erforderlich, um einen Vertrag zwischen Ihnen und RECCO abzuschlie\u00dfen und eine Bestellung in unserem Shopify-Webshop abzuschlie\u00dfen. Die Erhebung personenbezogener Daten kann auch dazu dienen, unseren Kundenservice zu verbessern, um unsere Produkte und Dienstleistungen weiterzuentwickeln und zu bewerten.<\/p>\n\n\n\n<p id=\"wd-b4f067eb\" class=\"wp-block-wd-paragraph\">KOMMUNIKATIONS- UND MARKETINGZWECKE<br>Mit Ihrer Einwilligung senden wir Ihnen Marketinginformationen per E-Mail und \u00fcber andere Technologien zu. Sie haben jederzeit die M\u00f6glichkeit, sich \u00fcber einen Link in der Nachricht abzumelden oder der Verarbeitung Ihrer personenbezogenen Daten zu Marketingzwecken zu widersprechen.<\/p>\n\n\n\n<p id=\"wd-f6c12a7f\" class=\"wp-block-wd-paragraph\">WIE WIR IHRE PERS\u00d6NLICHEN DATEN WEITERGEBEN<br>Zur Unterst\u00fctzung unseres Unternehmens k\u00f6nnen Dritte Ihre Daten verwenden, jedoch ausschlie\u00dflich zur Erfassung Ihrer pers\u00f6nlichen Produktpr\u00e4ferenzen. Um die Vorgehensweise unserer Partner zu gew\u00e4hrleisten, empfehlen wir Ihnen, deren Datenschutzrichtlinien auf deren Website zu lesen.<\/p>\n\n\n\n<p id=\"wd-72f88cd0\" class=\"wp-block-wd-paragraph\">Ihre personenbezogenen Daten k\u00f6nnen an Dritte weitergegeben werden, die uns bei der Kundenwerbung unterst\u00fctzen, beispielsweise \u00fcber soziale Netzwerke. Wir stellen sicher, dass die Dritten personenbezogene Daten ausschlie\u00dflich zur Bewerbung unserer Waren und Dienstleistungen verwenden.<\/p>\n\n\n\n<p id=\"wd-799b9922\" class=\"wp-block-wd-paragraph\">Schlie\u00dflich k\u00f6nnen wir Ihre personenbezogenen Daten auch weitergeben, um geltende Gesetze und Vorschriften einzuhalten, auf eine Vorladung, einen Durchsuchungsbefehl oder eine andere rechtm\u00e4\u00dfige Informationsanfrage, die wir erhalten, zu reagieren oder um unsere Rechte anderweitig zu sch\u00fctzen.<\/p>\n\n\n\n<p id=\"wd-de5da904\" class=\"wp-block-wd-paragraph\">Wir werden personenbezogene Daten nicht an Dritte verkaufen, weitergeben oder \u00fcbertragen, au\u00dfer wie in dieser Datenschutzrichtlinie beschrieben.<\/p>\n\n\n\n<p id=\"wd-c1ea3250\" class=\"wp-block-wd-paragraph\">WIE LANGE SPEICHERN WIR IHRE PERSONENBEZOGENEN DATEN?<br>Die Speicherung personenbezogener Daten richtet sich nach dem jeweiligen Zweck.<\/p>\n\n\n\n<p id=\"wd-320864a3\" class=\"wp-block-wd-paragraph\">Wir speichern Ihre Daten nur so lange wie n\u00f6tig und nur f\u00fcr den Zweck, f\u00fcr den wir sie erhoben haben. Wir beschr\u00e4nken den Zugriff auf Ihre Daten auf diejenigen Personen, die diese f\u00fcr einen relevanten Zweck ben\u00f6tigen.<\/p>\n\n\n\n<p id=\"wd-4935be61\" class=\"wp-block-wd-paragraph\">Unsere Aufbewahrungsfristen richten sich nach den Gesch\u00e4ftsanforderungen und Ihre nicht mehr ben\u00f6tigten Informationen werden entweder unwiderruflich anonymisiert oder sicher vernichtet.<\/p>\n\n\n\n<p id=\"wd-49c5f512\" class=\"wp-block-wd-paragraph\">INTERNATIONALE MARKEN\u00dcBERTRAGUNGEN<br>Ihre personenbezogenen Daten k\u00f6nnen in andere L\u00e4nder (einschlie\u00dflich Nicht-EU-L\u00e4nder) \u00fcbermittelt werden. Dabei handelt es sich um L\u00e4nder, die ein angemessenes Schutzniveau gew\u00e4hrleisten k\u00f6nnen.<\/p>\n\n\n\n<p id=\"wd-01c6a631\" class=\"wp-block-wd-paragraph\">KEKSE<br>Bitte beachten Sie die Cookie-Richtlinie, die f\u00fcr die Kommunikationsinformationen gilt, die Sie mit uns verwenden.<\/p>\n\n\n\n<p id=\"wd-6604d379\" class=\"wp-block-wd-paragraph\">RECHTE DER BETROFFENEN PERSON<br>Sie k\u00f6nnen Ihre Einwilligung zur Verarbeitung personenbezogener Daten jederzeit widerrufen. Sie haben das Recht auf Auskunft \u00fcber Ihre personenbezogenen Daten und die von uns \u00fcber Sie erhobenen Daten. Sie haben die M\u00f6glichkeit, Ihre personenbezogenen Daten zu korrigieren, wenn diese nicht korrekt sind, und k\u00f6nnen von uns verlangen, die Verarbeitung Ihrer personenbezogenen Daten einzuschr\u00e4nken oder Sie als Objekt personenbezogener Daten zu l\u00f6schen. Sie haben au\u00dferdem das Recht, die personenbezogenen Daten in einem lesbaren Format zu erhalten.<\/p>\n\n\n\n<p id=\"wd-67508085\" class=\"wp-block-wd-paragraph\">Wenn Sie Ihr Abonnement f\u00fcr Marketingkommunikationszwecke \u00e4ndern oder beenden m\u00f6chten, teilen Sie uns dies bitte mit.<\/p>\n\n\n\n<p id=\"wd-e8eac5bb\" class=\"wp-block-wd-paragraph\">Unsere Kontaktinformationen finden Sie oben unter \u201eSo erreichen Sie uns\u201c.<\/p>\n\n\n\n<p id=\"wd-2c7a88d8\" class=\"wp-block-wd-paragraph\">Sie k\u00f6nnen auch eine Beschwerde bei einer zust\u00e4ndigen Datenschutzbeh\u00f6rde einreichen.<\/p>\n\n\n\n<p id=\"wd-dcb4740d\" class=\"wp-block-wd-paragraph\">WIE SCH\u00dcTZEN WIR INFORMATIONEN?<br>Der Schutz Ihrer personenbezogenen Daten ist uns ein gro\u00dfes Anliegen und wir setzen standardm\u00e4\u00dfige Sicherheitsma\u00dfnahmen ein, um deren Schutz zu gew\u00e4hrleisten. Wir wenden branchen\u00fcbliche Sicherheitsma\u00dfnahmen an, um einen angemessenen Schutz Ihrer Daten zu gew\u00e4hrleisten.<\/p>\n\n\n\n<p id=\"wd-04945a72\" class=\"wp-block-wd-paragraph\">DRITTE<br>Unsere Websites k\u00f6nnen Links zu anderen Websites enthalten, die au\u00dferhalb unserer Kontrolle liegen und nicht unter diese Datenschutzrichtlinie fallen. Wenn Sie \u00fcber die bereitgestellten Links auf andere Websites zugreifen, erfassen die Betreiber dieser Websites m\u00f6glicherweise Informationen von Ihnen. Diese werden von ihnen gem\u00e4\u00df ihrer Datenschutzrichtlinie verwendet, die von unserer Datenschutzrichtlinie abweichen kann.<\/p>\n\n\n\n<p id=\"wd-ab18c974\" class=\"wp-block-wd-paragraph\">FRAGEN?<br>Wir freuen uns \u00fcber Ihr Interesse oder Ihre Erfahrungen als RECCO-Nutzer und -Kunde und freuen uns \u00fcber Ihre Fragen, Kommentare und Bedenken zu Ihrer Privatsph\u00e4re. Bei Fragen kontaktieren Sie uns bitte.<\/p>\n\n\n\n<p id=\"wd-4fc4741f\" class=\"wp-block-wd-paragraph\">Letzte Aktualisierung: 17. Juli 2019<\/p>","protected":false},"excerpt":{"rendered":"","protected":false},"author":6,"featured_media":0,"parent":0,"menu_order":0,"comment_status":"closed","ping_status":"closed","template":"elementor_header_footer","meta":{"footnotes":""},"class_list":["post-15817","page","type-page","status-publish","hentry"],"yoast_head":"<!-- This site is optimized with the Yoast SEO plugin v26.9 - https:\/\/yoast.com\/product\/yoast-seo-wordpress\/ -->\n<title>Privacy Policy - RECCO<\/title>\n<meta name=\"robots\" content=\"index, follow, max-snippet:-1, max-image-preview:large, max-video-preview:-1\" \/>\n<link rel=\"canonical\" href=\"https:\/\/recco.com\/shop\/de\/datenschutzrichtlinie\/\" \/>\n<meta property=\"og:locale\" content=\"de_DE\" \/>\n<meta property=\"og:type\" content=\"article\" \/>\n<meta property=\"og:title\" content=\"Privacy Policy - RECCO\" \/>\n<meta property=\"og:url\" content=\"https:\/\/recco.com\/shop\/de\/datenschutzrichtlinie\/\" \/>\n<meta property=\"og:site_name\" content=\"RECCO\" \/>\n<meta property=\"article:modified_time\" content=\"2025-12-29T15:53:19+00:00\" \/>\n<meta name=\"twitter:card\" content=\"summary_large_image\" \/>\n<meta name=\"twitter:label1\" content=\"Gesch\u00e4tzte Lesezeit\" \/>\n\t<meta name=\"twitter:data1\" content=\"5\u00a0Minuten\" \/>\n<script type=\"application\/ld+json\" class=\"yoast-schema-graph\">{\"@context\":\"https:\/\/schema.org\",\"@graph\":[{\"@type\":\"WebPage\",\"@id\":\"https:\/\/recco.com\/shop\/privacy-policy\/\",\"url\":\"https:\/\/recco.com\/shop\/privacy-policy\/\",\"name\":\"Privacy Policy - RECCO\",\"isPartOf\":{\"@id\":\"https:\/\/recco.com\/shop\/#website\"},\"datePublished\":\"2024-01-12T10:23:50+00:00\",\"dateModified\":\"2025-12-29T15:53:19+00:00\",\"breadcrumb\":{\"@id\":\"https:\/\/recco.com\/shop\/privacy-policy\/#breadcrumb\"},\"inLanguage\":\"de\",\"potentialAction\":[{\"@type\":\"ReadAction\",\"target\":[\"https:\/\/recco.com\/shop\/privacy-policy\/\"]}]},{\"@type\":\"BreadcrumbList\",\"@id\":\"https:\/\/recco.com\/shop\/privacy-policy\/#breadcrumb\",\"itemListElement\":[{\"@type\":\"ListItem\",\"position\":1,\"name\":\"Home\",\"item\":\"https:\/\/recco.com\/shop\/\"},{\"@type\":\"ListItem\",\"position\":2,\"name\":\"Privacy Policy\"}]},{\"@type\":\"WebSite\",\"@id\":\"https:\/\/recco.com\/shop\/#website\",\"url\":\"https:\/\/recco.com\/shop\/\",\"name\":\"RECCO\",\"description\":\"\",\"potentialAction\":[{\"@type\":\"SearchAction\",\"target\":{\"@type\":\"EntryPoint\",\"urlTemplate\":\"https:\/\/recco.com\/shop\/?s={search_term_string}\"},\"query-input\":{\"@type\":\"PropertyValueSpecification\",\"valueRequired\":true,\"valueName\":\"search_term_string\"}}],\"inLanguage\":\"de\"}]}<\/script>\n<!-- \/ Yoast SEO plugin. -->","yoast_head_json":{"title":"Datenschutzrichtlinie - RECCO","robots":{"index":"index","follow":"follow","max-snippet":"max-snippet:-1","max-image-preview":"max-image-preview:large","max-video-preview":"max-video-preview:-1"},"canonical":"https:\/\/recco.com\/shop\/de\/datenschutzrichtlinie\/","og_locale":"de_DE","og_type":"article","og_title":"Privacy Policy - RECCO","og_url":"https:\/\/recco.com\/shop\/de\/datenschutzrichtlinie\/","og_site_name":"RECCO","article_modified_time":"2025-12-29T15:53:19+00:00","twitter_card":"summary_large_image","twitter_misc":{"Gesch\u00e4tzte Lesezeit":"5\u00a0Minuten"},"schema":{"@context":"https:\/\/schema.org","@graph":[{"@type":"WebPage","@id":"https:\/\/recco.com\/shop\/privacy-policy\/","url":"https:\/\/recco.com\/shop\/privacy-policy\/","name":"Datenschutzrichtlinie - RECCO","isPartOf":{"@id":"https:\/\/recco.com\/shop\/#website"},"datePublished":"2024-01-12T10:23:50+00:00","dateModified":"2025-12-29T15:53:19+00:00","breadcrumb":{"@id":"https:\/\/recco.com\/shop\/privacy-policy\/#breadcrumb"},"inLanguage":"de","potentialAction":[{"@type":"ReadAction","target":["https:\/\/recco.com\/shop\/privacy-policy\/"]}]},{"@type":"BreadcrumbList","@id":"https:\/\/recco.com\/shop\/privacy-policy\/#breadcrumb","itemListElement":[{"@type":"ListItem","position":1,"name":"Home","item":"https:\/\/recco.com\/shop\/"},{"@type":"ListItem","position":2,"name":"Privacy Policy"}]},{"@type":"WebSite","@id":"https:\/\/recco.com\/shop\/#website","url":"https:\/\/recco.com\/shop\/","name":"RECCO","description":"","potentialAction":[{"@type":"SearchAction","target":{"@type":"EntryPoint","urlTemplate":"https:\/\/recco.com\/shop\/?s={search_term_string}"},"query-input":{"@type":"PropertyValueSpecification","valueRequired":true,"valueName":"search_term_string"}}],"inLanguage":"de"}]}},"_links":{"self":[{"href":"https:\/\/recco.com\/shop\/de\/wp-json\/wp\/v2\/pages\/15817","targetHints":{"allow":["GET"]}}],"collection":[{"href":"https:\/\/recco.com\/shop\/de\/wp-json\/wp\/v2\/pages"}],"about":[{"href":"https:\/\/recco.com\/shop\/de\/wp-json\/wp\/v2\/types\/page"}],"author":[{"embeddable":true,"href":"https:\/\/recco.com\/shop\/de\/wp-json\/wp\/v2\/users\/6"}],"replies":[{"embeddable":true,"href":"https:\/\/recco.com\/shop\/de\/wp-json\/wp\/v2\/comments?post=15817"}],"version-history":[{"count":1,"href":"https:\/\/recco.com\/shop\/de\/wp-json\/wp\/v2\/pages\/15817\/revisions"}],"predecessor-version":[{"id":22803,"href":"https:\/\/recco.com\/shop\/de\/wp-json\/wp\/v2\/pages\/15817\/revisions\/22803"}],"wp:attachment":[{"href":"https:\/\/recco.com\/shop\/de\/wp-json\/wp\/v2\/media?parent=15817"}],"curies":[{"name":"wp","href":"https:\/\/api.w.org\/{rel}","templated":true}]}}