

{"id":17306,"date":"2024-08-26T13:05:00","date_gmt":"2024-08-26T11:05:00","guid":{"rendered":"https:\/\/recco.com\/shop\/?page_id=17306"},"modified":"2025-10-16T15:29:43","modified_gmt":"2025-10-16T13:29:43","slug":"zahlung-versandinformationen","status":"publish","type":"page","link":"https:\/\/recco.com\/shop\/de\/zahlung-versandinformationen\/","title":{"rendered":"Zahlungs- und Versandinformationen"},"content":{"rendered":"<h1 id=\"wd-7115cab3\" class=\"wp-block-wd-title title\">Zahlungs- und Versandinformationen<\/h1>\n\n\n\n<p id=\"wd-f51341fe\" class=\"wp-block-wd-paragraph\">f\u00fcr den Onlineshop auf recco.com<\/p>\n\n\n\n<p id=\"wd-5e43b705\" class=\"wp-block-wd-paragraph\">betrieben von<\/p>\n\n\n\n<p id=\"wd-34424f38\" class=\"wp-block-wd-paragraph\">RECCO AB<br>Radiov\u00e4gen 3A<br>181 55 Liding\u00f6<br>Schweden<br>E-Mail: <a href=\"mailto:info@recco.com\">info@recco.com<\/a><br>Telefon: +46 8 73159 50<\/p>\n\n\n\n<p id=\"wd-cc524653\" class=\"wp-block-wd-paragraph\">\u2013 nachfolgend \u201eAnbieter\u201c genannt \u2013<\/p>\n\n\n\n<h2 id=\"wd-6039ebf6\" class=\"wp-block-wd-title title\">1. Allgemeine Informationen<\/h2>\n\n\n\n<p id=\"wd-f1163cbc\" class=\"wp-block-wd-paragraph\">Die folgenden Hinweise gelten f\u00fcr alle Bestellungen \u00fcber unseren Online-Shop. Der Versand erfolgt per DHL. Die Lieferzeiten und -kosten variieren je nach Zielland. Alle Preise verstehen sich inklusive der jeweils g\u00fcltigen gesetzlichen Mehrwertsteuer.<\/p>\n\n\n\n<h2 id=\"wd-baa2cbd6\" class=\"wp-block-wd-title title\">2. Versandinformationen<\/h2>\n\n\n\n<h3 id=\"wd-d7ac8fa6\" class=\"wp-block-wd-title title\">2.1 Versand innerhalb Deutschlands<\/h3>\n\n\n\n<ul class=\"wp-block-list\">\n<li>Versandart: DHL Versand<\/li>\n\n\n\n<li>Versandkosten: 2,95 \u20ac<\/li>\n\n\n\n<li>Kostenloser Versand f\u00fcr Bestellungen \u00fcber 65,00 \u20ac<\/li>\n<\/ul>\n\n\n\n<p id=\"wd-a06fc228\" class=\"wp-block-wd-paragraph\">F\u00fcr Bestellungen unter diesem Betrag fallen die Standardversandkosten an. Die Lieferung erfolgt in der Regel 2\u20134 Werktage nach der Auftragsbest\u00e4tigung, sofern beim Bezahlvorgang nichts anderes angegeben ist.<\/p>\n\n\n\n<h3 id=\"wd-1972476f\" class=\"wp-block-wd-title title\">2.2 Versand innerhalb der EU und weiterer verf\u00fcgbarer L\u00e4nder<\/h3>\n\n\n\n<ul class=\"wp-block-list\">\n<li>Versandart: DHL Versand<\/li>\n\n\n\n<li>Versandkosten: 5,95 \u20ac<\/li>\n\n\n\n<li>Kostenloser Versand f\u00fcr Bestellungen \u00fcber 165,00 \u20ac<\/li>\n<\/ul>\n\n\n\n<p id=\"wd-2bd884ed\" class=\"wp-block-wd-paragraph\">Die Lieferzeiten variieren je nach Zielort. Die Standardlieferzeit betr\u00e4gt innerhalb der EU in der Regel 4\u20138 Werktage.<\/p>\n\n\n\n<h3 id=\"wd-8f4a5041\" class=\"wp-block-wd-title title\">2.3 Versandgebiete<\/h3>\n\n\n\n<p id=\"wd-aa854387\" class=\"wp-block-wd-paragraph\">Wir versenden derzeit in die folgenden L\u00e4nder:<\/p>\n\n\n\n<p id=\"wd-54d53cbc\" class=\"wp-block-wd-paragraph\">Albanien, Andorra, \u00d6sterreich, Belgien, Kroatien, Tschechische Republik, D\u00e4nemark, Estland, Finnland, Frankreich, Deutschland, Griechenland, Ungarn, Island, Irland, Italien, Litauen, Luxemburg, Malta, Niederlande, Norwegen, Polen, Rum\u00e4nien, Serbien, Slowakei, Slowenien, Schweden, Schweiz und Vereinigtes K\u00f6nigreich (UK). Wir versenden auch nach Neuseeland.<\/p>\n\n\n\n<p id=\"wd-0d3f93b4\" class=\"wp-block-wd-paragraph\">Lieferungen in oben nicht aufgef\u00fchrte L\u00e4nder sind derzeit nicht m\u00f6glich.<\/p>\n\n\n\n<h2 id=\"wd-2e2d8a91\" class=\"wp-block-wd-title title\">3. Zahlungsinformationen<\/h2>\n\n\n\n<p id=\"wd-e8433eb7\" class=\"wp-block-wd-paragraph\">Sie k\u00f6nnen beim Bezahlvorgang zwischen folgenden sicheren Zahlungsmethoden w\u00e4hlen:<\/p>\n\n\n\n<ul class=\"wp-block-list\">\n<li><strong>PayPal<\/strong> \u2013 Bezahlen Sie einfach und sicher mit Ihrem PayPal-Konto.<\/li>\n\n\n\n<li><strong>Google Pay<\/strong> \u2013 Bequemes Bezahlen per Google Pay.<\/li>\n\n\n\n<li><strong>Apple Pay<\/strong> \u2013 Schnelles und sicheres Bezahlen mit Apple Pay.<\/li>\n\n\n\n<li><strong>Kredit-\/Debitkarte<\/strong> \u2013 Wir akzeptieren g\u00e4ngige Kredit- und Debitkarten (Visa, Mastercard, American Express).<\/li>\n\n\n\n<li><strong>Klarna<\/strong> \u2013 Bezahlen Sie jetzt oder sp\u00e4ter mit Klarna, je nach den in Ihrem Land verf\u00fcgbaren Optionen.<\/li>\n\n\n\n<li><strong>EPS<\/strong> \u2013 Verf\u00fcgbar f\u00fcr Kunden in \u00d6sterreich und erm\u00f6glicht sichere Bank\u00fcberweisungen.<\/li>\n\n\n\n<li><strong>Ideal<\/strong> \u2013 Verf\u00fcgbar f\u00fcr Kunden in den Niederlanden f\u00fcr sichere Online-Banking-Zahlungen.<\/li>\n\n\n\n<li><strong>Sofort<\/strong> \u2013 Sichere Option f\u00fcr sofortige Bank\u00fcberweisung verf\u00fcgbar f\u00fcr Kunden in \u00d6sterreich, Belgien, Deutschland, Italien, den Niederlanden und Spanien.<\/li>\n<\/ul>\n\n\n\n<p id=\"wd-574a99d0\" class=\"wp-block-wd-paragraph\">Alle Zahlungen werden sicher \u00fcber die jeweiligen Dienstleister abgewickelt. Die f\u00fcr Ihr Land verf\u00fcgbaren Zahlungsmethoden werden Ihnen im Bestellvorgang angezeigt.<\/p>\n\n\n\n<p id=\"wd-dafda16c\" class=\"wp-block-wd-paragraph\">Letzte Aktualisierung: Oktober 2025<\/p>","protected":false},"excerpt":{"rendered":"","protected":false},"author":6,"featured_media":0,"parent":0,"menu_order":0,"comment_status":"closed","ping_status":"closed","template":"","meta":{"footnotes":""},"class_list":["post-17306","page","type-page","status-publish","hentry"],"yoast_head":"<!-- This site is optimized with the Yoast SEO plugin v26.9 - https:\/\/yoast.com\/product\/yoast-seo-wordpress\/ -->\n<title>Payment &amp; Shipping Information - RECCO<\/title>\n<meta name=\"robots\" content=\"index, follow, max-snippet:-1, max-image-preview:large, max-video-preview:-1\" \/>\n<link rel=\"canonical\" href=\"https:\/\/recco.com\/shop\/de\/zahlung-versandinformationen\/\" \/>\n<meta property=\"og:locale\" content=\"de_DE\" \/>\n<meta property=\"og:type\" content=\"article\" \/>\n<meta property=\"og:title\" content=\"Payment &amp; Shipping Information - RECCO\" \/>\n<meta property=\"og:url\" content=\"https:\/\/recco.com\/shop\/de\/zahlung-versandinformationen\/\" \/>\n<meta property=\"og:site_name\" content=\"RECCO\" \/>\n<meta property=\"article:modified_time\" content=\"2025-10-16T13:29:43+00:00\" \/>\n<meta name=\"twitter:card\" content=\"summary_large_image\" \/>\n<meta name=\"twitter:label1\" content=\"Gesch\u00e4tzte Lesezeit\" \/>\n\t<meta name=\"twitter:data1\" content=\"2\u00a0Minuten\" \/>\n<script type=\"application\/ld+json\" class=\"yoast-schema-graph\">{\"@context\":\"https:\/\/schema.org\",\"@graph\":[{\"@type\":\"WebPage\",\"@id\":\"https:\/\/recco.com\/shop\/payment-shipping-information\/\",\"url\":\"https:\/\/recco.com\/shop\/payment-shipping-information\/\",\"name\":\"Payment &amp; Shipping Information - RECCO\",\"isPartOf\":{\"@id\":\"https:\/\/recco.com\/shop\/#website\"},\"datePublished\":\"2024-08-26T11:05:00+00:00\",\"dateModified\":\"2025-10-16T13:29:43+00:00\",\"breadcrumb\":{\"@id\":\"https:\/\/recco.com\/shop\/payment-shipping-information\/#breadcrumb\"},\"inLanguage\":\"de\",\"potentialAction\":[{\"@type\":\"ReadAction\",\"target\":[\"https:\/\/recco.com\/shop\/payment-shipping-information\/\"]}]},{\"@type\":\"BreadcrumbList\",\"@id\":\"https:\/\/recco.com\/shop\/payment-shipping-information\/#breadcrumb\",\"itemListElement\":[{\"@type\":\"ListItem\",\"position\":1,\"name\":\"Home\",\"item\":\"https:\/\/recco.com\/shop\/\"},{\"@type\":\"ListItem\",\"position\":2,\"name\":\"Payment &amp; Shipping Information\"}]},{\"@type\":\"WebSite\",\"@id\":\"https:\/\/recco.com\/shop\/#website\",\"url\":\"https:\/\/recco.com\/shop\/\",\"name\":\"RECCO\",\"description\":\"\",\"potentialAction\":[{\"@type\":\"SearchAction\",\"target\":{\"@type\":\"EntryPoint\",\"urlTemplate\":\"https:\/\/recco.com\/shop\/?s={search_term_string}\"},\"query-input\":{\"@type\":\"PropertyValueSpecification\",\"valueRequired\":true,\"valueName\":\"search_term_string\"}}],\"inLanguage\":\"de\"}]}<\/script>\n<!-- \/ Yoast SEO plugin. -->","yoast_head_json":{"title":"Zahlungs- und Versandinformationen - RECCO","robots":{"index":"index","follow":"follow","max-snippet":"max-snippet:-1","max-image-preview":"max-image-preview:large","max-video-preview":"max-video-preview:-1"},"canonical":"https:\/\/recco.com\/shop\/de\/zahlung-versandinformationen\/","og_locale":"de_DE","og_type":"article","og_title":"Payment &amp; Shipping Information - RECCO","og_url":"https:\/\/recco.com\/shop\/de\/zahlung-versandinformationen\/","og_site_name":"RECCO","article_modified_time":"2025-10-16T13:29:43+00:00","twitter_card":"summary_large_image","twitter_misc":{"Gesch\u00e4tzte Lesezeit":"2\u00a0Minuten"},"schema":{"@context":"https:\/\/schema.org","@graph":[{"@type":"WebPage","@id":"https:\/\/recco.com\/shop\/payment-shipping-information\/","url":"https:\/\/recco.com\/shop\/payment-shipping-information\/","name":"Zahlungs- und Versandinformationen - RECCO","isPartOf":{"@id":"https:\/\/recco.com\/shop\/#website"},"datePublished":"2024-08-26T11:05:00+00:00","dateModified":"2025-10-16T13:29:43+00:00","breadcrumb":{"@id":"https:\/\/recco.com\/shop\/payment-shipping-information\/#breadcrumb"},"inLanguage":"de","potentialAction":[{"@type":"ReadAction","target":["https:\/\/recco.com\/shop\/payment-shipping-information\/"]}]},{"@type":"BreadcrumbList","@id":"https:\/\/recco.com\/shop\/payment-shipping-information\/#breadcrumb","itemListElement":[{"@type":"ListItem","position":1,"name":"Home","item":"https:\/\/recco.com\/shop\/"},{"@type":"ListItem","position":2,"name":"Payment &amp; Shipping Information"}]},{"@type":"WebSite","@id":"https:\/\/recco.com\/shop\/#website","url":"https:\/\/recco.com\/shop\/","name":"RECCO","description":"","potentialAction":[{"@type":"SearchAction","target":{"@type":"EntryPoint","urlTemplate":"https:\/\/recco.com\/shop\/?s={search_term_string}"},"query-input":{"@type":"PropertyValueSpecification","valueRequired":true,"valueName":"search_term_string"}}],"inLanguage":"de"}]}},"_links":{"self":[{"href":"https:\/\/recco.com\/shop\/de\/wp-json\/wp\/v2\/pages\/17306","targetHints":{"allow":["GET"]}}],"collection":[{"href":"https:\/\/recco.com\/shop\/de\/wp-json\/wp\/v2\/pages"}],"about":[{"href":"https:\/\/recco.com\/shop\/de\/wp-json\/wp\/v2\/types\/page"}],"author":[{"embeddable":true,"href":"https:\/\/recco.com\/shop\/de\/wp-json\/wp\/v2\/users\/6"}],"replies":[{"embeddable":true,"href":"https:\/\/recco.com\/shop\/de\/wp-json\/wp\/v2\/comments?post=17306"}],"version-history":[{"count":0,"href":"https:\/\/recco.com\/shop\/de\/wp-json\/wp\/v2\/pages\/17306\/revisions"}],"wp:attachment":[{"href":"https:\/\/recco.com\/shop\/de\/wp-json\/wp\/v2\/media?parent=17306"}],"curies":[{"name":"wp","href":"https:\/\/api.w.org\/{rel}","templated":true}]}}