

{"id":15986,"date":"2024-01-15T11:49:00","date_gmt":"2024-01-15T10:49:00","guid":{"rendered":"https:\/\/recco.com\/shop\/product\/recco-reflektor-fur-rucksacke-schwarz-2\/"},"modified":"2026-04-23T19:26:33","modified_gmt":"2026-04-23T17:26:33","slug":"recco-rucksack-rettungsreflektor","status":"publish","type":"product","link":"https:\/\/recco.com\/shop\/de\/produkt\/recco-rucksack-rettungsreflektor\/","title":{"rendered":"RECCO Rucksack-Rettungsreflektor"},"content":{"rendered":"<p>Mit dem RECCO\u00ae-Rucksack-Rettungsreflektor k\u00f6nnen Sie im Falle eines Lawinenunfalls oder wenn Sie sich in der Natur verirren, mithilfe von RECCO\u00ae-Detektoren von Rettungskr\u00e4ften gefunden werden.<\/p>\n<p>Der RECCO\u00ae Backpack Rescue Reflektor wurde speziell f\u00fcr die Anbringung an Tragegurten von Rucks\u00e4cken entwickelt und ist vor allem f\u00fcr den Einsatz im Sommer vorgesehen, um im Falle eines Verlustes per Helikopter geortet zu werden.<\/p>\n<p>HINWEIS: Beim Einsatz des Rucksack-Rettungsreflektors in Lawinengebieten im Winter ist es wichtig, dass der Reflektor nur an Rucks\u00e4cken verwendet wird, die wie ein Lawinenairbag-Rucksack mit einer Beinschlaufe gesichert sind, da ein sich l\u00f6sender Rucksack mit Reflektor in einer Lawine zu einem Fehlsignal f\u00fchren kann.<\/p>\n<p>Rettungsreflektor nur am Rucksackgriff anbringen!<\/p>","protected":false},"excerpt":{"rendered":"<p>Der Reflektor l\u00e4sst sich leicht an deinem Rucksack befestigen. So bist du f\u00fcr Rettungskr\u00e4fte lokalisierbar, wenn du im freien Gel\u00e4nde unterwegs bist.<\/p>","protected":false},"featured_media":19452,"template":"","meta":[],"product_brand":[],"product_cat":[95,91],"product_tag":[],"class_list":{"0":"post-15986","1":"product","2":"type-product","3":"status-publish","4":"has-post-thumbnail","6":"product_cat-backpackreflectors","7":"product_cat-reflectors","9":"first","10":"instock","11":"taxable","12":"shipping-taxable","13":"purchasable","14":"product-type-variable"},"yoast_head":"<!-- This site is optimized with the Yoast SEO plugin v26.9 - https:\/\/yoast.com\/product\/yoast-seo-wordpress\/ -->\n<title>RECCO\u00ae Backpack Rescue Reflector - RECCO<\/title>\n<meta name=\"robots\" content=\"index, follow, max-snippet:-1, max-image-preview:large, max-video-preview:-1\" \/>\n<link rel=\"canonical\" href=\"https:\/\/recco.com\/shop\/de\/produkt\/recco-rucksack-rettungsreflektor\/\" \/>\n<meta property=\"og:locale\" content=\"de_DE\" \/>\n<meta property=\"og:type\" content=\"article\" \/>\n<meta property=\"og:title\" content=\"RECCO\u00ae Backpack Rescue Reflector - RECCO\" \/>\n<meta property=\"og:description\" content=\"Easily attaches to your backpack, keeping you searchable to rescuers when you\u2019re adventuring in the outdoors.\" \/>\n<meta property=\"og:url\" content=\"https:\/\/recco.com\/shop\/de\/produkt\/recco-rucksack-rettungsreflektor\/\" \/>\n<meta property=\"og:site_name\" content=\"RECCO\" \/>\n<meta property=\"article:modified_time\" content=\"2026-04-23T17:26:33+00:00\" \/>\n<meta property=\"og:image\" content=\"https:\/\/recco.com\/shop\/wp-content\/uploads\/2025\/06\/backpack_black_front_masked.png\" \/>\n\t<meta property=\"og:image:width\" content=\"1920\" \/>\n\t<meta property=\"og:image:height\" content=\"1920\" \/>\n\t<meta property=\"og:image:type\" content=\"image\/png\" \/>\n<meta name=\"twitter:card\" content=\"summary_large_image\" \/>\n<meta name=\"twitter:label1\" content=\"Gesch\u00e4tzte Lesezeit\" \/>\n\t<meta name=\"twitter:data1\" content=\"1\u00a0Minute\" \/>\n<script type=\"application\/ld+json\" class=\"yoast-schema-graph\">{\"@context\":\"https:\/\/schema.org\",\"@graph\":[{\"@type\":\"WebPage\",\"@id\":\"https:\/\/recco.com\/shop\/product\/recco-backpack-rescue-reflector\/\",\"url\":\"https:\/\/recco.com\/shop\/product\/recco-backpack-rescue-reflector\/\",\"name\":\"RECCO\u00ae Backpack Rescue Reflector - RECCO\",\"isPartOf\":{\"@id\":\"https:\/\/recco.com\/shop\/#website\"},\"primaryImageOfPage\":{\"@id\":\"https:\/\/recco.com\/shop\/product\/recco-backpack-rescue-reflector\/#primaryimage\"},\"image\":{\"@id\":\"https:\/\/recco.com\/shop\/product\/recco-backpack-rescue-reflector\/#primaryimage\"},\"thumbnailUrl\":\"https:\/\/recco.com\/shop\/wp-content\/uploads\/2025\/06\/backpack_black_front_masked.png\",\"datePublished\":\"2024-01-15T10:49:00+00:00\",\"dateModified\":\"2026-04-23T17:26:33+00:00\",\"breadcrumb\":{\"@id\":\"https:\/\/recco.com\/shop\/product\/recco-backpack-rescue-reflector\/#breadcrumb\"},\"inLanguage\":\"de\",\"potentialAction\":[{\"@type\":\"ReadAction\",\"target\":[\"https:\/\/recco.com\/shop\/product\/recco-backpack-rescue-reflector\/\"]}]},{\"@type\":\"ImageObject\",\"inLanguage\":\"de\",\"@id\":\"https:\/\/recco.com\/shop\/product\/recco-backpack-rescue-reflector\/#primaryimage\",\"url\":\"https:\/\/recco.com\/shop\/wp-content\/uploads\/2025\/06\/backpack_black_front_masked.png\",\"contentUrl\":\"https:\/\/recco.com\/shop\/wp-content\/uploads\/2025\/06\/backpack_black_front_masked.png\",\"width\":1920,\"height\":1920},{\"@type\":\"BreadcrumbList\",\"@id\":\"https:\/\/recco.com\/shop\/product\/recco-backpack-rescue-reflector\/#breadcrumb\",\"itemListElement\":[{\"@type\":\"ListItem\",\"position\":1,\"name\":\"Home\",\"item\":\"https:\/\/recco.com\/shop\/\"},{\"@type\":\"ListItem\",\"position\":2,\"name\":\"Shop\",\"item\":\"https:\/\/recco.com\/shop\/the-shop\/\"},{\"@type\":\"ListItem\",\"position\":3,\"name\":\"RECCO\u00ae Backpack Rescue Reflector\"}]},{\"@type\":\"WebSite\",\"@id\":\"https:\/\/recco.com\/shop\/#website\",\"url\":\"https:\/\/recco.com\/shop\/\",\"name\":\"RECCO\",\"description\":\"\",\"potentialAction\":[{\"@type\":\"SearchAction\",\"target\":{\"@type\":\"EntryPoint\",\"urlTemplate\":\"https:\/\/recco.com\/shop\/?s={search_term_string}\"},\"query-input\":{\"@type\":\"PropertyValueSpecification\",\"valueRequired\":true,\"valueName\":\"search_term_string\"}}],\"inLanguage\":\"de\"}]}<\/script>\n<!-- \/ Yoast SEO plugin. -->","yoast_head_json":{"title":"RECCO\u00ae Rucksack-Rettungsreflektor - RECCO","robots":{"index":"index","follow":"follow","max-snippet":"max-snippet:-1","max-image-preview":"max-image-preview:large","max-video-preview":"max-video-preview:-1"},"canonical":"https:\/\/recco.com\/shop\/de\/produkt\/recco-rucksack-rettungsreflektor\/","og_locale":"de_DE","og_type":"article","og_title":"RECCO\u00ae Backpack Rescue Reflector - RECCO","og_description":"Easily attaches to your backpack, keeping you searchable to rescuers when you\u2019re adventuring in the outdoors.","og_url":"https:\/\/recco.com\/shop\/de\/produkt\/recco-rucksack-rettungsreflektor\/","og_site_name":"RECCO","article_modified_time":"2026-04-23T17:26:33+00:00","og_image":[{"width":1920,"height":1920,"url":"https:\/\/recco.com\/shop\/wp-content\/uploads\/2025\/06\/backpack_black_front_masked.png","type":"image\/png"}],"twitter_card":"summary_large_image","twitter_misc":{"Gesch\u00e4tzte Lesezeit":"1\u00a0Minute"},"schema":{"@context":"https:\/\/schema.org","@graph":[{"@type":"WebPage","@id":"https:\/\/recco.com\/shop\/product\/recco-backpack-rescue-reflector\/","url":"https:\/\/recco.com\/shop\/product\/recco-backpack-rescue-reflector\/","name":"RECCO\u00ae Rucksack-Rettungsreflektor - RECCO","isPartOf":{"@id":"https:\/\/recco.com\/shop\/#website"},"primaryImageOfPage":{"@id":"https:\/\/recco.com\/shop\/product\/recco-backpack-rescue-reflector\/#primaryimage"},"image":{"@id":"https:\/\/recco.com\/shop\/product\/recco-backpack-rescue-reflector\/#primaryimage"},"thumbnailUrl":"https:\/\/recco.com\/shop\/wp-content\/uploads\/2025\/06\/backpack_black_front_masked.png","datePublished":"2024-01-15T10:49:00+00:00","dateModified":"2026-04-23T17:26:33+00:00","breadcrumb":{"@id":"https:\/\/recco.com\/shop\/product\/recco-backpack-rescue-reflector\/#breadcrumb"},"inLanguage":"de","potentialAction":[{"@type":"ReadAction","target":["https:\/\/recco.com\/shop\/product\/recco-backpack-rescue-reflector\/"]}]},{"@type":"ImageObject","inLanguage":"de","@id":"https:\/\/recco.com\/shop\/product\/recco-backpack-rescue-reflector\/#primaryimage","url":"https:\/\/recco.com\/shop\/wp-content\/uploads\/2025\/06\/backpack_black_front_masked.png","contentUrl":"https:\/\/recco.com\/shop\/wp-content\/uploads\/2025\/06\/backpack_black_front_masked.png","width":1920,"height":1920},{"@type":"BreadcrumbList","@id":"https:\/\/recco.com\/shop\/product\/recco-backpack-rescue-reflector\/#breadcrumb","itemListElement":[{"@type":"ListItem","position":1,"name":"Home","item":"https:\/\/recco.com\/shop\/"},{"@type":"ListItem","position":2,"name":"Shop","item":"https:\/\/recco.com\/shop\/the-shop\/"},{"@type":"ListItem","position":3,"name":"RECCO\u00ae Backpack Rescue Reflector"}]},{"@type":"WebSite","@id":"https:\/\/recco.com\/shop\/#website","url":"https:\/\/recco.com\/shop\/","name":"RECCO","description":"","potentialAction":[{"@type":"SearchAction","target":{"@type":"EntryPoint","urlTemplate":"https:\/\/recco.com\/shop\/?s={search_term_string}"},"query-input":{"@type":"PropertyValueSpecification","valueRequired":true,"valueName":"search_term_string"}}],"inLanguage":"de"}]}},"_links":{"self":[{"href":"https:\/\/recco.com\/shop\/de\/wp-json\/wp\/v2\/product\/15986","targetHints":{"allow":["GET"]}}],"collection":[{"href":"https:\/\/recco.com\/shop\/de\/wp-json\/wp\/v2\/product"}],"about":[{"href":"https:\/\/recco.com\/shop\/de\/wp-json\/wp\/v2\/types\/product"}],"version-history":[{"count":4,"href":"https:\/\/recco.com\/shop\/de\/wp-json\/wp\/v2\/product\/15986\/revisions"}],"predecessor-version":[{"id":28786,"href":"https:\/\/recco.com\/shop\/de\/wp-json\/wp\/v2\/product\/15986\/revisions\/28786"}],"wp:featuredmedia":[{"embeddable":true,"href":"https:\/\/recco.com\/shop\/de\/wp-json\/wp\/v2\/media\/19452"}],"wp:attachment":[{"href":"https:\/\/recco.com\/shop\/de\/wp-json\/wp\/v2\/media?parent=15986"}],"wp:term":[{"taxonomy":"product_brand","embeddable":true,"href":"https:\/\/recco.com\/shop\/de\/wp-json\/wp\/v2\/product_brand?post=15986"},{"taxonomy":"product_cat","embeddable":true,"href":"https:\/\/recco.com\/shop\/de\/wp-json\/wp\/v2\/product_cat?post=15986"},{"taxonomy":"product_tag","embeddable":true,"href":"https:\/\/recco.com\/shop\/de\/wp-json\/wp\/v2\/product_tag?post=15986"}],"curies":[{"name":"wp","href":"https:\/\/api.w.org\/{rel}","templated":true}]}}