

{"id":15651,"date":"2024-01-10T12:35:17","date_gmt":"2024-01-10T10:35:17","guid":{"rendered":"https:\/\/recco.com\/shop\/?page_id=15651"},"modified":"2025-12-29T16:53:37","modified_gmt":"2025-12-29T15:53:37","slug":"condiciones-de-uso","status":"publish","type":"page","link":"https:\/\/recco.com\/shop\/es\/condiciones-de-uso\/","title":{"rendered":"Condiciones de uso"},"content":{"rendered":"<h1 id=\"wd-8d599b86\" class=\"wp-block-wd-title title\">T\u00e9rminos y condiciones generales<\/h1>\n\n\n\n<p id=\"wd-a65dbb0f\" class=\"wp-block-wd-paragraph\">para la tienda online en recco.com<\/p>\n\n\n\n<p id=\"wd-e9a4460a\" class=\"wp-block-wd-paragraph\">operado por<\/p>\n\n\n\n<p id=\"wd-56a4a5ef\" class=\"wp-block-wd-paragraph\">RECCO AB<br>Radiov\u00e4gen 3A<br>181 55 Liding\u00f6<br>Suecia<br>Correo electr\u00f3nico: <a href=\"mailto:info@recco.com\">contact-shop@recco.com<\/a><br>N\u00famero de tel\u00e9fono: +46 8 73159 50<\/p>\n\n\n\n<p id=\"wd-b93b5c90\" class=\"wp-block-wd-paragraph\">\u2013 en adelante denominado \u201cProveedor\u201d \u2013<\/p>\n\n\n\n<h2 id=\"wd-6d308ec1\" class=\"wp-block-wd-title title\">1. Alcance<\/h2>\n\n\n\n<p id=\"wd-576ddc78\" class=\"wp-block-wd-paragraph\">Las presentes Condiciones Generales (CGV) se aplican, una vez incorporadas, a todos los contratos celebrados para la compra de bienes, servicios u otros art\u00edculos (en adelante, \u00abBienes\u00bb) a trav\u00e9s de la tienda online de la URL mencionada anteriormente, en la versi\u00f3n vigente en el momento de la celebraci\u00f3n del contrato. Estas CGV se aplican exclusivamente. Las condiciones divergentes del cliente no formar\u00e1n parte del contrato a menos que el Proveedor las acepte expresamente.<\/p>\n\n\n\n<h2 id=\"wd-e08f15c4\" class=\"wp-block-wd-title title\">2. Celebraci\u00f3n del contrato<\/h2>\n\n\n\n<p id=\"wd-a078c64a\" class=\"wp-block-wd-paragraph\">2.1 Las ofertas en la tienda online constituyen una invitaci\u00f3n no vinculante por parte del Proveedor a los visitantes de la tienda online para presentar una oferta para comprar los productos ofrecidos en la tienda.<\/p>\n\n\n\n<p id=\"wd-f2c4e0cb\" class=\"wp-block-wd-paragraph\">2.2 El pedido de los productos se realiza a trav\u00e9s del formulario de pedido en l\u00ednea del Proveedor. Tras seleccionar los productos deseados, introducir toda la informaci\u00f3n necesaria y completar todos los pasos obligatorios del proceso de pedido, podr\u00e1 pedir los productos seleccionados haciendo clic en el bot\u00f3n de pedido al final de la p\u00e1gina de pago (&quot;Pedido&quot;). Al realizar el pedido, el cliente presenta una oferta contractual vinculante para la compra de los productos seleccionados. El contrato se perfecciona cuando el Proveedor acepta la oferta del cliente. La aceptaci\u00f3n se produce cuando el Proveedor confirma la celebraci\u00f3n del contrato por escrito o en formato de texto (p. ej., por correo electr\u00f3nico) y el cliente recibe dicha confirmaci\u00f3n, o cuando el Proveedor entrega los productos pedidos y el cliente los recibe, o cuando el Proveedor solicita el pago (p. ej., mediante factura o tarjeta de cr\u00e9dito durante el proceso de pago) y el cliente recibe la solicitud de pago; el momento en que se produzca una de estas alternativas ser\u00e1 decisivo para la celebraci\u00f3n del contrato.<\/p>\n\n\n\n<p id=\"wd-ae4cd130\" class=\"wp-block-wd-paragraph\">2.3 Antes de enviar el pedido vinculante a trav\u00e9s del formulario de pedido en l\u00ednea del Proveedor, el cliente puede revisar y corregir sus datos en cualquier momento utilizando el teclado, el rat\u00f3n, la pantalla t\u00e1ctil u otros m\u00e9todos de entrada disponibles. Adem\u00e1s, todos los datos se muestran de nuevo en una ventana de confirmaci\u00f3n antes de enviar el pedido vinculante, donde tambi\u00e9n pueden corregirse utilizando los m\u00e9todos de entrada habituales.<\/p>\n\n\n\n<p id=\"wd-aae238c9\" class=\"wp-block-wd-paragraph\">2.4 El Proveedor almacenar\u00e1 el texto del contrato tras su formalizaci\u00f3n y lo transmitir\u00e1 al cliente en formato de texto (por ejemplo, por correo electr\u00f3nico). Posteriormente, el Proveedor no lo pondr\u00e1 a disposici\u00f3n del cliente. Si la compra se realiza a trav\u00e9s de una cuenta de cliente en la tienda online, el cliente podr\u00e1 consultar all\u00ed sus pedidos y los datos asociados.<\/p>\n\n\n\n<p id=\"wd-846ba6dc\" class=\"wp-block-wd-paragraph\">2.5 Los siguientes idiomas est\u00e1n disponibles para la celebraci\u00f3n del contrato: ingl\u00e9s, alem\u00e1n, franc\u00e9s, espa\u00f1ol.<\/p>\n\n\n\n<h2 id=\"wd-aea6c5b1\" class=\"wp-block-wd-title title\">3. Derecho de desistimiento de los consumidores<\/h2>\n\n\n\n<p id=\"wd-f8353443\" class=\"wp-block-wd-paragraph\">Los consumidores generalmente tienen derecho de desistimiento en el caso de contratos celebrados fuera de establecimientos comerciales y en operaciones de venta a distancia. Se considera consumidor a toda persona f\u00edsica que celebra un negocio jur\u00eddico con fines predominantemente ajenos a su actividad comercial, negocio o profesi\u00f3n. Puede encontrar m\u00e1s informaci\u00f3n en la pol\u00edtica de cancelaci\u00f3n que se entrega a cada consumidor a m\u00e1s tardar inmediatamente antes de la celebraci\u00f3n del contrato.<\/p>\n\n\n\n<h2 id=\"wd-903bf892\" class=\"wp-block-wd-title title\">4. Pago, Incumplimiento<\/h2>\n\n\n\n<p id=\"wd-074ea0d0\" class=\"wp-block-wd-paragraph\">4.1 Se aplican los precios indicados en la tienda online al realizar el pedido. Todos los precios incluyen el IVA legal y, si corresponde, los gastos de env\u00edo indicados. El cliente ser\u00e1 informado en la tienda online del Proveedor sobre las opciones de pago disponibles.<\/p>\n\n\n\n<p id=\"wd-d016b04b\" class=\"wp-block-wd-paragraph\">4.2 Si se acuerda un \u201cpago por adelantado\u201d, el precio de compra deber\u00e1 pagarse inmediatamente despu\u00e9s de la celebraci\u00f3n del contrato.<\/p>\n\n\n\n<p id=\"wd-7437bd9e\" class=\"wp-block-wd-paragraph\">4.3 Si se acuerda el pago mediante PayPal, el precio de compra deber\u00e1 abonarse inmediatamente tras la formalizaci\u00f3n del contrato. El pago se realiza a trav\u00e9s del proveedor de servicios de pago PayPal (Europe) S.\u00e0 rl et Cie, SCA, 22-24 Boulevard Royal, L-2449 Luxemburgo.<\/p>\n\n\n\n<p id=\"wd-b0200290\" class=\"wp-block-wd-paragraph\">4.4 Si se acuerda la transferencia bancaria inmediata, el precio de compra deber\u00e1 abonarse inmediatamente tras la formalizaci\u00f3n del contrato. El pago se realiza a trav\u00e9s de Sofort GmbH, Theresienh\u00f6he 12, 80339 M\u00fanich.<\/p>\n\n\n\n<p id=\"wd-09eca70d\" class=\"wp-block-wd-paragraph\">4.9 Si se acuerda Giropay, el precio de compra deber\u00e1 abonarse inmediatamente tras la formalizaci\u00f3n del contrato. El pago se realiza a trav\u00e9s de paydirect GmbH, Stephanstr. 14-16, 60313 Fr\u00e1ncfort del Meno.<\/p>\n\n\n\n<h2 id=\"wd-8338db50\" class=\"wp-block-wd-title title\">5. Reserva de dominio<\/h2>\n\n\n\n<p id=\"wd-33da1203\" class=\"wp-block-wd-paragraph\">Los bienes adquiridos siguen siendo propiedad del proveedor hasta que se haya realizado el pago total del precio de compra.<\/p>\n\n\n\n<h2 id=\"wd-f39f8b61\" class=\"wp-block-wd-title title\">6. Entrega y reserva de autoabastecimiento<\/h2>\n\n\n\n<p id=\"wd-1a7d1132\" class=\"wp-block-wd-paragraph\">6.1 Salvo acuerdo en contrario, la entrega se realizar\u00e1 dentro del plazo indicado en la tienda online a la direcci\u00f3n de entrega proporcionada por el cliente. Los plazos de entrega aplicables se pueden consultar en la tienda online.<\/p>\n\n\n\n<p id=\"wd-e81aaded\" class=\"wp-block-wd-paragraph\">6.2 Queda excluida la recogida por parte del propio cliente de la mercanc\u00eda adquirida.<\/p>\n\n\n\n<p id=\"wd-c02bd6ef\" class=\"wp-block-wd-paragraph\">6.3 Si el Proveedor no puede entregar los bienes solicitados porque no se le suministr\u00f3 sin culpa, a pesar de haber firmado un contrato de cobertura congruente con un proveedor confiable a su debido tiempo, el Proveedor quedar\u00e1 liberado de su obligaci\u00f3n de cumplimiento y podr\u00e1 rescindir el contrato. El Proveedor informar\u00e1 al cliente inmediatamente sobre la imposibilidad de cumplimiento. Cualquier contraprestaci\u00f3n ya pagada por el cliente ser\u00e1 reembolsada inmediatamente. Los derechos obligatorios del consumidor no se ver\u00e1n afectados por este p\u00e1rrafo.<\/p>\n\n\n\n<h2 id=\"wd-95c12c17\" class=\"wp-block-wd-title title\">7. Garant\u00eda<\/h2>\n\n\n\n<p id=\"wd-c7a4bfeb\" class=\"wp-block-wd-paragraph\">Se aplican las disposiciones legales sobre responsabilidad por defectos.<\/p>\n\n\n\n<h2 id=\"wd-da9ea443\" class=\"wp-block-wd-title title\">8. Responsabilidad e indemnizaci\u00f3n<\/h2>\n\n\n\n<p id=\"wd-ef7c18bf\" class=\"wp-block-wd-paragraph\">8.1 El Proveedor es responsable sin limitaci\u00f3n alguna:<\/p>\n\n\n\n<ul class=\"wp-block-list\">\n<li>por da\u00f1os resultantes de lesiones a la vida, al cuerpo o a la salud causados por un incumplimiento intencional o negligente del deber por parte del Proveedor o por un incumplimiento intencional o negligente del deber por parte de un representante legal o agente indirecto del Proveedor;<\/li>\n\n\n\n<li>por da\u00f1os resultantes de un incumplimiento intencional o por negligencia grave del deber por parte del Proveedor o de un incumplimiento intencional o por negligencia grave del deber por parte de un representante legal o agente indirecto del Proveedor;<\/li>\n\n\n\n<li>basado en una garant\u00eda, siempre que no se haya dictado otra reglamentaci\u00f3n al respecto;<\/li>\n\n\n\n<li>debido a la responsabilidad obligatoria (por ejemplo, seg\u00fan la Ley de Responsabilidad del Producto).<\/li>\n<\/ul>\n\n\n\n<p id=\"wd-e4697478\" class=\"wp-block-wd-paragraph\">8.2 Si el Proveedor incumple negligentemente una obligaci\u00f3n contractual esencial, la responsabilidad se limita al da\u00f1o t\u00edpico previsible, a menos que la responsabilidad sea ilimitada seg\u00fan el p\u00e1rrafo anterior. Las obligaciones contractuales esenciales son aquellas que el contrato impone al Proveedor, seg\u00fan su contenido, para lograr el fin contractual, cuyo cumplimiento permite la correcta ejecuci\u00f3n del contrato en primer lugar y en cuyo cumplimiento conf\u00eda regularmente el cliente.<\/p>\n\n\n\n<p id=\"wd-24a99658\" class=\"wp-block-wd-paragraph\">8.3 En todos los dem\u00e1s aspectos, se excluye la responsabilidad del Proveedor, as\u00ed como la responsabilidad de sus auxiliares ejecutivos y representantes legales.<\/p>\n\n\n\n<p id=\"wd-a567bc3a\" class=\"wp-block-wd-paragraph\">8.4 El cliente indemnizar\u00e1 al proveedor por todas las reclamaciones de terceros, incluidos los costes de defensa jur\u00eddica al tipo legal, que se presenten contra el proveedor debido a infracciones ilegales o contractuales por parte del cliente.<\/p>\n\n\n\n<h2 id=\"wd-1df6420c\" class=\"wp-block-wd-title title\">9. Protecci\u00f3n de datos<\/h2>\n\n\n\n<p id=\"wd-d7f8f9b2\" class=\"wp-block-wd-paragraph\">El Proveedor trata los datos personales de sus clientes de forma confidencial y de acuerdo con la normativa legal de protecci\u00f3n de datos. Puede encontrar m\u00e1s informaci\u00f3n en la pol\u00edtica de privacidad del Proveedor.<\/p>\n\n\n\n<h2 id=\"wd-53cfc507\" class=\"wp-block-wd-title title\">10. Disposiciones finales<\/h2>\n\n\n\n<p id=\"wd-2a68e7f9\" class=\"wp-block-wd-paragraph\">10.1 Se aplica el derecho de la Rep\u00fablica Federal de Alemania, con exclusi\u00f3n de la Convenci\u00f3n de las Naciones Unidas sobre los Contratos de Compraventa Internacional de Mercader\u00edas, siempre que esta elecci\u00f3n de ley no tenga como consecuencia que un consumidor con residencia habitual en la UE quede privado de las disposiciones legales imperativas del derecho de su pa\u00eds de residencia.<\/p>\n\n\n\n<p id=\"wd-73c5b1fc\" class=\"wp-block-wd-paragraph\">10.2 Si el cliente es un comerciante, una persona jur\u00eddica de derecho p\u00fablico o un fondo especial de derecho p\u00fablico, ser\u00e1 competente el tribunal del domicilio social del Proveedor, salvo que se establezca un fuero exclusivo para la controversia. Esto tambi\u00e9n se aplica si el cliente no reside en la Uni\u00f3n Europea. El domicilio social de nuestra empresa se encuentra en el encabezado de estas CGC.<\/p>\n\n\n\n<p id=\"wd-f9db2da9\" class=\"wp-block-wd-paragraph\">10.3 Si alguna disposici\u00f3n de este contrato fuera inv\u00e1lida o inaplicable, las disposiciones restantes no se ver\u00e1n afectadas.<\/p>\n\n\n\n<h2 id=\"wd-23d8da7c\" class=\"wp-block-wd-title title\">11. Informaci\u00f3n sobre resoluci\u00f3n de disputas en l\u00ednea \/ arbitraje de consumo<\/h2>\n\n\n\n<p id=\"wd-5f45b113\" class=\"wp-block-wd-paragraph\">El Proveedor no est\u00e1 dispuesto ni obligado a participar en procedimientos de resoluci\u00f3n de disputas ante una junta de arbitraje de consumo.<\/p>\n\n\n\n<p id=\"wd-6eb710eb\" class=\"wp-block-wd-paragraph\">Nuestra direcci\u00f3n de correo electr\u00f3nico se puede encontrar en el encabezado de estas CGC.<\/p>","protected":false},"excerpt":{"rendered":"","protected":false},"author":6,"featured_media":0,"parent":0,"menu_order":0,"comment_status":"closed","ping_status":"closed","template":"elementor_header_footer","meta":{"footnotes":""},"class_list":["post-15651","page","type-page","status-publish","hentry"],"yoast_head":"<!-- This site is optimized with the Yoast SEO plugin v26.9 - https:\/\/yoast.com\/product\/yoast-seo-wordpress\/ -->\n<title>Terms of Use - RECCO<\/title>\n<meta name=\"robots\" content=\"index, follow, max-snippet:-1, max-image-preview:large, max-video-preview:-1\" \/>\n<link rel=\"canonical\" href=\"https:\/\/recco.com\/shop\/es\/condiciones-de-uso\/\" \/>\n<meta property=\"og:locale\" content=\"es_ES\" \/>\n<meta property=\"og:type\" content=\"article\" \/>\n<meta property=\"og:title\" content=\"Terms of Use - RECCO\" \/>\n<meta property=\"og:url\" content=\"https:\/\/recco.com\/shop\/es\/condiciones-de-uso\/\" \/>\n<meta property=\"og:site_name\" content=\"RECCO\" \/>\n<meta property=\"article:modified_time\" content=\"2025-12-29T15:53:37+00:00\" \/>\n<meta name=\"twitter:card\" content=\"summary_large_image\" \/>\n<meta name=\"twitter:label1\" content=\"Tiempo de lectura\" \/>\n\t<meta name=\"twitter:data1\" content=\"6 minutos\" \/>\n<script type=\"application\/ld+json\" class=\"yoast-schema-graph\">{\"@context\":\"https:\/\/schema.org\",\"@graph\":[{\"@type\":\"WebPage\",\"@id\":\"https:\/\/recco.com\/shop\/terms-of-use\/\",\"url\":\"https:\/\/recco.com\/shop\/terms-of-use\/\",\"name\":\"Terms of Use - RECCO\",\"isPartOf\":{\"@id\":\"https:\/\/recco.com\/shop\/#website\"},\"datePublished\":\"2024-01-10T10:35:17+00:00\",\"dateModified\":\"2025-12-29T15:53:37+00:00\",\"breadcrumb\":{\"@id\":\"https:\/\/recco.com\/shop\/terms-of-use\/#breadcrumb\"},\"inLanguage\":\"es\",\"potentialAction\":[{\"@type\":\"ReadAction\",\"target\":[\"https:\/\/recco.com\/shop\/terms-of-use\/\"]}]},{\"@type\":\"BreadcrumbList\",\"@id\":\"https:\/\/recco.com\/shop\/terms-of-use\/#breadcrumb\",\"itemListElement\":[{\"@type\":\"ListItem\",\"position\":1,\"name\":\"Home\",\"item\":\"https:\/\/recco.com\/shop\/\"},{\"@type\":\"ListItem\",\"position\":2,\"name\":\"Terms of Use\"}]},{\"@type\":\"WebSite\",\"@id\":\"https:\/\/recco.com\/shop\/#website\",\"url\":\"https:\/\/recco.com\/shop\/\",\"name\":\"RECCO\",\"description\":\"\",\"potentialAction\":[{\"@type\":\"SearchAction\",\"target\":{\"@type\":\"EntryPoint\",\"urlTemplate\":\"https:\/\/recco.com\/shop\/?s={search_term_string}\"},\"query-input\":{\"@type\":\"PropertyValueSpecification\",\"valueRequired\":true,\"valueName\":\"search_term_string\"}}],\"inLanguage\":\"es\"}]}<\/script>\n<!-- \/ Yoast SEO plugin. -->","yoast_head_json":{"title":"Condiciones de uso - RECCO","robots":{"index":"index","follow":"follow","max-snippet":"max-snippet:-1","max-image-preview":"max-image-preview:large","max-video-preview":"max-video-preview:-1"},"canonical":"https:\/\/recco.com\/shop\/es\/condiciones-de-uso\/","og_locale":"es_ES","og_type":"article","og_title":"Terms of Use - RECCO","og_url":"https:\/\/recco.com\/shop\/es\/condiciones-de-uso\/","og_site_name":"RECCO","article_modified_time":"2025-12-29T15:53:37+00:00","twitter_card":"summary_large_image","twitter_misc":{"Tiempo de lectura":"6 minutos"},"schema":{"@context":"https:\/\/schema.org","@graph":[{"@type":"WebPage","@id":"https:\/\/recco.com\/shop\/terms-of-use\/","url":"https:\/\/recco.com\/shop\/terms-of-use\/","name":"Condiciones de uso - RECCO","isPartOf":{"@id":"https:\/\/recco.com\/shop\/#website"},"datePublished":"2024-01-10T10:35:17+00:00","dateModified":"2025-12-29T15:53:37+00:00","breadcrumb":{"@id":"https:\/\/recco.com\/shop\/terms-of-use\/#breadcrumb"},"inLanguage":"es","potentialAction":[{"@type":"ReadAction","target":["https:\/\/recco.com\/shop\/terms-of-use\/"]}]},{"@type":"BreadcrumbList","@id":"https:\/\/recco.com\/shop\/terms-of-use\/#breadcrumb","itemListElement":[{"@type":"ListItem","position":1,"name":"Home","item":"https:\/\/recco.com\/shop\/"},{"@type":"ListItem","position":2,"name":"Terms of Use"}]},{"@type":"WebSite","@id":"https:\/\/recco.com\/shop\/#website","url":"https:\/\/recco.com\/shop\/","name":"RECCO","description":"","potentialAction":[{"@type":"SearchAction","target":{"@type":"EntryPoint","urlTemplate":"https:\/\/recco.com\/shop\/?s={search_term_string}"},"query-input":{"@type":"PropertyValueSpecification","valueRequired":true,"valueName":"search_term_string"}}],"inLanguage":"es"}]}},"_links":{"self":[{"href":"https:\/\/recco.com\/shop\/es\/wp-json\/wp\/v2\/pages\/15651","targetHints":{"allow":["GET"]}}],"collection":[{"href":"https:\/\/recco.com\/shop\/es\/wp-json\/wp\/v2\/pages"}],"about":[{"href":"https:\/\/recco.com\/shop\/es\/wp-json\/wp\/v2\/types\/page"}],"author":[{"embeddable":true,"href":"https:\/\/recco.com\/shop\/es\/wp-json\/wp\/v2\/users\/6"}],"replies":[{"embeddable":true,"href":"https:\/\/recco.com\/shop\/es\/wp-json\/wp\/v2\/comments?post=15651"}],"version-history":[{"count":1,"href":"https:\/\/recco.com\/shop\/es\/wp-json\/wp\/v2\/pages\/15651\/revisions"}],"predecessor-version":[{"id":22804,"href":"https:\/\/recco.com\/shop\/es\/wp-json\/wp\/v2\/pages\/15651\/revisions\/22804"}],"wp:attachment":[{"href":"https:\/\/recco.com\/shop\/es\/wp-json\/wp\/v2\/media?parent=15651"}],"curies":[{"name":"wp","href":"https:\/\/api.w.org\/{rel}","templated":true}]}}