

{"id":15798,"date":"2024-01-12T09:29:19","date_gmt":"2024-01-12T07:29:19","guid":{"rendered":"https:\/\/recco.com\/shop\/?page_id=15798"},"modified":"2025-09-25T16:38:09","modified_gmt":"2025-09-25T14:38:09","slug":"politica-de-cancelacion","status":"publish","type":"page","link":"https:\/\/recco.com\/shop\/es\/politica-de-cancelacion\/","title":{"rendered":"Pol\u00edtica de cancelaci\u00f3n"},"content":{"rendered":"<h1 id=\"wd-25d29872\" class=\"wp-block-wd-title title\">Pol\u00edtica de cancelaci\u00f3n (derecho de desistimiento)<\/h1>\n\n\n\n<h2 id=\"wd-7319429b\" class=\"wp-block-wd-title title\">Derecho de desistimiento de los consumidores<\/h2>\n\n\n\n<p id=\"wd-e2e6f7cc\" class=\"wp-block-wd-paragraph\">Se considera consumidor a toda persona f\u00edsica que realiza un negocio jur\u00eddico con fines que no est\u00e1n relacionados predominantemente con su actividad comercial o profesional independiente.<\/p>\n\n\n\n<p id=\"wd-eff1b866\" class=\"wp-block-wd-paragraph\">Tiene derecho a rescindir este contrato en un plazo de 14 d\u00edas sin necesidad de justificaci\u00f3n. El plazo de rescisi\u00f3n es de 14 d\u00edas a partir del d\u00eda en que usted o un tercero por usted indicado, distinto del transportista, haya tomado posesi\u00f3n de los bienes.<\/p>\n\n\n\n<p id=\"wd-d09ba138\" class=\"wp-block-wd-paragraph\">Para ejercer su derecho de desistimiento, deber\u00e1 informarnos (RECCO AB, Radiov\u00e4gen 3A, 181 55 Liding\u00f6, Tel\u00e9fono: +46 8 73159 50, Correo electr\u00f3nico: info@recco.com) de su decisi\u00f3n de desistir del presente contrato mediante una declaraci\u00f3n inequ\u00edvoca (por ejemplo, una carta enviada por correo postal o correo electr\u00f3nico). Puede utilizar el modelo de formulario de desistimiento adjunto, aunque su uso no es obligatorio.<\/p>\n\n\n\n<p id=\"wd-d275bc31\" class=\"wp-block-wd-paragraph\">Para cumplir el plazo de desistimiento, basta con que su comunicaci\u00f3n relativa al ejercicio por su parte de este derecho sea enviada antes de que venza el plazo de desistimiento.<\/p>\n\n\n\n<h2 id=\"wd-2c8d4630\" class=\"wp-block-wd-title title\">Consecuencias de la retirada<\/h2>\n\n\n\n<p id=\"wd-ea9c0363\" class=\"wp-block-wd-paragraph\">Si desiste de este contrato, le reembolsaremos todos los pagos que hayamos recibido de usted, incluidos los costes de env\u00edo (con la excepci\u00f3n de los costes adicionales resultantes de su elecci\u00f3n de un tipo de env\u00edo diferente al env\u00edo est\u00e1ndar menos costoso que ofrezcamos), sin ninguna demora indebida y, a m\u00e1s tardar, dentro de los catorce d\u00edas a partir del d\u00eda en el que recibamos la notificaci\u00f3n de su desistimiento de este contrato.<\/p>\n\n\n\n<p id=\"wd-e07d6f15\" class=\"wp-block-wd-paragraph\">Utilizaremos el mismo medio de pago para el reembolso que usted utiliz\u00f3 para la transacci\u00f3n original, a menos que se acuerde expresamente lo contrario con usted; en ning\u00fan caso se le cobrar\u00e1n tarifas por este reembolso.<\/p>\n\n\n\n<p id=\"wd-4286d8fe\" class=\"wp-block-wd-paragraph\">Podremos retener el reembolso hasta que hayamos recibido los productos o hasta que usted haya proporcionado evidencia de haber devuelto los productos, lo que ocurra primero.<\/p>\n\n\n\n<p id=\"wd-2537e90a\" class=\"wp-block-wd-paragraph\">Debe devolvernos o entregarnos la mercanc\u00eda sin demora indebida y, en cualquier caso, en un plazo m\u00e1ximo de catorce d\u00edas a partir de la fecha en que nos notific\u00f3 su desistimiento del contrato. El plazo se considerar\u00e1 cumplido si devuelve la mercanc\u00eda antes de que transcurra dicho plazo.<\/p>\n\n\n\n<p id=\"wd-2a87f588\" class=\"wp-block-wd-paragraph\">Usted asumir\u00e1 el coste directo de la devoluci\u00f3n de los bienes. Solo ser\u00e1 responsable de la disminuci\u00f3n del valor de los bienes resultante de una manipulaci\u00f3n distinta a la necesaria para determinar su naturaleza, caracter\u00edsticas y funcionamiento.<\/p>\n\n\n\n<h2 id=\"wd-b7f9d264\" class=\"wp-block-wd-title title\">Formulario modelo de desistimiento<\/h2>\n\n\n\n<p id=\"wd-e1219ce7\" class=\"wp-block-wd-paragraph\">(Complete y devuelva este formulario s\u00f3lo si desea desistir del contrato)<\/p>\n\n\n\n<p id=\"wd-e87732aa\" class=\"wp-block-wd-paragraph\">A:<br>RECCO AB<br>Radiov\u00e4gen 3A<br>181 55 Liding\u00f6<br>Suecia<br>Correo electr\u00f3nico: info@recco.com<\/p>","protected":false},"excerpt":{"rendered":"","protected":false},"author":6,"featured_media":0,"parent":0,"menu_order":0,"comment_status":"closed","ping_status":"closed","template":"","meta":{"footnotes":""},"class_list":["post-15798","page","type-page","status-publish","hentry"],"yoast_head":"<!-- This site is optimized with the Yoast SEO plugin v26.9 - https:\/\/yoast.com\/product\/yoast-seo-wordpress\/ -->\n<title>Cancellation Policy - RECCO<\/title>\n<meta name=\"robots\" content=\"index, follow, max-snippet:-1, max-image-preview:large, max-video-preview:-1\" \/>\n<link rel=\"canonical\" href=\"https:\/\/recco.com\/shop\/es\/politica-de-cancelacion\/\" \/>\n<meta property=\"og:locale\" content=\"es_ES\" \/>\n<meta property=\"og:type\" content=\"article\" \/>\n<meta property=\"og:title\" content=\"Cancellation Policy - RECCO\" \/>\n<meta property=\"og:url\" content=\"https:\/\/recco.com\/shop\/es\/politica-de-cancelacion\/\" \/>\n<meta property=\"og:site_name\" content=\"RECCO\" \/>\n<meta property=\"article:modified_time\" content=\"2025-09-25T14:38:09+00:00\" \/>\n<meta name=\"twitter:card\" content=\"summary_large_image\" \/>\n<meta name=\"twitter:label1\" content=\"Tiempo de lectura\" \/>\n\t<meta name=\"twitter:data1\" content=\"2 minutos\" \/>\n<script type=\"application\/ld+json\" class=\"yoast-schema-graph\">{\"@context\":\"https:\/\/schema.org\",\"@graph\":[{\"@type\":\"WebPage\",\"@id\":\"https:\/\/recco.com\/shop\/cancellation-policy\/\",\"url\":\"https:\/\/recco.com\/shop\/cancellation-policy\/\",\"name\":\"Cancellation Policy - RECCO\",\"isPartOf\":{\"@id\":\"https:\/\/recco.com\/shop\/#website\"},\"datePublished\":\"2024-01-12T07:29:19+00:00\",\"dateModified\":\"2025-09-25T14:38:09+00:00\",\"breadcrumb\":{\"@id\":\"https:\/\/recco.com\/shop\/cancellation-policy\/#breadcrumb\"},\"inLanguage\":\"es\",\"potentialAction\":[{\"@type\":\"ReadAction\",\"target\":[\"https:\/\/recco.com\/shop\/cancellation-policy\/\"]}]},{\"@type\":\"BreadcrumbList\",\"@id\":\"https:\/\/recco.com\/shop\/cancellation-policy\/#breadcrumb\",\"itemListElement\":[{\"@type\":\"ListItem\",\"position\":1,\"name\":\"Home\",\"item\":\"https:\/\/recco.com\/shop\/\"},{\"@type\":\"ListItem\",\"position\":2,\"name\":\"Cancellation Policy\"}]},{\"@type\":\"WebSite\",\"@id\":\"https:\/\/recco.com\/shop\/#website\",\"url\":\"https:\/\/recco.com\/shop\/\",\"name\":\"RECCO\",\"description\":\"\",\"potentialAction\":[{\"@type\":\"SearchAction\",\"target\":{\"@type\":\"EntryPoint\",\"urlTemplate\":\"https:\/\/recco.com\/shop\/?s={search_term_string}\"},\"query-input\":{\"@type\":\"PropertyValueSpecification\",\"valueRequired\":true,\"valueName\":\"search_term_string\"}}],\"inLanguage\":\"es\"}]}<\/script>\n<!-- \/ Yoast SEO plugin. -->","yoast_head_json":{"title":"Pol\u00edtica de cancelaci\u00f3n - RECCO","robots":{"index":"index","follow":"follow","max-snippet":"max-snippet:-1","max-image-preview":"max-image-preview:large","max-video-preview":"max-video-preview:-1"},"canonical":"https:\/\/recco.com\/shop\/es\/politica-de-cancelacion\/","og_locale":"es_ES","og_type":"article","og_title":"Cancellation Policy - RECCO","og_url":"https:\/\/recco.com\/shop\/es\/politica-de-cancelacion\/","og_site_name":"RECCO","article_modified_time":"2025-09-25T14:38:09+00:00","twitter_card":"summary_large_image","twitter_misc":{"Tiempo de lectura":"2 minutos"},"schema":{"@context":"https:\/\/schema.org","@graph":[{"@type":"WebPage","@id":"https:\/\/recco.com\/shop\/cancellation-policy\/","url":"https:\/\/recco.com\/shop\/cancellation-policy\/","name":"Pol\u00edtica de cancelaci\u00f3n - RECCO","isPartOf":{"@id":"https:\/\/recco.com\/shop\/#website"},"datePublished":"2024-01-12T07:29:19+00:00","dateModified":"2025-09-25T14:38:09+00:00","breadcrumb":{"@id":"https:\/\/recco.com\/shop\/cancellation-policy\/#breadcrumb"},"inLanguage":"es","potentialAction":[{"@type":"ReadAction","target":["https:\/\/recco.com\/shop\/cancellation-policy\/"]}]},{"@type":"BreadcrumbList","@id":"https:\/\/recco.com\/shop\/cancellation-policy\/#breadcrumb","itemListElement":[{"@type":"ListItem","position":1,"name":"Home","item":"https:\/\/recco.com\/shop\/"},{"@type":"ListItem","position":2,"name":"Cancellation Policy"}]},{"@type":"WebSite","@id":"https:\/\/recco.com\/shop\/#website","url":"https:\/\/recco.com\/shop\/","name":"RECCO","description":"","potentialAction":[{"@type":"SearchAction","target":{"@type":"EntryPoint","urlTemplate":"https:\/\/recco.com\/shop\/?s={search_term_string}"},"query-input":{"@type":"PropertyValueSpecification","valueRequired":true,"valueName":"search_term_string"}}],"inLanguage":"es"}]}},"_links":{"self":[{"href":"https:\/\/recco.com\/shop\/es\/wp-json\/wp\/v2\/pages\/15798","targetHints":{"allow":["GET"]}}],"collection":[{"href":"https:\/\/recco.com\/shop\/es\/wp-json\/wp\/v2\/pages"}],"about":[{"href":"https:\/\/recco.com\/shop\/es\/wp-json\/wp\/v2\/types\/page"}],"author":[{"embeddable":true,"href":"https:\/\/recco.com\/shop\/es\/wp-json\/wp\/v2\/users\/6"}],"replies":[{"embeddable":true,"href":"https:\/\/recco.com\/shop\/es\/wp-json\/wp\/v2\/comments?post=15798"}],"version-history":[{"count":0,"href":"https:\/\/recco.com\/shop\/es\/wp-json\/wp\/v2\/pages\/15798\/revisions"}],"wp:attachment":[{"href":"https:\/\/recco.com\/shop\/es\/wp-json\/wp\/v2\/media?parent=15798"}],"curies":[{"name":"wp","href":"https:\/\/api.w.org\/{rel}","templated":true}]}}