

{"id":15817,"date":"2024-01-12T12:23:50","date_gmt":"2024-01-12T10:23:50","guid":{"rendered":"https:\/\/recco.com\/shop\/?page_id=15817"},"modified":"2025-12-29T16:53:19","modified_gmt":"2025-12-29T15:53:19","slug":"politica-de-privacidad","status":"publish","type":"page","link":"https:\/\/recco.com\/shop\/es\/politica-de-privacidad\/","title":{"rendered":"pol\u00edtica de privacidad"},"content":{"rendered":"<h1 id=\"wd-0ab31613\" class=\"wp-block-wd-title title\">pol\u00edtica de privacidad<\/h1>\n\n\n\n<p id=\"wd-c686b899\" class=\"wp-block-wd-paragraph\">Esta Pol\u00edtica de Privacidad describe las pol\u00edticas y procedimientos de RECCO Advanced Search Technology para las recopilaciones relacionadas con el procesamiento de datos personales de clientes y otros usuarios de nuestro sitio web, tienda online y servicios digitales. Esta pol\u00edtica de privacidad puede cambiar durante su tiempo con nosotros (por ejemplo, para adaptarnos a cambios en la tecnolog\u00eda, la navegaci\u00f3n del sistema, los dispositivos de los productos y la legislaci\u00f3n aplicable). Le recomendamos encarecidamente que consulte este sitio web y est\u00e9 al tanto de cualquier modificaci\u00f3n que podamos realizar en la ventana de la Pol\u00edtica de Privacidad.<\/p>\n\n\n\n<p id=\"wd-6736888c\" class=\"wp-block-wd-paragraph\">Esta pol\u00edtica de privacidad complementa, pero no cambia, otras pol\u00edticas y t\u00e9rminos que se aplican a cualquier servicio espec\u00edfico puesto a disposici\u00f3n por RECCO AB.<\/p>\n\n\n\n<h2 id=\"wd-04522af5\" class=\"wp-block-wd-title title\">QUI\u00c9NES SOMOS<\/h2>\n\n\n\n<p id=\"wd-676c049b\" class=\"wp-block-wd-paragraph\">RECCO AB es una empresa fundada en Suecia con la siguiente informaci\u00f3n:<\/p>\n\n\n\n<p id=\"wd-a4e935f4\" class=\"wp-block-wd-paragraph\">DIRECCI\u00d3N OFICINA CENTRAL<br>RECCO AB&nbsp;<br><a href=\"https:\/\/www.google.com\/maps\/place\/Radiov%C3%A4gen+3a,+181+55+Liding%C3%B6\/@59.3448689,18.1565751,17z\/data=!3m1!4b1!4m5!3m4!1s0x465f82e90cf1b62b:0x58225c9c3a2f05d!8m2!3d59.3448662!4d18.1587691\" target=\"_blank\" rel=\"noreferrer noopener\">Radiov\u00e4gen 3A<br>181 55 Liding\u00f6<\/a><br>Suecia<\/p>\n\n\n\n<p id=\"wd-67e5a6ba\" class=\"wp-block-wd-paragraph\">Tel\u00e9fono:\u00a0<a href=\"tel:+4687315950\">+46 8 73159 50<\/a><br>Correo electr\u00f3nico:\u00a0<a href=\"mailto:info@recco.com\">contact-shop@recco.com<\/a><\/p>\n\n\n\n<p id=\"wd-959b305d\" class=\"wp-block-wd-paragraph\">N\u00famero de registro de la organizaci\u00f3n: 556606-9026<\/p>\n\n\n\n<p id=\"wd-2e29c376\" class=\"wp-block-wd-paragraph\">Nuestra pol\u00edtica de privacidad cubre la recopilaci\u00f3n y el procesamiento de sus datos personales, recopilados o de cualquier fuente por RECCO AB. RECCO AB o cualquier otra marca asociada podr\u00e1 recopilar y conectar sus datos personales, los cuales se procesar\u00e1n en una base de datos central.<\/p>\n\n\n\n<p id=\"wd-1018df3b\" class=\"wp-block-wd-paragraph\">\u00bfC\u00d3MO CONTACTARNOS?<br>Si tiene m\u00e1s preguntas sobre la pol\u00edtica de privacidad o sus derechos legales como sujeto de datos, le recomendamos que se comunique con info@recco.com.<br>El servicio de atenci\u00f3n al cliente de RECCO tiene la siguiente informaci\u00f3n de contacto:<\/p>\n\n\n\n<p id=\"wd-b0ee0544\" class=\"wp-block-wd-paragraph\">Tel\u00e9fono:\u00a0<a href=\"tel:+4687315950\">+46 8 73159 50<\/a><br>Correo electr\u00f3nico:\u00a0<a href=\"mailto:info@recco.com\">contact-shop@recco.com<\/a><\/p>\n\n\n\n<p id=\"wd-8babedf5\" class=\"wp-block-wd-paragraph\">INFORMACI\u00d3N QUE RECOPILAMOS<br>Se podr\u00e1n recopilar las siguientes categor\u00edas de informaci\u00f3n personal:<\/p>\n\n\n\n<p id=\"wd-116d3794\" class=\"wp-block-wd-paragraph\">Su informaci\u00f3n b\u00e1sica, su nombre, direcci\u00f3n, direcci\u00f3n de correo electr\u00f3nico, n\u00famero de tel\u00e9fono, edad u otros datos demogr\u00e1ficos o preferencias.<\/p>\n\n\n\n<p id=\"wd-fae36b91\" class=\"wp-block-wd-paragraph\">Recopilamos informaci\u00f3n del dispositivo utilizando las siguientes tecnolog\u00edas:<\/p>\n\n\n\n<ol class=\"wp-block-list\">\n<li>Las cookies son archivos de datos que se almacenan en su dispositivo o computadora y que suelen incluir un identificador \u00fanico an\u00f3nimo. Para obtener m\u00e1s informaci\u00f3n sobre las cookies y c\u00f3mo deshabilitarlas, visite&nbsp;<a href=\"http:\/\/www.allaboutcookies.org\/\" target=\"_blank\" rel=\"noreferrer noopener\">http:\/\/www.allaboutcookies.org<\/a><\/li>\n\n\n\n<li>Informaci\u00f3n sobre su interacci\u00f3n con nosotros. Productos que compra en l\u00ednea, informaci\u00f3n de pago, devoluciones, contacto de atenci\u00f3n al cliente, participaci\u00f3n en eventos, etc.<\/li>\n\n\n\n<li>Informaci\u00f3n recopilada de las redes sociales, como comentarios, comportamiento, etc. con las que nos conectamos.<\/li>\n\n\n\n<li>Informaci\u00f3n sobre actividades digitales, como historial de navegaci\u00f3n, bolet\u00edn informativo y presencia f\u00edsica, mediante cookies, balizas y puntos de acceso wifi, incluyendo la direcci\u00f3n IP. Podr\u00edamos compartir sus datos personales con nuestras marcas asociadas.<\/li>\n\n\n\n<li>Las balizas web, las etiquetas y los p\u00edxeles son archivos electr\u00f3nicos que se utilizan para registrar informaci\u00f3n sobre c\u00f3mo navega por el sitio.<\/li>\n<\/ol>\n\n\n\n<p id=\"wd-b7bdf7ca\" class=\"wp-block-wd-paragraph\">C\u00d3MO USAMOS SU INFORMACI\u00d3N PERSONAL<br>Compartimos su informaci\u00f3n personal con terceros para que nos ayuden a usarla, como se describe anteriormente. Por ejemplo, utilizamos Shopify para impulsar nuestra tienda en l\u00ednea. Puede leer m\u00e1s sobre c\u00f3mo Shopify utiliza su informaci\u00f3n personal aqu\u00ed:&nbsp;<a href=\"https:\/\/www.shopify.com\/legal\/privacy\" target=\"_blank\" rel=\"noreferrer noopener\">https:\/\/www.shopify.com\/legal\/privacy<\/a><\/p>\n\n\n\n<p id=\"wd-b1eb0b9c\" class=\"wp-block-wd-paragraph\">La informaci\u00f3n sobre usted podr\u00e1 ser recopilada por RECCO:<\/p>\n\n\n\n<ol class=\"wp-block-list\">\n<li>Tramitaci\u00f3n de pedidos, reclamaciones y devoluciones<\/li>\n\n\n\n<li>An\u00e1lisis y segmentaci\u00f3n del consumidor3<\/li>\n\n\n\n<li>Proporcionar soporte y comunicaci\u00f3n al cliente<\/li>\n\n\n\n<li>Evaluar y desarrollar nuestros productos y servicios<\/li>\n<\/ol>\n\n\n\n<p id=\"wd-17848d80\" class=\"wp-block-wd-paragraph\">El tratamiento de sus datos personales ser\u00e1 necesario para ejecutar un contrato entre usted y RECCO y completar un pedido en nuestra tienda online de Shopify. La recopilaci\u00f3n de datos personales tambi\u00e9n podr\u00e1 utilizarse para mejorar nuestro servicio de atenci\u00f3n al cliente y desarrollar y evaluar nuestros productos y servicios.<\/p>\n\n\n\n<p id=\"wd-b4f067eb\" class=\"wp-block-wd-paragraph\">FINES DE COMUNICACI\u00d3N Y MARKETING<br>Con su consentimiento, le enviaremos informaci\u00f3n de marketing por correo electr\u00f3nico y otras tecnolog\u00edas. Siempre tendr\u00e1 la opci\u00f3n de cancelar su suscripci\u00f3n mediante un enlace en la comunicaci\u00f3n o de ser objeto del procesamiento de sus datos personales con fines de marketing.<\/p>\n\n\n\n<p id=\"wd-f6c12a7f\" class=\"wp-block-wd-paragraph\">C\u00d3MO COMPARTIMOS SU INFORMACI\u00d3N PERSONAL<br>Para apoyar a nuestra empresa, terceros podr\u00edan usar su informaci\u00f3n, pero solo para determinar sus preferencias personales sobre productos. Para garantizar el proceso de nuestros socios externos, le recomendamos leer sus pol\u00edticas de privacidad en su sitio web.<\/p>\n\n\n\n<p id=\"wd-72f88cd0\" class=\"wp-block-wd-paragraph\">Su informaci\u00f3n personal podr\u00eda compartirse con terceros que nos ayudan con las estrategias de marketing dirigidas a usted como cliente, por ejemplo, a trav\u00e9s de redes sociales. Nos aseguraremos de que estos terceros solo utilicen su informaci\u00f3n personal para promocionar nuestros productos y servicios.<\/p>\n\n\n\n<p id=\"wd-799b9922\" class=\"wp-block-wd-paragraph\">Por \u00faltimo, tambi\u00e9n podemos compartir su informaci\u00f3n personal para cumplir con las leyes y regulaciones aplicables, para responder a una citaci\u00f3n, orden de allanamiento u otra solicitud legal de informaci\u00f3n que recibamos, o para proteger nuestros derechos.<\/p>\n\n\n\n<p id=\"wd-de5da904\" class=\"wp-block-wd-paragraph\">No venderemos, compartiremos ni transferiremos informaci\u00f3n personal a terceros excepto como se describe en esta pol\u00edtica de privacidad.<\/p>\n\n\n\n<p id=\"wd-c1ea3250\" class=\"wp-block-wd-paragraph\">\u00bfPOR CU\u00c1NTO TIEMPO CONSERVAMOS SU INFORMACI\u00d3N PERSONAL?<br>La reserva de datos personales depende de la finalidad.<\/p>\n\n\n\n<p id=\"wd-320864a3\" class=\"wp-block-wd-paragraph\">Conservamos su informaci\u00f3n \u00fanicamente el tiempo necesario y para el fin para el que la obtuvimos. Restringimos el acceso a su informaci\u00f3n \u00fanicamente a quienes necesitan usarla para un fin relevante.<\/p>\n\n\n\n<p id=\"wd-4935be61\" class=\"wp-block-wd-paragraph\">Nuestros per\u00edodos de retenci\u00f3n se basan en las necesidades comerciales y la informaci\u00f3n que ya no es necesaria se anonimiza de forma irreversible o se destruye de forma segura.<\/p>\n\n\n\n<p id=\"wd-49c5f512\" class=\"wp-block-wd-paragraph\">TRANSFERENCIAS DE MARCA INTERNACIONALES<br>Sus datos personales podr\u00edan transferirse a otros pa\u00edses (incluidos pa\u00edses no pertenecientes a la UE). En ese caso, se transferir\u00e1n a pa\u00edses autorizados para ofrecer niveles de protecci\u00f3n adecuados.<\/p>\n\n\n\n<p id=\"wd-01c6a631\" class=\"wp-block-wd-paragraph\">GALLETAS<br>Por favor consulte la pol\u00edtica de cookies que se aplica a la informaci\u00f3n de comunicaci\u00f3n que utiliza con nosotros.<\/p>\n\n\n\n<p id=\"wd-6604d379\" class=\"wp-block-wd-paragraph\">DERECHOS DEL TITULAR DE LOS DATOS<br>En cualquier momento, puede revocar cualquier consentimiento que nos haya otorgado en relaci\u00f3n con sus datos personales. Tiene derecho a acceder a sus datos personales o a la informaci\u00f3n que hayamos obtenido. Tiene la opci\u00f3n de rectificar sus datos personales si son incorrectos y de solicitarnos que limitemos su tratamiento o que lo eliminemos como sujeto de datos personales. Tambi\u00e9n tiene derecho a que se divulguen sus datos personales en un formato legible.<\/p>\n\n\n\n<p id=\"wd-67508085\" class=\"wp-block-wd-paragraph\">Si desea modificar o cerrar su suscripci\u00f3n para fines de comunicaci\u00f3n de marketing, h\u00e1ganoslo saber.<\/p>\n\n\n\n<p id=\"wd-e8eac5bb\" class=\"wp-block-wd-paragraph\">Nuestra informaci\u00f3n de contacto aparece arriba en &quot;C\u00f3mo contactarnos&quot;.<\/p>\n\n\n\n<p id=\"wd-2c7a88d8\" class=\"wp-block-wd-paragraph\">Tambi\u00e9n podr\u00e1 presentar una reclamaci\u00f3n ante una autoridad de protecci\u00f3n de datos competente.<\/p>\n\n\n\n<p id=\"wd-dcb4740d\" class=\"wp-block-wd-paragraph\">\u00bfC\u00d3MO PROTEGEMOS LA INFORMACI\u00d3N?<br>Nos preocupamos mucho por sus datos personales y utilizaremos medidas de seguridad est\u00e1ndar para garantizar su protecci\u00f3n. Aplicaremos medidas de seguridad est\u00e1ndar del sector para garantizar la protecci\u00f3n adecuada de sus datos.<\/p>\n\n\n\n<p id=\"wd-04945a72\" class=\"wp-block-wd-paragraph\">TERCEROS<br>Nuestros sitios web pueden incluir enlaces a otros sitios web que escapan a nuestro control y no est\u00e1n cubiertos por esta pol\u00edtica de privacidad. Si accede a otros sitios utilizando los enlaces proporcionados, sus operadores podr\u00edan recopilar informaci\u00f3n suya que utilizar\u00e1n de acuerdo con su pol\u00edtica de privacidad, que puede ser diferente a la nuestra.<\/p>\n\n\n\n<p id=\"wd-ab18c974\" class=\"wp-block-wd-paragraph\">\u00bfALGUNA PREGUNTA?<br>Nos gustar\u00eda saber de usted, ya sea por inter\u00e9s o como usuario y cliente de RECCO. Agradecemos cualquier pregunta, comentario o inquietud sobre su privacidad. Si tiene alguna pregunta, cont\u00e1ctenos.<\/p>\n\n\n\n<p id=\"wd-4fc4741f\" class=\"wp-block-wd-paragraph\">\u00daltima actualizaci\u00f3n: 17 de julio de 2019<\/p>","protected":false},"excerpt":{"rendered":"","protected":false},"author":6,"featured_media":0,"parent":0,"menu_order":0,"comment_status":"closed","ping_status":"closed","template":"elementor_header_footer","meta":{"footnotes":""},"class_list":["post-15817","page","type-page","status-publish","hentry"],"yoast_head":"<!-- This site is optimized with the Yoast SEO plugin v26.9 - https:\/\/yoast.com\/product\/yoast-seo-wordpress\/ -->\n<title>Privacy Policy - RECCO<\/title>\n<meta name=\"robots\" content=\"index, follow, max-snippet:-1, max-image-preview:large, max-video-preview:-1\" \/>\n<link rel=\"canonical\" href=\"https:\/\/recco.com\/shop\/es\/politica-de-privacidad\/\" \/>\n<meta property=\"og:locale\" content=\"es_ES\" \/>\n<meta property=\"og:type\" content=\"article\" \/>\n<meta property=\"og:title\" content=\"Privacy Policy - RECCO\" \/>\n<meta property=\"og:url\" content=\"https:\/\/recco.com\/shop\/es\/politica-de-privacidad\/\" \/>\n<meta property=\"og:site_name\" content=\"RECCO\" \/>\n<meta property=\"article:modified_time\" content=\"2025-12-29T15:53:19+00:00\" \/>\n<meta name=\"twitter:card\" content=\"summary_large_image\" \/>\n<meta name=\"twitter:label1\" content=\"Tiempo de lectura\" \/>\n\t<meta name=\"twitter:data1\" content=\"5 minutos\" \/>\n<script type=\"application\/ld+json\" class=\"yoast-schema-graph\">{\"@context\":\"https:\/\/schema.org\",\"@graph\":[{\"@type\":\"WebPage\",\"@id\":\"https:\/\/recco.com\/shop\/privacy-policy\/\",\"url\":\"https:\/\/recco.com\/shop\/privacy-policy\/\",\"name\":\"Privacy Policy - RECCO\",\"isPartOf\":{\"@id\":\"https:\/\/recco.com\/shop\/#website\"},\"datePublished\":\"2024-01-12T10:23:50+00:00\",\"dateModified\":\"2025-12-29T15:53:19+00:00\",\"breadcrumb\":{\"@id\":\"https:\/\/recco.com\/shop\/privacy-policy\/#breadcrumb\"},\"inLanguage\":\"es\",\"potentialAction\":[{\"@type\":\"ReadAction\",\"target\":[\"https:\/\/recco.com\/shop\/privacy-policy\/\"]}]},{\"@type\":\"BreadcrumbList\",\"@id\":\"https:\/\/recco.com\/shop\/privacy-policy\/#breadcrumb\",\"itemListElement\":[{\"@type\":\"ListItem\",\"position\":1,\"name\":\"Home\",\"item\":\"https:\/\/recco.com\/shop\/\"},{\"@type\":\"ListItem\",\"position\":2,\"name\":\"Privacy Policy\"}]},{\"@type\":\"WebSite\",\"@id\":\"https:\/\/recco.com\/shop\/#website\",\"url\":\"https:\/\/recco.com\/shop\/\",\"name\":\"RECCO\",\"description\":\"\",\"potentialAction\":[{\"@type\":\"SearchAction\",\"target\":{\"@type\":\"EntryPoint\",\"urlTemplate\":\"https:\/\/recco.com\/shop\/?s={search_term_string}\"},\"query-input\":{\"@type\":\"PropertyValueSpecification\",\"valueRequired\":true,\"valueName\":\"search_term_string\"}}],\"inLanguage\":\"es\"}]}<\/script>\n<!-- \/ Yoast SEO plugin. -->","yoast_head_json":{"title":"Pol\u00edtica de privacidad - RECCO","robots":{"index":"index","follow":"follow","max-snippet":"max-snippet:-1","max-image-preview":"max-image-preview:large","max-video-preview":"max-video-preview:-1"},"canonical":"https:\/\/recco.com\/shop\/es\/politica-de-privacidad\/","og_locale":"es_ES","og_type":"article","og_title":"Privacy Policy - RECCO","og_url":"https:\/\/recco.com\/shop\/es\/politica-de-privacidad\/","og_site_name":"RECCO","article_modified_time":"2025-12-29T15:53:19+00:00","twitter_card":"summary_large_image","twitter_misc":{"Tiempo de lectura":"5 minutos"},"schema":{"@context":"https:\/\/schema.org","@graph":[{"@type":"WebPage","@id":"https:\/\/recco.com\/shop\/privacy-policy\/","url":"https:\/\/recco.com\/shop\/privacy-policy\/","name":"Pol\u00edtica de privacidad - RECCO","isPartOf":{"@id":"https:\/\/recco.com\/shop\/#website"},"datePublished":"2024-01-12T10:23:50+00:00","dateModified":"2025-12-29T15:53:19+00:00","breadcrumb":{"@id":"https:\/\/recco.com\/shop\/privacy-policy\/#breadcrumb"},"inLanguage":"es","potentialAction":[{"@type":"ReadAction","target":["https:\/\/recco.com\/shop\/privacy-policy\/"]}]},{"@type":"BreadcrumbList","@id":"https:\/\/recco.com\/shop\/privacy-policy\/#breadcrumb","itemListElement":[{"@type":"ListItem","position":1,"name":"Home","item":"https:\/\/recco.com\/shop\/"},{"@type":"ListItem","position":2,"name":"Privacy Policy"}]},{"@type":"WebSite","@id":"https:\/\/recco.com\/shop\/#website","url":"https:\/\/recco.com\/shop\/","name":"RECCO","description":"","potentialAction":[{"@type":"SearchAction","target":{"@type":"EntryPoint","urlTemplate":"https:\/\/recco.com\/shop\/?s={search_term_string}"},"query-input":{"@type":"PropertyValueSpecification","valueRequired":true,"valueName":"search_term_string"}}],"inLanguage":"es"}]}},"_links":{"self":[{"href":"https:\/\/recco.com\/shop\/es\/wp-json\/wp\/v2\/pages\/15817","targetHints":{"allow":["GET"]}}],"collection":[{"href":"https:\/\/recco.com\/shop\/es\/wp-json\/wp\/v2\/pages"}],"about":[{"href":"https:\/\/recco.com\/shop\/es\/wp-json\/wp\/v2\/types\/page"}],"author":[{"embeddable":true,"href":"https:\/\/recco.com\/shop\/es\/wp-json\/wp\/v2\/users\/6"}],"replies":[{"embeddable":true,"href":"https:\/\/recco.com\/shop\/es\/wp-json\/wp\/v2\/comments?post=15817"}],"version-history":[{"count":1,"href":"https:\/\/recco.com\/shop\/es\/wp-json\/wp\/v2\/pages\/15817\/revisions"}],"predecessor-version":[{"id":22803,"href":"https:\/\/recco.com\/shop\/es\/wp-json\/wp\/v2\/pages\/15817\/revisions\/22803"}],"wp:attachment":[{"href":"https:\/\/recco.com\/shop\/es\/wp-json\/wp\/v2\/media?parent=15817"}],"curies":[{"name":"wp","href":"https:\/\/api.w.org\/{rel}","templated":true}]}}