

{"id":17306,"date":"2024-08-26T13:05:00","date_gmt":"2024-08-26T11:05:00","guid":{"rendered":"https:\/\/recco.com\/shop\/?page_id=17306"},"modified":"2025-10-16T15:29:43","modified_gmt":"2025-10-16T13:29:43","slug":"informacion-de-envio-de-pago","status":"publish","type":"page","link":"https:\/\/recco.com\/shop\/es\/informacion-de-envio-de-pago\/","title":{"rendered":"Informaci\u00f3n de pago y env\u00edo"},"content":{"rendered":"<h1 id=\"wd-7115cab3\" class=\"wp-block-wd-title title\">Informaci\u00f3n de pago y env\u00edo<\/h1>\n\n\n\n<p id=\"wd-f51341fe\" class=\"wp-block-wd-paragraph\">para la tienda online en recco.com<\/p>\n\n\n\n<p id=\"wd-5e43b705\" class=\"wp-block-wd-paragraph\">operado por<\/p>\n\n\n\n<p id=\"wd-34424f38\" class=\"wp-block-wd-paragraph\">RECCO AB<br>Radiov\u00e4gen 3A<br>181 55 Liding\u00f6<br>Suecia<br>Correo electr\u00f3nico: <a href=\"mailto:info@recco.com\">info@recco.com<\/a><br>Tel\u00e9fono: +46 8 73159 50<\/p>\n\n\n\n<p id=\"wd-cc524653\" class=\"wp-block-wd-paragraph\">\u2013 en adelante denominado \u201cProveedor\u201d \u2013<\/p>\n\n\n\n<h2 id=\"wd-6039ebf6\" class=\"wp-block-wd-title title\">1. Informaci\u00f3n general<\/h2>\n\n\n\n<p id=\"wd-f1163cbc\" class=\"wp-block-wd-paragraph\">La siguiente informaci\u00f3n aplica a todos los pedidos realizados a trav\u00e9s de nuestra tienda online. El env\u00edo se realiza por DHL. Los plazos y costes de entrega var\u00edan seg\u00fan el pa\u00eds de destino. Todos los precios incluyen el IVA legal aplicable.<\/p>\n\n\n\n<h2 id=\"wd-baa2cbd6\" class=\"wp-block-wd-title title\">2. Informaci\u00f3n de env\u00edo<\/h2>\n\n\n\n<h3 id=\"wd-d7ac8fa6\" class=\"wp-block-wd-title title\">2.1 Env\u00edos dentro de Alemania<\/h3>\n\n\n\n<ul class=\"wp-block-list\">\n<li>M\u00e9todo de env\u00edo: Env\u00edo DHL<\/li>\n\n\n\n<li>Gastos de env\u00edo: 2,95\u20ac<\/li>\n\n\n\n<li>Env\u00edo gratuito para pedidos superiores a 65,00\u20ac<\/li>\n<\/ul>\n\n\n\n<p id=\"wd-a06fc228\" class=\"wp-block-wd-paragraph\">Los pedidos inferiores a este importe se cobrar\u00e1n a la tarifa de env\u00edo est\u00e1ndar. El plazo de entrega suele ser de 2 a 4 d\u00edas laborables tras la confirmaci\u00f3n del pedido, a menos que se indique lo contrario al finalizar la compra.<\/p>\n\n\n\n<h3 id=\"wd-1972476f\" class=\"wp-block-wd-title title\">2.2 Env\u00edos dentro de la UE y otros pa\u00edses disponibles<\/h3>\n\n\n\n<ul class=\"wp-block-list\">\n<li>M\u00e9todo de env\u00edo: Env\u00edo DHL<\/li>\n\n\n\n<li>Gastos de env\u00edo: 5,95\u20ac<\/li>\n\n\n\n<li>Env\u00edo gratuito para pedidos superiores a 165,00\u20ac<\/li>\n<\/ul>\n\n\n\n<p id=\"wd-2bd884ed\" class=\"wp-block-wd-paragraph\">Los plazos de entrega var\u00edan seg\u00fan el destino. El plazo de entrega est\u00e1ndar suele ser de 4 a 8 d\u00edas laborables dentro de la UE.<\/p>\n\n\n\n<h3 id=\"wd-8f4a5041\" class=\"wp-block-wd-title title\">2.3 Regiones de env\u00edo<\/h3>\n\n\n\n<p id=\"wd-aa854387\" class=\"wp-block-wd-paragraph\">Actualmente realizamos env\u00edos a los siguientes pa\u00edses:<\/p>\n\n\n\n<p id=\"wd-54d53cbc\" class=\"wp-block-wd-paragraph\">Albania, Alemania, Andorra, Austria, B\u00e9lgica, Croacia, Dinamarca, Eslovaquia, Eslovenia, Estonia, Finlandia, Francia, Grecia, Hungr\u00eda, Irlanda, Islandia, Italia, Lituania, Luxemburgo, Malta, Noruega, Pa\u00edses Bajos, Polonia, Reino Unido, Rep\u00fablica Checa, Ruman\u00eda, Serbia, Suecia y Suiza. Tambi\u00e9n realizamos env\u00edos a Nueva Zelanda.<\/p>\n\n\n\n<p id=\"wd-0d3f93b4\" class=\"wp-block-wd-paragraph\">Las entregas a pa\u00edses no enumerados anteriormente no est\u00e1n disponibles en este momento.<\/p>\n\n\n\n<h2 id=\"wd-2e2d8a91\" class=\"wp-block-wd-title title\">3. Informaci\u00f3n de pago<\/h2>\n\n\n\n<p id=\"wd-e8433eb7\" class=\"wp-block-wd-paragraph\">Puede elegir entre los siguientes m\u00e9todos de pago seguros durante el pago:<\/p>\n\n\n\n<ul class=\"wp-block-list\">\n<li><strong>PayPal<\/strong> \u2013 Paga de forma f\u00e1cil y segura con tu cuenta PayPal.<\/li>\n\n\n\n<li><strong>Google Pay<\/strong> \u2013 Pago c\u00f3modo a trav\u00e9s de Google Pay.<\/li>\n\n\n\n<li><strong>Apple Pay<\/strong> \u2013 Pago r\u00e1pido y seguro con Apple Pay.<\/li>\n\n\n\n<li><strong>Tarjeta de cr\u00e9dito\/d\u00e9bito<\/strong> \u2013 Aceptamos las principales tarjetas de cr\u00e9dito y d\u00e9bito (Visa, Mastercard, American Express).<\/li>\n\n\n\n<li><strong>Klarna<\/strong> \u2013 Pague ahora o m\u00e1s tarde con Klarna, seg\u00fan las opciones disponibles en su pa\u00eds.<\/li>\n\n\n\n<li><strong>EPS<\/strong> \u2013 Disponible para clientes en Austria, permitiendo transferencias bancarias seguras.<\/li>\n\n\n\n<li><strong>ideal<\/strong> \u2013 Disponible para clientes en los Pa\u00edses Bajos para pagos bancarios en l\u00ednea seguros.<\/li>\n\n\n\n<li><strong>Inmediatamente<\/strong> \u2013 Opci\u00f3n de transferencia bancaria instant\u00e1nea segura disponible para clientes en Austria, B\u00e9lgica, Alemania, Italia, Pa\u00edses Bajos y Espa\u00f1a.<\/li>\n<\/ul>\n\n\n\n<p id=\"wd-574a99d0\" class=\"wp-block-wd-paragraph\">Todos los pagos se procesan de forma segura a trav\u00e9s de los respectivos proveedores de servicios. Los m\u00e9todos de pago disponibles para su pa\u00eds se mostrar\u00e1n durante el proceso de pago.<\/p>\n\n\n\n<p id=\"wd-dafda16c\" class=\"wp-block-wd-paragraph\">\u00daltima actualizaci\u00f3n: octubre de 2025<\/p>","protected":false},"excerpt":{"rendered":"","protected":false},"author":6,"featured_media":0,"parent":0,"menu_order":0,"comment_status":"closed","ping_status":"closed","template":"","meta":{"footnotes":""},"class_list":["post-17306","page","type-page","status-publish","hentry"],"yoast_head":"<!-- This site is optimized with the Yoast SEO plugin v26.9 - https:\/\/yoast.com\/product\/yoast-seo-wordpress\/ -->\n<title>Payment &amp; Shipping Information - RECCO<\/title>\n<meta name=\"robots\" content=\"index, follow, max-snippet:-1, max-image-preview:large, max-video-preview:-1\" \/>\n<link rel=\"canonical\" href=\"https:\/\/recco.com\/shop\/es\/informacion-de-envio-de-pago\/\" \/>\n<meta property=\"og:locale\" content=\"es_ES\" \/>\n<meta property=\"og:type\" content=\"article\" \/>\n<meta property=\"og:title\" content=\"Payment &amp; Shipping Information - RECCO\" \/>\n<meta property=\"og:url\" content=\"https:\/\/recco.com\/shop\/es\/informacion-de-envio-de-pago\/\" \/>\n<meta property=\"og:site_name\" content=\"RECCO\" \/>\n<meta property=\"article:modified_time\" content=\"2025-10-16T13:29:43+00:00\" \/>\n<meta name=\"twitter:card\" content=\"summary_large_image\" \/>\n<meta name=\"twitter:label1\" content=\"Tiempo de lectura\" \/>\n\t<meta name=\"twitter:data1\" content=\"2 minutos\" \/>\n<script type=\"application\/ld+json\" class=\"yoast-schema-graph\">{\"@context\":\"https:\/\/schema.org\",\"@graph\":[{\"@type\":\"WebPage\",\"@id\":\"https:\/\/recco.com\/shop\/payment-shipping-information\/\",\"url\":\"https:\/\/recco.com\/shop\/payment-shipping-information\/\",\"name\":\"Payment &amp; Shipping Information - RECCO\",\"isPartOf\":{\"@id\":\"https:\/\/recco.com\/shop\/#website\"},\"datePublished\":\"2024-08-26T11:05:00+00:00\",\"dateModified\":\"2025-10-16T13:29:43+00:00\",\"breadcrumb\":{\"@id\":\"https:\/\/recco.com\/shop\/payment-shipping-information\/#breadcrumb\"},\"inLanguage\":\"es\",\"potentialAction\":[{\"@type\":\"ReadAction\",\"target\":[\"https:\/\/recco.com\/shop\/payment-shipping-information\/\"]}]},{\"@type\":\"BreadcrumbList\",\"@id\":\"https:\/\/recco.com\/shop\/payment-shipping-information\/#breadcrumb\",\"itemListElement\":[{\"@type\":\"ListItem\",\"position\":1,\"name\":\"Home\",\"item\":\"https:\/\/recco.com\/shop\/\"},{\"@type\":\"ListItem\",\"position\":2,\"name\":\"Payment &amp; Shipping Information\"}]},{\"@type\":\"WebSite\",\"@id\":\"https:\/\/recco.com\/shop\/#website\",\"url\":\"https:\/\/recco.com\/shop\/\",\"name\":\"RECCO\",\"description\":\"\",\"potentialAction\":[{\"@type\":\"SearchAction\",\"target\":{\"@type\":\"EntryPoint\",\"urlTemplate\":\"https:\/\/recco.com\/shop\/?s={search_term_string}\"},\"query-input\":{\"@type\":\"PropertyValueSpecification\",\"valueRequired\":true,\"valueName\":\"search_term_string\"}}],\"inLanguage\":\"es\"}]}<\/script>\n<!-- \/ Yoast SEO plugin. -->","yoast_head_json":{"title":"Informaci\u00f3n de pago y env\u00edo - RECCO","robots":{"index":"index","follow":"follow","max-snippet":"max-snippet:-1","max-image-preview":"max-image-preview:large","max-video-preview":"max-video-preview:-1"},"canonical":"https:\/\/recco.com\/shop\/es\/informacion-de-envio-de-pago\/","og_locale":"es_ES","og_type":"article","og_title":"Payment &amp; Shipping Information - RECCO","og_url":"https:\/\/recco.com\/shop\/es\/informacion-de-envio-de-pago\/","og_site_name":"RECCO","article_modified_time":"2025-10-16T13:29:43+00:00","twitter_card":"summary_large_image","twitter_misc":{"Tiempo de lectura":"2 minutos"},"schema":{"@context":"https:\/\/schema.org","@graph":[{"@type":"WebPage","@id":"https:\/\/recco.com\/shop\/payment-shipping-information\/","url":"https:\/\/recco.com\/shop\/payment-shipping-information\/","name":"Informaci\u00f3n de pago y env\u00edo - RECCO","isPartOf":{"@id":"https:\/\/recco.com\/shop\/#website"},"datePublished":"2024-08-26T11:05:00+00:00","dateModified":"2025-10-16T13:29:43+00:00","breadcrumb":{"@id":"https:\/\/recco.com\/shop\/payment-shipping-information\/#breadcrumb"},"inLanguage":"es","potentialAction":[{"@type":"ReadAction","target":["https:\/\/recco.com\/shop\/payment-shipping-information\/"]}]},{"@type":"BreadcrumbList","@id":"https:\/\/recco.com\/shop\/payment-shipping-information\/#breadcrumb","itemListElement":[{"@type":"ListItem","position":1,"name":"Home","item":"https:\/\/recco.com\/shop\/"},{"@type":"ListItem","position":2,"name":"Payment &amp; Shipping Information"}]},{"@type":"WebSite","@id":"https:\/\/recco.com\/shop\/#website","url":"https:\/\/recco.com\/shop\/","name":"RECCO","description":"","potentialAction":[{"@type":"SearchAction","target":{"@type":"EntryPoint","urlTemplate":"https:\/\/recco.com\/shop\/?s={search_term_string}"},"query-input":{"@type":"PropertyValueSpecification","valueRequired":true,"valueName":"search_term_string"}}],"inLanguage":"es"}]}},"_links":{"self":[{"href":"https:\/\/recco.com\/shop\/es\/wp-json\/wp\/v2\/pages\/17306","targetHints":{"allow":["GET"]}}],"collection":[{"href":"https:\/\/recco.com\/shop\/es\/wp-json\/wp\/v2\/pages"}],"about":[{"href":"https:\/\/recco.com\/shop\/es\/wp-json\/wp\/v2\/types\/page"}],"author":[{"embeddable":true,"href":"https:\/\/recco.com\/shop\/es\/wp-json\/wp\/v2\/users\/6"}],"replies":[{"embeddable":true,"href":"https:\/\/recco.com\/shop\/es\/wp-json\/wp\/v2\/comments?post=17306"}],"version-history":[{"count":0,"href":"https:\/\/recco.com\/shop\/es\/wp-json\/wp\/v2\/pages\/17306\/revisions"}],"wp:attachment":[{"href":"https:\/\/recco.com\/shop\/es\/wp-json\/wp\/v2\/media?parent=17306"}],"curies":[{"name":"wp","href":"https:\/\/api.w.org\/{rel}","templated":true}]}}