

{"id":45,"date":"2021-08-26T12:21:44","date_gmt":"2021-08-26T12:21:44","guid":{"rendered":"http:\/\/dummy.xtemos.com\/woodmart2\/elementor\/?page_id=45"},"modified":"2024-01-10T11:13:12","modified_gmt":"2024-01-10T09:13:12","slug":"comparar-2","status":"publish","type":"page","link":"https:\/\/recco.com\/shop\/es\/comparar-2\/","title":{"rendered":"Comparar"},"content":{"rendered":"<p class=\"wd-empty-compare wd-empty-page\">\n\t\t\tCompare list is empty.\t\t<\/p>\n\t\t\t\t\t<div class=\"wd-empty-page-text\">\n\t\t\t\tNo hay productos a\u00f1adidos a la lista de comparaci\u00f3n. Debes a\u00f1adir algunos productos para compararlos.<br> Encontrar\u00e1 muchos productos interesantes en nuestra p\u00e1gina &quot;Tienda&quot;.\t\t\t<\/div>\n\t\t\t\t<p class=\"return-to-shop\">\n\t\t\t<a class=\"button\" href=\"https:\/\/recco.com\/shop\/es\/la-tienda\/\">\n\t\t\t\tVolver a la tienda\t\t\t<\/a>\n\t\t<\/p>","protected":false},"excerpt":{"rendered":"","protected":false},"author":6,"featured_media":0,"parent":0,"menu_order":0,"comment_status":"closed","ping_status":"closed","template":"","meta":{"footnotes":""},"class_list":["post-45","page","type-page","status-publish","hentry"],"yoast_head":"<!-- This site is optimized with the Yoast SEO plugin v26.9 - https:\/\/yoast.com\/product\/yoast-seo-wordpress\/ -->\n<title>Compare - RECCO<\/title>\n<meta name=\"robots\" content=\"index, follow, max-snippet:-1, max-image-preview:large, max-video-preview:-1\" \/>\n<link rel=\"canonical\" href=\"https:\/\/reccoshop.de\/compare-2\/\" \/>\n<meta property=\"og:locale\" content=\"es_ES\" \/>\n<meta property=\"og:type\" content=\"article\" \/>\n<meta property=\"og:title\" content=\"Compare - RECCO\" \/>\n<meta property=\"og:url\" content=\"https:\/\/reccoshop.de\/compare-2\/\" \/>\n<meta property=\"og:site_name\" content=\"RECCO\" \/>\n<meta property=\"article:modified_time\" content=\"2024-01-10T09:13:12+00:00\" \/>\n<meta name=\"twitter:card\" content=\"summary_large_image\" \/>\n<script type=\"application\/ld+json\" class=\"yoast-schema-graph\">{\"@context\":\"https:\/\/schema.org\",\"@graph\":[{\"@type\":\"WebPage\",\"@id\":\"https:\/\/reccoshop.de\/compare-2\/\",\"url\":\"https:\/\/reccoshop.de\/compare-2\/\",\"name\":\"Compare - RECCO\",\"isPartOf\":{\"@id\":\"https:\/\/recco.com\/shop\/#website\"},\"datePublished\":\"2021-08-26T12:21:44+00:00\",\"dateModified\":\"2024-01-10T09:13:12+00:00\",\"breadcrumb\":{\"@id\":\"https:\/\/reccoshop.de\/compare-2\/#breadcrumb\"},\"inLanguage\":\"es\",\"potentialAction\":[{\"@type\":\"ReadAction\",\"target\":[\"https:\/\/reccoshop.de\/compare-2\/\"]}]},{\"@type\":\"BreadcrumbList\",\"@id\":\"https:\/\/reccoshop.de\/compare-2\/#breadcrumb\",\"itemListElement\":[{\"@type\":\"ListItem\",\"position\":1,\"name\":\"Home\",\"item\":\"https:\/\/recco.com\/shop\/\"},{\"@type\":\"ListItem\",\"position\":2,\"name\":\"Compare\"}]},{\"@type\":\"WebSite\",\"@id\":\"https:\/\/recco.com\/shop\/#website\",\"url\":\"https:\/\/recco.com\/shop\/\",\"name\":\"RECCO\",\"description\":\"\",\"potentialAction\":[{\"@type\":\"SearchAction\",\"target\":{\"@type\":\"EntryPoint\",\"urlTemplate\":\"https:\/\/recco.com\/shop\/?s={search_term_string}\"},\"query-input\":{\"@type\":\"PropertyValueSpecification\",\"valueRequired\":true,\"valueName\":\"search_term_string\"}}],\"inLanguage\":\"es\"}]}<\/script>\n<!-- \/ Yoast SEO plugin. -->","yoast_head_json":{"title":"Comparar - RECCO","robots":{"index":"index","follow":"follow","max-snippet":"max-snippet:-1","max-image-preview":"max-image-preview:large","max-video-preview":"max-video-preview:-1"},"canonical":"https:\/\/reccoshop.de\/compare-2\/","og_locale":"es_ES","og_type":"article","og_title":"Compare - RECCO","og_url":"https:\/\/reccoshop.de\/compare-2\/","og_site_name":"RECCO","article_modified_time":"2024-01-10T09:13:12+00:00","twitter_card":"summary_large_image","schema":{"@context":"https:\/\/schema.org","@graph":[{"@type":"WebPage","@id":"https:\/\/reccoshop.de\/compare-2\/","url":"https:\/\/reccoshop.de\/compare-2\/","name":"Comparar - RECCO","isPartOf":{"@id":"https:\/\/recco.com\/shop\/#website"},"datePublished":"2021-08-26T12:21:44+00:00","dateModified":"2024-01-10T09:13:12+00:00","breadcrumb":{"@id":"https:\/\/reccoshop.de\/compare-2\/#breadcrumb"},"inLanguage":"es","potentialAction":[{"@type":"ReadAction","target":["https:\/\/reccoshop.de\/compare-2\/"]}]},{"@type":"BreadcrumbList","@id":"https:\/\/reccoshop.de\/compare-2\/#breadcrumb","itemListElement":[{"@type":"ListItem","position":1,"name":"Home","item":"https:\/\/recco.com\/shop\/"},{"@type":"ListItem","position":2,"name":"Compare"}]},{"@type":"WebSite","@id":"https:\/\/recco.com\/shop\/#website","url":"https:\/\/recco.com\/shop\/","name":"RECCO","description":"","potentialAction":[{"@type":"SearchAction","target":{"@type":"EntryPoint","urlTemplate":"https:\/\/recco.com\/shop\/?s={search_term_string}"},"query-input":{"@type":"PropertyValueSpecification","valueRequired":true,"valueName":"search_term_string"}}],"inLanguage":"es"}]}},"_links":{"self":[{"href":"https:\/\/recco.com\/shop\/es\/wp-json\/wp\/v2\/pages\/45","targetHints":{"allow":["GET"]}}],"collection":[{"href":"https:\/\/recco.com\/shop\/es\/wp-json\/wp\/v2\/pages"}],"about":[{"href":"https:\/\/recco.com\/shop\/es\/wp-json\/wp\/v2\/types\/page"}],"author":[{"embeddable":true,"href":"https:\/\/recco.com\/shop\/es\/wp-json\/wp\/v2\/users\/6"}],"replies":[{"embeddable":true,"href":"https:\/\/recco.com\/shop\/es\/wp-json\/wp\/v2\/comments?post=45"}],"version-history":[{"count":0,"href":"https:\/\/recco.com\/shop\/es\/wp-json\/wp\/v2\/pages\/45\/revisions"}],"wp:attachment":[{"href":"https:\/\/recco.com\/shop\/es\/wp-json\/wp\/v2\/media?parent=45"}],"curies":[{"name":"wp","href":"https:\/\/api.w.org\/{rel}","templated":true}]}}