

{"id":15986,"date":"2024-01-15T11:49:00","date_gmt":"2024-01-15T10:49:00","guid":{"rendered":"https:\/\/recco.com\/shop\/product\/recco-reflektor-fur-rucksacke-schwarz-2\/"},"modified":"2026-04-23T19:26:33","modified_gmt":"2026-04-23T17:26:33","slug":"reflector-de-rescate-para-mochila-recco","status":"publish","type":"product","link":"https:\/\/recco.com\/shop\/es\/producto\/reflector-de-rescate-para-mochila-recco\/","title":{"rendered":"El reflector de rescate RECCO\u00ae para mochila"},"content":{"rendered":"<p>El reflector de rescate de mochila RECCO\u00ae le permite ser buscado por profesionales de rescate que utilicen detectores RECCO\u00ae en caso de accidente por avalancha o si se pierde al aire libre.<\/p>\n<p>El reflector de rescate para mochilas RECCO\u00ae ha sido especialmente dise\u00f1ado para su aplicaci\u00f3n en correas de transporte de mochilas y est\u00e1 destinado principalmente para su uso en verano para ser localizado por helic\u00f3ptero en caso de desaparici\u00f3n.<\/p>\n<p>NOTA: Al utilizar el reflector de rescate de mochila en zonas con peligro de avalanchas en invierno, es importante que el reflector solo se utilice en mochilas que est\u00e9n aseguradas como una mochila airbag para avalanchas con una correa para las piernas, ya que una mochila desprendida con un reflector en una avalancha puede generar una se\u00f1al falsa.<\/p>\n<p>\u00a1Aplique el reflector de rescate \u00fanicamente al asa de la mochila!<\/p>","protected":false},"excerpt":{"rendered":"<p>Se sujeta f\u00e1cilmente a todas sus mochilas, lo que le permite ser localizado por los socorristas cuando se aventura al aire libre.<\/p>","protected":false},"featured_media":19452,"template":"","meta":[],"product_brand":[],"product_cat":[95,91],"product_tag":[],"class_list":{"0":"post-15986","1":"product","2":"type-product","3":"status-publish","4":"has-post-thumbnail","6":"product_cat-backpackreflectors","7":"product_cat-reflectors","9":"first","10":"instock","11":"taxable","12":"shipping-taxable","13":"purchasable","14":"product-type-variable"},"yoast_head":"<!-- This site is optimized with the Yoast SEO plugin v26.9 - https:\/\/yoast.com\/product\/yoast-seo-wordpress\/ -->\n<title>RECCO\u00ae Backpack Rescue Reflector - RECCO<\/title>\n<meta name=\"robots\" content=\"index, follow, max-snippet:-1, max-image-preview:large, max-video-preview:-1\" \/>\n<link rel=\"canonical\" href=\"https:\/\/recco.com\/shop\/es\/producto\/reflector-de-rescate-para-mochila-recco\/\" \/>\n<meta property=\"og:locale\" content=\"es_ES\" \/>\n<meta property=\"og:type\" content=\"article\" \/>\n<meta property=\"og:title\" content=\"RECCO\u00ae Backpack Rescue Reflector - RECCO\" \/>\n<meta property=\"og:description\" content=\"Easily attaches to your backpack, keeping you searchable to rescuers when you\u2019re adventuring in the outdoors.\" \/>\n<meta property=\"og:url\" content=\"https:\/\/recco.com\/shop\/es\/producto\/reflector-de-rescate-para-mochila-recco\/\" \/>\n<meta property=\"og:site_name\" content=\"RECCO\" \/>\n<meta property=\"article:modified_time\" content=\"2026-04-23T17:26:33+00:00\" \/>\n<meta property=\"og:image\" content=\"https:\/\/recco.com\/shop\/wp-content\/uploads\/2025\/06\/backpack_black_front_masked.png\" \/>\n\t<meta property=\"og:image:width\" content=\"1920\" \/>\n\t<meta property=\"og:image:height\" content=\"1920\" \/>\n\t<meta property=\"og:image:type\" content=\"image\/png\" \/>\n<meta name=\"twitter:card\" content=\"summary_large_image\" \/>\n<meta name=\"twitter:label1\" content=\"Tiempo de lectura\" \/>\n\t<meta name=\"twitter:data1\" content=\"1 minuto\" \/>\n<script type=\"application\/ld+json\" class=\"yoast-schema-graph\">{\"@context\":\"https:\/\/schema.org\",\"@graph\":[{\"@type\":\"WebPage\",\"@id\":\"https:\/\/recco.com\/shop\/product\/recco-backpack-rescue-reflector\/\",\"url\":\"https:\/\/recco.com\/shop\/product\/recco-backpack-rescue-reflector\/\",\"name\":\"RECCO\u00ae Backpack Rescue Reflector - RECCO\",\"isPartOf\":{\"@id\":\"https:\/\/recco.com\/shop\/#website\"},\"primaryImageOfPage\":{\"@id\":\"https:\/\/recco.com\/shop\/product\/recco-backpack-rescue-reflector\/#primaryimage\"},\"image\":{\"@id\":\"https:\/\/recco.com\/shop\/product\/recco-backpack-rescue-reflector\/#primaryimage\"},\"thumbnailUrl\":\"https:\/\/recco.com\/shop\/wp-content\/uploads\/2025\/06\/backpack_black_front_masked.png\",\"datePublished\":\"2024-01-15T10:49:00+00:00\",\"dateModified\":\"2026-04-23T17:26:33+00:00\",\"breadcrumb\":{\"@id\":\"https:\/\/recco.com\/shop\/product\/recco-backpack-rescue-reflector\/#breadcrumb\"},\"inLanguage\":\"es\",\"potentialAction\":[{\"@type\":\"ReadAction\",\"target\":[\"https:\/\/recco.com\/shop\/product\/recco-backpack-rescue-reflector\/\"]}]},{\"@type\":\"ImageObject\",\"inLanguage\":\"es\",\"@id\":\"https:\/\/recco.com\/shop\/product\/recco-backpack-rescue-reflector\/#primaryimage\",\"url\":\"https:\/\/recco.com\/shop\/wp-content\/uploads\/2025\/06\/backpack_black_front_masked.png\",\"contentUrl\":\"https:\/\/recco.com\/shop\/wp-content\/uploads\/2025\/06\/backpack_black_front_masked.png\",\"width\":1920,\"height\":1920},{\"@type\":\"BreadcrumbList\",\"@id\":\"https:\/\/recco.com\/shop\/product\/recco-backpack-rescue-reflector\/#breadcrumb\",\"itemListElement\":[{\"@type\":\"ListItem\",\"position\":1,\"name\":\"Home\",\"item\":\"https:\/\/recco.com\/shop\/\"},{\"@type\":\"ListItem\",\"position\":2,\"name\":\"Shop\",\"item\":\"https:\/\/recco.com\/shop\/the-shop\/\"},{\"@type\":\"ListItem\",\"position\":3,\"name\":\"RECCO\u00ae Backpack Rescue Reflector\"}]},{\"@type\":\"WebSite\",\"@id\":\"https:\/\/recco.com\/shop\/#website\",\"url\":\"https:\/\/recco.com\/shop\/\",\"name\":\"RECCO\",\"description\":\"\",\"potentialAction\":[{\"@type\":\"SearchAction\",\"target\":{\"@type\":\"EntryPoint\",\"urlTemplate\":\"https:\/\/recco.com\/shop\/?s={search_term_string}\"},\"query-input\":{\"@type\":\"PropertyValueSpecification\",\"valueRequired\":true,\"valueName\":\"search_term_string\"}}],\"inLanguage\":\"es\"}]}<\/script>\n<!-- \/ Yoast SEO plugin. -->","yoast_head_json":{"title":"Reflector de rescate de mochila RECCO\u00ae - RECCO","robots":{"index":"index","follow":"follow","max-snippet":"max-snippet:-1","max-image-preview":"max-image-preview:large","max-video-preview":"max-video-preview:-1"},"canonical":"https:\/\/recco.com\/shop\/es\/producto\/reflector-de-rescate-para-mochila-recco\/","og_locale":"es_ES","og_type":"article","og_title":"RECCO\u00ae Backpack Rescue Reflector - RECCO","og_description":"Easily attaches to your backpack, keeping you searchable to rescuers when you\u2019re adventuring in the outdoors.","og_url":"https:\/\/recco.com\/shop\/es\/producto\/reflector-de-rescate-para-mochila-recco\/","og_site_name":"RECCO","article_modified_time":"2026-04-23T17:26:33+00:00","og_image":[{"width":1920,"height":1920,"url":"https:\/\/recco.com\/shop\/wp-content\/uploads\/2025\/06\/backpack_black_front_masked.png","type":"image\/png"}],"twitter_card":"summary_large_image","twitter_misc":{"Tiempo de lectura":"1 minuto"},"schema":{"@context":"https:\/\/schema.org","@graph":[{"@type":"WebPage","@id":"https:\/\/recco.com\/shop\/product\/recco-backpack-rescue-reflector\/","url":"https:\/\/recco.com\/shop\/product\/recco-backpack-rescue-reflector\/","name":"Reflector de rescate de mochila RECCO\u00ae - RECCO","isPartOf":{"@id":"https:\/\/recco.com\/shop\/#website"},"primaryImageOfPage":{"@id":"https:\/\/recco.com\/shop\/product\/recco-backpack-rescue-reflector\/#primaryimage"},"image":{"@id":"https:\/\/recco.com\/shop\/product\/recco-backpack-rescue-reflector\/#primaryimage"},"thumbnailUrl":"https:\/\/recco.com\/shop\/wp-content\/uploads\/2025\/06\/backpack_black_front_masked.png","datePublished":"2024-01-15T10:49:00+00:00","dateModified":"2026-04-23T17:26:33+00:00","breadcrumb":{"@id":"https:\/\/recco.com\/shop\/product\/recco-backpack-rescue-reflector\/#breadcrumb"},"inLanguage":"es","potentialAction":[{"@type":"ReadAction","target":["https:\/\/recco.com\/shop\/product\/recco-backpack-rescue-reflector\/"]}]},{"@type":"ImageObject","inLanguage":"es","@id":"https:\/\/recco.com\/shop\/product\/recco-backpack-rescue-reflector\/#primaryimage","url":"https:\/\/recco.com\/shop\/wp-content\/uploads\/2025\/06\/backpack_black_front_masked.png","contentUrl":"https:\/\/recco.com\/shop\/wp-content\/uploads\/2025\/06\/backpack_black_front_masked.png","width":1920,"height":1920},{"@type":"BreadcrumbList","@id":"https:\/\/recco.com\/shop\/product\/recco-backpack-rescue-reflector\/#breadcrumb","itemListElement":[{"@type":"ListItem","position":1,"name":"Home","item":"https:\/\/recco.com\/shop\/"},{"@type":"ListItem","position":2,"name":"Shop","item":"https:\/\/recco.com\/shop\/the-shop\/"},{"@type":"ListItem","position":3,"name":"RECCO\u00ae Backpack Rescue Reflector"}]},{"@type":"WebSite","@id":"https:\/\/recco.com\/shop\/#website","url":"https:\/\/recco.com\/shop\/","name":"RECCO","description":"","potentialAction":[{"@type":"SearchAction","target":{"@type":"EntryPoint","urlTemplate":"https:\/\/recco.com\/shop\/?s={search_term_string}"},"query-input":{"@type":"PropertyValueSpecification","valueRequired":true,"valueName":"search_term_string"}}],"inLanguage":"es"}]}},"_links":{"self":[{"href":"https:\/\/recco.com\/shop\/es\/wp-json\/wp\/v2\/product\/15986","targetHints":{"allow":["GET"]}}],"collection":[{"href":"https:\/\/recco.com\/shop\/es\/wp-json\/wp\/v2\/product"}],"about":[{"href":"https:\/\/recco.com\/shop\/es\/wp-json\/wp\/v2\/types\/product"}],"version-history":[{"count":4,"href":"https:\/\/recco.com\/shop\/es\/wp-json\/wp\/v2\/product\/15986\/revisions"}],"predecessor-version":[{"id":28786,"href":"https:\/\/recco.com\/shop\/es\/wp-json\/wp\/v2\/product\/15986\/revisions\/28786"}],"wp:featuredmedia":[{"embeddable":true,"href":"https:\/\/recco.com\/shop\/es\/wp-json\/wp\/v2\/media\/19452"}],"wp:attachment":[{"href":"https:\/\/recco.com\/shop\/es\/wp-json\/wp\/v2\/media?parent=15986"}],"wp:term":[{"taxonomy":"product_brand","embeddable":true,"href":"https:\/\/recco.com\/shop\/es\/wp-json\/wp\/v2\/product_brand?post=15986"},{"taxonomy":"product_cat","embeddable":true,"href":"https:\/\/recco.com\/shop\/es\/wp-json\/wp\/v2\/product_cat?post=15986"},{"taxonomy":"product_tag","embeddable":true,"href":"https:\/\/recco.com\/shop\/es\/wp-json\/wp\/v2\/product_tag?post=15986"}],"curies":[{"name":"wp","href":"https:\/\/api.w.org\/{rel}","templated":true}]}}