

{"id":15988,"date":"2024-01-15T11:49:00","date_gmt":"2024-01-15T10:49:00","guid":{"rendered":"https:\/\/recco.com\/shop\/product\/recco-reflektor-fur-helme-schwarz-2\/"},"modified":"2026-04-04T11:21:50","modified_gmt":"2026-04-04T09:21:50","slug":"reflector-de-rescate-para-casco-recco","status":"publish","type":"product","link":"https:\/\/recco.com\/shop\/es\/producto\/reflector-de-rescate-para-casco-recco\/","title":{"rendered":"El reflector de rescate RECCO para casco"},"content":{"rendered":"<p>El reflector de rescate para casco RECCO\u00ae le permite ser buscado por profesionales de rescate que utilicen detectores RECCO\u00ae en caso de accidente por avalancha o si se pierde al aire libre.<\/p>\n<p>El reflector de rescate para casco RECCO\u00ae viene con un pegamento en la parte inferior y se adhiere al casco como una pegatina.<\/p>\n<p>El pegamento est\u00e1 dise\u00f1ado para todas las temperaturas, tanto en invierno como en verano, y es de larga duraci\u00f3n. Es importante seguir las instrucciones de aplicaci\u00f3n para garantizar una adhesi\u00f3n firme:<\/p>\n<p>Aplica el reflector sobre una superficie del casco lisa y limpia a temperatura ambiente.<\/p>\n<p>Presiona firmemente sobre el reflector para asegurar la adhesi\u00f3n a toda la superficie.<\/p>\n<p>Dejar reposar al menos 24 horas para que el reflector se adhiera correctamente a la superficie.<\/p>","protected":false},"excerpt":{"rendered":"<p>Dise\u00f1ado para acoplarse a cascos de esqu\u00ed, snowboard, bicicleta, escalada o cualquier otra actividad al aire libre.<\/p>","protected":false},"featured_media":16018,"template":"","meta":[],"product_brand":[],"product_cat":[94,91],"product_tag":[],"class_list":{"0":"post-15988","1":"product","2":"type-product","3":"status-publish","4":"has-post-thumbnail","6":"product_cat-helmetreflectors","7":"product_cat-reflectors","9":"first","10":"instock","11":"taxable","12":"shipping-taxable","13":"purchasable","14":"product-type-variable"},"yoast_head":"<!-- This site is optimized with the Yoast SEO plugin v26.9 - https:\/\/yoast.com\/product\/yoast-seo-wordpress\/ -->\n<title>RECCO\u00ae Helmet Rescue Reflector - RECCO<\/title>\n<meta name=\"robots\" content=\"index, follow, max-snippet:-1, max-image-preview:large, max-video-preview:-1\" \/>\n<link rel=\"canonical\" href=\"https:\/\/recco.com\/shop\/es\/producto\/reflector-de-rescate-para-casco-recco\/\" \/>\n<meta property=\"og:locale\" content=\"es_ES\" \/>\n<meta property=\"og:type\" content=\"article\" \/>\n<meta property=\"og:title\" content=\"RECCO\u00ae Helmet Rescue Reflector - RECCO\" \/>\n<meta property=\"og:description\" content=\"Designed to attach to helmets used for skiing, snowboarding, biking, climbing or any other outdoor activity.\" \/>\n<meta property=\"og:url\" content=\"https:\/\/recco.com\/shop\/es\/producto\/reflector-de-rescate-para-casco-recco\/\" \/>\n<meta property=\"og:site_name\" content=\"RECCO\" \/>\n<meta property=\"article:modified_time\" content=\"2026-04-04T09:21:50+00:00\" \/>\n<meta property=\"og:image\" content=\"https:\/\/recco.com\/shop\/wp-content\/uploads\/2024\/01\/helmet_black_front_masked.png\" \/>\n\t<meta property=\"og:image:width\" content=\"1920\" \/>\n\t<meta property=\"og:image:height\" content=\"1920\" \/>\n\t<meta property=\"og:image:type\" content=\"image\/png\" \/>\n<meta name=\"twitter:card\" content=\"summary_large_image\" \/>\n<meta name=\"twitter:label1\" content=\"Tiempo de lectura\" \/>\n\t<meta name=\"twitter:data1\" content=\"1 minuto\" \/>\n<script type=\"application\/ld+json\" class=\"yoast-schema-graph\">{\"@context\":\"https:\/\/schema.org\",\"@graph\":[{\"@type\":\"WebPage\",\"@id\":\"https:\/\/recco.com\/shop\/product\/recco-helmet-rescue-reflector\/\",\"url\":\"https:\/\/recco.com\/shop\/product\/recco-helmet-rescue-reflector\/\",\"name\":\"RECCO\u00ae Helmet Rescue Reflector - RECCO\",\"isPartOf\":{\"@id\":\"https:\/\/recco.com\/shop\/#website\"},\"primaryImageOfPage\":{\"@id\":\"https:\/\/recco.com\/shop\/product\/recco-helmet-rescue-reflector\/#primaryimage\"},\"image\":{\"@id\":\"https:\/\/recco.com\/shop\/product\/recco-helmet-rescue-reflector\/#primaryimage\"},\"thumbnailUrl\":\"https:\/\/recco.com\/shop\/wp-content\/uploads\/2024\/01\/helmet_black_front_masked.png\",\"datePublished\":\"2024-01-15T10:49:00+00:00\",\"dateModified\":\"2026-04-04T09:21:50+00:00\",\"breadcrumb\":{\"@id\":\"https:\/\/recco.com\/shop\/product\/recco-helmet-rescue-reflector\/#breadcrumb\"},\"inLanguage\":\"es\",\"potentialAction\":[{\"@type\":\"ReadAction\",\"target\":[\"https:\/\/recco.com\/shop\/product\/recco-helmet-rescue-reflector\/\"]}]},{\"@type\":\"ImageObject\",\"inLanguage\":\"es\",\"@id\":\"https:\/\/recco.com\/shop\/product\/recco-helmet-rescue-reflector\/#primaryimage\",\"url\":\"https:\/\/recco.com\/shop\/wp-content\/uploads\/2024\/01\/helmet_black_front_masked.png\",\"contentUrl\":\"https:\/\/recco.com\/shop\/wp-content\/uploads\/2024\/01\/helmet_black_front_masked.png\",\"width\":1920,\"height\":1920},{\"@type\":\"BreadcrumbList\",\"@id\":\"https:\/\/recco.com\/shop\/product\/recco-helmet-rescue-reflector\/#breadcrumb\",\"itemListElement\":[{\"@type\":\"ListItem\",\"position\":1,\"name\":\"Home\",\"item\":\"https:\/\/recco.com\/shop\/\"},{\"@type\":\"ListItem\",\"position\":2,\"name\":\"Shop\",\"item\":\"https:\/\/recco.com\/shop\/the-shop\/\"},{\"@type\":\"ListItem\",\"position\":3,\"name\":\"RECCO\u00ae Helmet Rescue Reflector\"}]},{\"@type\":\"WebSite\",\"@id\":\"https:\/\/recco.com\/shop\/#website\",\"url\":\"https:\/\/recco.com\/shop\/\",\"name\":\"RECCO\",\"description\":\"\",\"potentialAction\":[{\"@type\":\"SearchAction\",\"target\":{\"@type\":\"EntryPoint\",\"urlTemplate\":\"https:\/\/recco.com\/shop\/?s={search_term_string}\"},\"query-input\":{\"@type\":\"PropertyValueSpecification\",\"valueRequired\":true,\"valueName\":\"search_term_string\"}}],\"inLanguage\":\"es\"}]}<\/script>\n<!-- \/ Yoast SEO plugin. -->","yoast_head_json":{"title":"Reflector de rescate para casco RECCO\u00ae - RECCO","robots":{"index":"index","follow":"follow","max-snippet":"max-snippet:-1","max-image-preview":"max-image-preview:large","max-video-preview":"max-video-preview:-1"},"canonical":"https:\/\/recco.com\/shop\/es\/producto\/reflector-de-rescate-para-casco-recco\/","og_locale":"es_ES","og_type":"article","og_title":"RECCO\u00ae Helmet Rescue Reflector - RECCO","og_description":"Designed to attach to helmets used for skiing, snowboarding, biking, climbing or any other outdoor activity.","og_url":"https:\/\/recco.com\/shop\/es\/producto\/reflector-de-rescate-para-casco-recco\/","og_site_name":"RECCO","article_modified_time":"2026-04-04T09:21:50+00:00","og_image":[{"width":1920,"height":1920,"url":"https:\/\/recco.com\/shop\/wp-content\/uploads\/2024\/01\/helmet_black_front_masked.png","type":"image\/png"}],"twitter_card":"summary_large_image","twitter_misc":{"Tiempo de lectura":"1 minuto"},"schema":{"@context":"https:\/\/schema.org","@graph":[{"@type":"WebPage","@id":"https:\/\/recco.com\/shop\/product\/recco-helmet-rescue-reflector\/","url":"https:\/\/recco.com\/shop\/product\/recco-helmet-rescue-reflector\/","name":"Reflector de rescate para casco RECCO\u00ae - RECCO","isPartOf":{"@id":"https:\/\/recco.com\/shop\/#website"},"primaryImageOfPage":{"@id":"https:\/\/recco.com\/shop\/product\/recco-helmet-rescue-reflector\/#primaryimage"},"image":{"@id":"https:\/\/recco.com\/shop\/product\/recco-helmet-rescue-reflector\/#primaryimage"},"thumbnailUrl":"https:\/\/recco.com\/shop\/wp-content\/uploads\/2024\/01\/helmet_black_front_masked.png","datePublished":"2024-01-15T10:49:00+00:00","dateModified":"2026-04-04T09:21:50+00:00","breadcrumb":{"@id":"https:\/\/recco.com\/shop\/product\/recco-helmet-rescue-reflector\/#breadcrumb"},"inLanguage":"es","potentialAction":[{"@type":"ReadAction","target":["https:\/\/recco.com\/shop\/product\/recco-helmet-rescue-reflector\/"]}]},{"@type":"ImageObject","inLanguage":"es","@id":"https:\/\/recco.com\/shop\/product\/recco-helmet-rescue-reflector\/#primaryimage","url":"https:\/\/recco.com\/shop\/wp-content\/uploads\/2024\/01\/helmet_black_front_masked.png","contentUrl":"https:\/\/recco.com\/shop\/wp-content\/uploads\/2024\/01\/helmet_black_front_masked.png","width":1920,"height":1920},{"@type":"BreadcrumbList","@id":"https:\/\/recco.com\/shop\/product\/recco-helmet-rescue-reflector\/#breadcrumb","itemListElement":[{"@type":"ListItem","position":1,"name":"Home","item":"https:\/\/recco.com\/shop\/"},{"@type":"ListItem","position":2,"name":"Shop","item":"https:\/\/recco.com\/shop\/the-shop\/"},{"@type":"ListItem","position":3,"name":"RECCO\u00ae Helmet Rescue Reflector"}]},{"@type":"WebSite","@id":"https:\/\/recco.com\/shop\/#website","url":"https:\/\/recco.com\/shop\/","name":"RECCO","description":"","potentialAction":[{"@type":"SearchAction","target":{"@type":"EntryPoint","urlTemplate":"https:\/\/recco.com\/shop\/?s={search_term_string}"},"query-input":{"@type":"PropertyValueSpecification","valueRequired":true,"valueName":"search_term_string"}}],"inLanguage":"es"}]}},"_links":{"self":[{"href":"https:\/\/recco.com\/shop\/es\/wp-json\/wp\/v2\/product\/15988","targetHints":{"allow":["GET"]}}],"collection":[{"href":"https:\/\/recco.com\/shop\/es\/wp-json\/wp\/v2\/product"}],"about":[{"href":"https:\/\/recco.com\/shop\/es\/wp-json\/wp\/v2\/types\/product"}],"version-history":[{"count":3,"href":"https:\/\/recco.com\/shop\/es\/wp-json\/wp\/v2\/product\/15988\/revisions"}],"predecessor-version":[{"id":28787,"href":"https:\/\/recco.com\/shop\/es\/wp-json\/wp\/v2\/product\/15988\/revisions\/28787"}],"wp:featuredmedia":[{"embeddable":true,"href":"https:\/\/recco.com\/shop\/es\/wp-json\/wp\/v2\/media\/16018"}],"wp:attachment":[{"href":"https:\/\/recco.com\/shop\/es\/wp-json\/wp\/v2\/media?parent=15988"}],"wp:term":[{"taxonomy":"product_brand","embeddable":true,"href":"https:\/\/recco.com\/shop\/es\/wp-json\/wp\/v2\/product_brand?post=15988"},{"taxonomy":"product_cat","embeddable":true,"href":"https:\/\/recco.com\/shop\/es\/wp-json\/wp\/v2\/product_cat?post=15988"},{"taxonomy":"product_tag","embeddable":true,"href":"https:\/\/recco.com\/shop\/es\/wp-json\/wp\/v2\/product_tag?post=15988"}],"curies":[{"name":"wp","href":"https:\/\/api.w.org\/{rel}","templated":true}]}}