

{"id":15798,"date":"2024-01-12T09:29:19","date_gmt":"2024-01-12T07:29:19","guid":{"rendered":"https:\/\/recco.com\/shop\/?page_id=15798"},"modified":"2025-09-25T16:38:09","modified_gmt":"2025-09-25T14:38:09","slug":"politique-dannulation","status":"publish","type":"page","link":"https:\/\/recco.com\/shop\/fr\/politique-dannulation\/","title":{"rendered":"Politique d&#039;annulation"},"content":{"rendered":"<h1 id=\"wd-25d29872\" class=\"wp-block-wd-title title\">Politique d&#039;annulation (droit de r\u00e9tractation)<\/h1>\n\n\n\n<h2 id=\"wd-7319429b\" class=\"wp-block-wd-title title\">Droit de r\u00e9tractation pour les consommateurs<\/h2>\n\n\n\n<p id=\"wd-e2e6f7cc\" class=\"wp-block-wd-paragraph\">Un consommateur est toute personne physique qui conclut une transaction juridique \u00e0 des fins qui ne sont principalement pas li\u00e9es \u00e0 son activit\u00e9 professionnelle commerciale ou ind\u00e9pendante.<\/p>\n\n\n\n<p id=\"wd-eff1b866\" class=\"wp-block-wd-paragraph\">Vous avez le droit de vous r\u00e9tracter du pr\u00e9sent contrat dans un d\u00e9lai de 14 jours sans donner de motif. Le d\u00e9lai de r\u00e9tractation est de 14 jours \u00e0 compter du jour o\u00f9 vous, ou un tiers d\u00e9sign\u00e9 par vous, autre que le transporteur, avez pris possession des biens.<\/p>\n\n\n\n<p id=\"wd-d09ba138\" class=\"wp-block-wd-paragraph\">Pour exercer votre droit de r\u00e9tractation, vous devez nous informer (RECCO AB, Radiov\u00e4gen 3A, 181 55 Liding\u00f6, T\u00e9l.\u00a0: +46 8 73159 50, Courriel\u00a0: info@recco.com) de votre d\u00e9cision de r\u00e9tractation du pr\u00e9sent contrat au moyen d&#039;une d\u00e9claration d\u00e9nu\u00e9e d&#039;ambigu\u00eft\u00e9 (par exemple, lettre envoy\u00e9e par la poste ou courriel). Vous pouvez utiliser le mod\u00e8le de formulaire de r\u00e9tractation ci-joint, mais ce n&#039;est pas obligatoire.<\/p>\n\n\n\n<p id=\"wd-d275bc31\" class=\"wp-block-wd-paragraph\">Pour respecter le d\u00e9lai de r\u00e9tractation, il suffit que vous transmettiez votre communication relative \u00e0 l\u2019exercice du droit de r\u00e9tractation avant l\u2019expiration du d\u00e9lai de r\u00e9tractation.<\/p>\n\n\n\n<h2 id=\"wd-2c8d4630\" class=\"wp-block-wd-title title\">Cons\u00e9quences du retrait<\/h2>\n\n\n\n<p id=\"wd-ea9c0363\" class=\"wp-block-wd-paragraph\">En cas de r\u00e9tractation de votre part du pr\u00e9sent contrat, nous vous rembourserons tous les paiements re\u00e7us de vous, y compris les frais de livraison (\u00e0 l\u2019exception des frais suppl\u00e9mentaires d\u00e9coulant du fait que vous avez choisi, le cas \u00e9ch\u00e9ant, un mode de livraison autre que la livraison standard, moins ch\u00e8re, propos\u00e9e par nous), sans retard excessif et au plus tard dans les quatorze jours suivant le jour o\u00f9 nous avons re\u00e7u la notification de votre r\u00e9tractation du pr\u00e9sent contrat.<\/p>\n\n\n\n<p id=\"wd-e07d6f15\" class=\"wp-block-wd-paragraph\">Nous utiliserons pour le remboursement le m\u00eame moyen de paiement que celui que vous avez utilis\u00e9 pour la transaction initiale, sauf accord expr\u00e8s contraire avec vous ; en aucun cas des frais ne vous seront factur\u00e9s pour ce remboursement.<\/p>\n\n\n\n<p id=\"wd-4286d8fe\" class=\"wp-block-wd-paragraph\">Nous pouvons retenir le remboursement jusqu&#039;\u00e0 ce que nous ayons re\u00e7u les marchandises ou que vous ayez fourni une preuve d&#039;avoir renvoy\u00e9 les marchandises, selon la premi\u00e8re \u00e9ventualit\u00e9.<\/p>\n\n\n\n<p id=\"wd-2537e90a\" class=\"wp-block-wd-paragraph\">Vous devez nous renvoyer ou nous rendre le bien sans retard excessif et, en tout \u00e9tat de cause, au plus tard quatorze jours apr\u00e8s que vous nous avez notifi\u00e9 votre r\u00e9tractation du pr\u00e9sent contrat. Ce d\u00e9lai est r\u00e9put\u00e9 respect\u00e9 si vous renvoyez le bien avant l&#039;expiration du d\u00e9lai de quatorze jours.<\/p>\n\n\n\n<p id=\"wd-2a87f588\" class=\"wp-block-wd-paragraph\">Vous assumerez les frais directs de retour des biens. Votre responsabilit\u00e9 ne sera engag\u00e9e qu&#039;\u00e0 l&#039;\u00e9gard de la d\u00e9pr\u00e9ciation des biens r\u00e9sultant de manipulations autres que celles n\u00e9cessaires pour \u00e9tablir la nature, les caract\u00e9ristiques et le bon fonctionnement des biens.<\/p>\n\n\n\n<h2 id=\"wd-b7f9d264\" class=\"wp-block-wd-title title\">Mod\u00e8le de formulaire de r\u00e9tractation<\/h2>\n\n\n\n<p id=\"wd-e1219ce7\" class=\"wp-block-wd-paragraph\">(Remplissez et renvoyez ce formulaire uniquement si vous souhaitez vous r\u00e9tracter du contrat)<\/p>\n\n\n\n<p id=\"wd-e87732aa\" class=\"wp-block-wd-paragraph\">\u00c0:<br>RECCO AB<br>Radiov\u00e4gen 3A<br>181 55 Liding\u00f6<br>Su\u00e8de<br>Courriel : info@recco.com<\/p>","protected":false},"excerpt":{"rendered":"","protected":false},"author":6,"featured_media":0,"parent":0,"menu_order":0,"comment_status":"closed","ping_status":"closed","template":"","meta":{"footnotes":""},"class_list":["post-15798","page","type-page","status-publish","hentry"],"yoast_head":"<!-- This site is optimized with the Yoast SEO plugin v26.9 - https:\/\/yoast.com\/product\/yoast-seo-wordpress\/ -->\n<title>Cancellation Policy - RECCO<\/title>\n<meta name=\"robots\" content=\"index, follow, max-snippet:-1, max-image-preview:large, max-video-preview:-1\" \/>\n<link rel=\"canonical\" href=\"https:\/\/recco.com\/shop\/fr\/politique-dannulation\/\" \/>\n<meta property=\"og:locale\" content=\"fr_FR\" \/>\n<meta property=\"og:type\" content=\"article\" \/>\n<meta property=\"og:title\" content=\"Cancellation Policy - RECCO\" \/>\n<meta property=\"og:url\" content=\"https:\/\/recco.com\/shop\/fr\/politique-dannulation\/\" \/>\n<meta property=\"og:site_name\" content=\"RECCO\" \/>\n<meta property=\"article:modified_time\" content=\"2025-09-25T14:38:09+00:00\" \/>\n<meta name=\"twitter:card\" content=\"summary_large_image\" \/>\n<meta name=\"twitter:label1\" content=\"Dur\u00e9e de lecture estim\u00e9e\" \/>\n\t<meta name=\"twitter:data1\" content=\"2 minutes\" \/>\n<script type=\"application\/ld+json\" class=\"yoast-schema-graph\">{\"@context\":\"https:\/\/schema.org\",\"@graph\":[{\"@type\":\"WebPage\",\"@id\":\"https:\/\/recco.com\/shop\/cancellation-policy\/\",\"url\":\"https:\/\/recco.com\/shop\/cancellation-policy\/\",\"name\":\"Cancellation Policy - RECCO\",\"isPartOf\":{\"@id\":\"https:\/\/recco.com\/shop\/#website\"},\"datePublished\":\"2024-01-12T07:29:19+00:00\",\"dateModified\":\"2025-09-25T14:38:09+00:00\",\"breadcrumb\":{\"@id\":\"https:\/\/recco.com\/shop\/cancellation-policy\/#breadcrumb\"},\"inLanguage\":\"fr-FR\",\"potentialAction\":[{\"@type\":\"ReadAction\",\"target\":[\"https:\/\/recco.com\/shop\/cancellation-policy\/\"]}]},{\"@type\":\"BreadcrumbList\",\"@id\":\"https:\/\/recco.com\/shop\/cancellation-policy\/#breadcrumb\",\"itemListElement\":[{\"@type\":\"ListItem\",\"position\":1,\"name\":\"Home\",\"item\":\"https:\/\/recco.com\/shop\/\"},{\"@type\":\"ListItem\",\"position\":2,\"name\":\"Cancellation Policy\"}]},{\"@type\":\"WebSite\",\"@id\":\"https:\/\/recco.com\/shop\/#website\",\"url\":\"https:\/\/recco.com\/shop\/\",\"name\":\"RECCO\",\"description\":\"\",\"potentialAction\":[{\"@type\":\"SearchAction\",\"target\":{\"@type\":\"EntryPoint\",\"urlTemplate\":\"https:\/\/recco.com\/shop\/?s={search_term_string}\"},\"query-input\":{\"@type\":\"PropertyValueSpecification\",\"valueRequired\":true,\"valueName\":\"search_term_string\"}}],\"inLanguage\":\"fr-FR\"}]}<\/script>\n<!-- \/ Yoast SEO plugin. -->","yoast_head_json":{"title":"Politique d&#039;annulation - RECCO","robots":{"index":"index","follow":"follow","max-snippet":"max-snippet:-1","max-image-preview":"max-image-preview:large","max-video-preview":"max-video-preview:-1"},"canonical":"https:\/\/recco.com\/shop\/fr\/politique-dannulation\/","og_locale":"fr_FR","og_type":"article","og_title":"Cancellation Policy - RECCO","og_url":"https:\/\/recco.com\/shop\/fr\/politique-dannulation\/","og_site_name":"RECCO","article_modified_time":"2025-09-25T14:38:09+00:00","twitter_card":"summary_large_image","twitter_misc":{"Dur\u00e9e de lecture estim\u00e9e":"2 minutes"},"schema":{"@context":"https:\/\/schema.org","@graph":[{"@type":"WebPage","@id":"https:\/\/recco.com\/shop\/cancellation-policy\/","url":"https:\/\/recco.com\/shop\/cancellation-policy\/","name":"Politique d&#039;annulation - RECCO","isPartOf":{"@id":"https:\/\/recco.com\/shop\/#website"},"datePublished":"2024-01-12T07:29:19+00:00","dateModified":"2025-09-25T14:38:09+00:00","breadcrumb":{"@id":"https:\/\/recco.com\/shop\/cancellation-policy\/#breadcrumb"},"inLanguage":"fr-FR","potentialAction":[{"@type":"ReadAction","target":["https:\/\/recco.com\/shop\/cancellation-policy\/"]}]},{"@type":"BreadcrumbList","@id":"https:\/\/recco.com\/shop\/cancellation-policy\/#breadcrumb","itemListElement":[{"@type":"ListItem","position":1,"name":"Home","item":"https:\/\/recco.com\/shop\/"},{"@type":"ListItem","position":2,"name":"Cancellation Policy"}]},{"@type":"WebSite","@id":"https:\/\/recco.com\/shop\/#website","url":"https:\/\/recco.com\/shop\/","name":"RECCO","description":"","potentialAction":[{"@type":"SearchAction","target":{"@type":"EntryPoint","urlTemplate":"https:\/\/recco.com\/shop\/?s={search_term_string}"},"query-input":{"@type":"PropertyValueSpecification","valueRequired":true,"valueName":"search_term_string"}}],"inLanguage":"fr-FR"}]}},"_links":{"self":[{"href":"https:\/\/recco.com\/shop\/fr\/wp-json\/wp\/v2\/pages\/15798","targetHints":{"allow":["GET"]}}],"collection":[{"href":"https:\/\/recco.com\/shop\/fr\/wp-json\/wp\/v2\/pages"}],"about":[{"href":"https:\/\/recco.com\/shop\/fr\/wp-json\/wp\/v2\/types\/page"}],"author":[{"embeddable":true,"href":"https:\/\/recco.com\/shop\/fr\/wp-json\/wp\/v2\/users\/6"}],"replies":[{"embeddable":true,"href":"https:\/\/recco.com\/shop\/fr\/wp-json\/wp\/v2\/comments?post=15798"}],"version-history":[{"count":0,"href":"https:\/\/recco.com\/shop\/fr\/wp-json\/wp\/v2\/pages\/15798\/revisions"}],"wp:attachment":[{"href":"https:\/\/recco.com\/shop\/fr\/wp-json\/wp\/v2\/media?parent=15798"}],"curies":[{"name":"wp","href":"https:\/\/api.w.org\/{rel}","templated":true}]}}