

{"id":15817,"date":"2024-01-12T12:23:50","date_gmt":"2024-01-12T10:23:50","guid":{"rendered":"https:\/\/recco.com\/shop\/?page_id=15817"},"modified":"2025-12-29T16:53:19","modified_gmt":"2025-12-29T15:53:19","slug":"politique-de-confidentialite","status":"publish","type":"page","link":"https:\/\/recco.com\/shop\/fr\/politique-de-confidentialite\/","title":{"rendered":"politique de confidentialit\u00e9"},"content":{"rendered":"<h1 id=\"wd-0ab31613\" class=\"wp-block-wd-title title\">politique de confidentialit\u00e9<\/h1>\n\n\n\n<p id=\"wd-c686b899\" class=\"wp-block-wd-paragraph\">Cette politique de confidentialit\u00e9 d\u00e9crit les politiques et proc\u00e9dures de RECCO concernant le traitement des donn\u00e9es personnelles des clients et autres utilisateurs de notre site web, de notre boutique en ligne et de nos services num\u00e9riques. Cette politique de confidentialit\u00e9 est susceptible d&#039;\u00eatre modifi\u00e9e au cours de votre visite (par exemple, pour tenir compte des \u00e9volutions technologiques, de la navigation, des produits et des lois applicables). Nous vous recommandons vivement de consulter attentivement ce site et de prendre connaissance de toute modification dans la section \u00ab\u00a0Politique de confidentialit\u00e9\u00a0\u00bb.<\/p>\n\n\n\n<p id=\"wd-6736888c\" class=\"wp-block-wd-paragraph\">Cette politique de confidentialit\u00e9 compl\u00e8te, mais ne modifie pas, les autres politiques et conditions qui s&#039;appliquent \u00e0 tout service sp\u00e9cifique mis \u00e0 disposition par RECCO AB.<\/p>\n\n\n\n<h2 id=\"wd-04522af5\" class=\"wp-block-wd-title title\">QUI SOMMES-NOUS<\/h2>\n\n\n\n<p id=\"wd-676c049b\" class=\"wp-block-wd-paragraph\">RECCO AB est une soci\u00e9t\u00e9 fond\u00e9e en Su\u00e8de avec les informations suivantes :<\/p>\n\n\n\n<p id=\"wd-a4e935f4\" class=\"wp-block-wd-paragraph\">ADRESSE SI\u00c8GE SOCIAL<br>RECCO AB&nbsp;<br><a href=\"https:\/\/www.google.com\/maps\/place\/Radiov%C3%A4gen+3a,+181+55+Liding%C3%B6\/@59.3448689,18.1565751,17z\/data=!3m1!4b1!4m5!3m4!1s0x465f82e90cf1b62b:0x58225c9c3a2f05d!8m2!3d59.3448662!4d18.1587691\" target=\"_blank\" rel=\"noreferrer noopener\">Radiov\u00e4gen 3A<br>181 55 Liding\u00f6<\/a><br>Su\u00e8de<\/p>\n\n\n\n<p id=\"wd-67e5a6ba\" class=\"wp-block-wd-paragraph\">T\u00e9l\u00e9phone:\u00a0<a href=\"tel:+4687315950\">+46 8 73159 50<\/a><br>E-mail:\u00a0<a href=\"mailto:info@recco.com\">contact-shop@recco.com<\/a><\/p>\n\n\n\n<p id=\"wd-959b305d\" class=\"wp-block-wd-paragraph\">Num\u00e9ro d&#039;enregistrement de l&#039;organisation : 556606-9026<\/p>\n\n\n\n<p id=\"wd-2e29c376\" class=\"wp-block-wd-paragraph\">Notre politique de confidentialit\u00e9 couvre la collecte et le traitement des donn\u00e9es personnelles vous concernant, collect\u00e9es ou provenant de toute source par RECCO AB. Les donn\u00e9es personnelles peuvent \u00eatre collect\u00e9es et interconnect\u00e9es par RECCO AB ou tout autre partenaire de marque et trait\u00e9es dans une base de donn\u00e9es centralis\u00e9e.<\/p>\n\n\n\n<p id=\"wd-1018df3b\" class=\"wp-block-wd-paragraph\">COMMENT NOUS CONTACTER?<br>Pour toute question concernant la politique de confidentialit\u00e9 ou vos droits l\u00e9gaux en tant que personne concern\u00e9e, nous vous recommandons vivement de contacter info@recco.com.<br>Le service client de RECCO dispose des coordonn\u00e9es suivantes :<\/p>\n\n\n\n<p id=\"wd-b0ee0544\" class=\"wp-block-wd-paragraph\">T\u00e9l\u00e9phone:\u00a0<a href=\"tel:+4687315950\">+46 8 73159 50<\/a><br>E-mail:\u00a0<a href=\"mailto:info@recco.com\">contact-shop@recco.com<\/a><\/p>\n\n\n\n<p id=\"wd-8babedf5\" class=\"wp-block-wd-paragraph\">INFORMATIONS QUE NOUS COLLECTONS<br>Les cat\u00e9gories suivantes d\u2019informations personnelles peuvent \u00eatre collect\u00e9es :<\/p>\n\n\n\n<p id=\"wd-116d3794\" class=\"wp-block-wd-paragraph\">Vos informations de base, votre nom, votre adresse, votre adresse e-mail, votre num\u00e9ro de t\u00e9l\u00e9phone, votre \u00e2ge ou d&#039;autres donn\u00e9es d\u00e9mographiques ou pr\u00e9f\u00e9rences.<\/p>\n\n\n\n<p id=\"wd-fae36b91\" class=\"wp-block-wd-paragraph\">Nous collectons des informations sur les appareils \u00e0 l&#039;aide des technologies suivantes\u00a0:<\/p>\n\n\n\n<ol class=\"wp-block-list\">\n<li>Les cookies sont des fichiers de donn\u00e9es enregistr\u00e9s sur votre appareil ou ordinateur et incluent souvent un identifiant unique et anonyme. Pour plus d&#039;informations sur les cookies et leur d\u00e9sactivation, consultez la page&nbsp;<a href=\"http:\/\/www.allaboutcookies.org\/\" target=\"_blank\" rel=\"noreferrer noopener\">http:\/\/www.allaboutcookies.org<\/a><\/li>\n\n\n\n<li>Informations sur votre engagement envers nous. Produits achet\u00e9s en ligne, informations de paiement, retours, coordonn\u00e9es du service client, participation \u00e0 des \u00e9v\u00e9nements, etc.<\/li>\n\n\n\n<li>Informations collect\u00e9es \u00e0 partir des r\u00e9seaux de m\u00e9dias sociaux tels que les commentaires, le comportement, etc. auxquels nous nous connectons.<\/li>\n\n\n\n<li>Informations relatives \u00e0 vos activit\u00e9s num\u00e9riques, telles que votre historique de navigation, votre newsletter, votre pr\u00e9sence physique, via les cookies, les balises et les points d&#039;acc\u00e8s Wi-Fi, y compris votre adresse IP. Nous sommes susceptibles de partager vos donn\u00e9es personnelles avec nos partenaires commerciaux.<\/li>\n\n\n\n<li>Les \u00ab balises Web \u00bb, les \u00ab tags \u00bb et les \u00ab pixels \u00bb sont des fichiers \u00e9lectroniques utilis\u00e9s pour enregistrer des informations sur la fa\u00e7on dont vous naviguez sur le site.<\/li>\n<\/ol>\n\n\n\n<p id=\"wd-b7bdf7ca\" class=\"wp-block-wd-paragraph\">COMMENT NOUS UTILISONS VOS INFORMATIONS PERSONNELLES<br>Nous partageons vos informations personnelles avec des tiers pour nous aider \u00e0 les utiliser, comme d\u00e9crit ci-dessus. Par exemple, nous utilisons Shopify pour notre boutique en ligne. Pour en savoir plus sur l&#039;utilisation de vos informations personnelles par Shopify, cliquez ici\u00a0:&nbsp;<a href=\"https:\/\/www.shopify.com\/legal\/privacy\" target=\"_blank\" rel=\"noreferrer noopener\">https:\/\/www.shopify.com\/legal\/privacy<\/a><\/p>\n\n\n\n<p id=\"wd-b1eb0b9c\" class=\"wp-block-wd-paragraph\">Les informations vous concernant pourront \u00eatre collect\u00e9es par RECCO :<\/p>\n\n\n\n<ol class=\"wp-block-list\">\n<li>Traitement des commandes, r\u00e9clamations et retours<\/li>\n\n\n\n<li>Analyse et segmentation des consommateurs3<\/li>\n\n\n\n<li>Fournir un support client et une communication<\/li>\n\n\n\n<li>\u00c9valuer et d\u00e9velopper nos produits et services<\/li>\n<\/ol>\n\n\n\n<p id=\"wd-17848d80\" class=\"wp-block-wd-paragraph\">Le traitement de vos donn\u00e9es personnelles est n\u00e9cessaire \u00e0 l&#039;ex\u00e9cution du contrat entre vous et RECCO afin de finaliser une commande sur notre boutique en ligne Shopify. La collecte de donn\u00e9es personnelles peut \u00e9galement servir \u00e0 am\u00e9liorer notre service client et \u00e0 d\u00e9velopper et \u00e9valuer nos produits et services.<\/p>\n\n\n\n<p id=\"wd-b4f067eb\" class=\"wp-block-wd-paragraph\">\u00c0 DES FINS DE COMMUNICATION ET DE MARKETING<br>Avec votre consentement, nous vous enverrons des informations marketing par e-mail et autres technologies. Vous aurez toujours la possibilit\u00e9 de vous d\u00e9sabonner via le lien pr\u00e9sent dans chaque communication ou de refuser le traitement de vos donn\u00e9es personnelles \u00e0 des fins marketing.<\/p>\n\n\n\n<p id=\"wd-f6c12a7f\" class=\"wp-block-wd-paragraph\">COMMENT NOUS PARTAGEONS VOS INFORMATIONS PERSONNELLES<br>Afin de soutenir notre entreprise, des tiers peuvent utiliser vos informations, mais uniquement pour g\u00e9rer vos pr\u00e9f\u00e9rences personnelles en mati\u00e8re de produits. Pour garantir la confidentialit\u00e9 de nos partenaires tiers, nous vous recommandons de consulter leurs politiques de confidentialit\u00e9 sur leur site.<\/p>\n\n\n\n<p id=\"wd-72f88cd0\" class=\"wp-block-wd-paragraph\">Vos informations personnelles peuvent \u00eatre partag\u00e9es avec des tiers qui nous aident \u00e0 vous cibler en tant que client, par exemple via les r\u00e9seaux sociaux. Nous veillerons \u00e0 ce que ces tiers n&#039;utilisent vos informations personnelles que pour promouvoir nos produits et services.<\/p>\n\n\n\n<p id=\"wd-799b9922\" class=\"wp-block-wd-paragraph\">Enfin, nous pouvons \u00e9galement partager vos informations personnelles pour nous conformer aux lois et r\u00e9glementations applicables, pour r\u00e9pondre \u00e0 une assignation \u00e0 compara\u00eetre, \u00e0 un mandat de perquisition ou \u00e0 toute autre demande l\u00e9gale d&#039;informations que nous recevons, ou pour prot\u00e9ger nos droits.<\/p>\n\n\n\n<p id=\"wd-de5da904\" class=\"wp-block-wd-paragraph\">Nous ne vendrons, ne partagerons ni ne transf\u00e9rerons d\u2019informations personnelles \u00e0 des tiers, sauf comme d\u00e9crit dans la pr\u00e9sente politique de confidentialit\u00e9.<\/p>\n\n\n\n<p id=\"wd-c1ea3250\" class=\"wp-block-wd-paragraph\">PENDANT COMBIEN DE TEMPS CONSERVONS-NOUS VOS INFORMATIONS PERSONNELLES ?<br>La r\u00e9servation des donn\u00e9es personnelles d\u00e9pend de la finalit\u00e9.<\/p>\n\n\n\n<p id=\"wd-320864a3\" class=\"wp-block-wd-paragraph\">Nous conservons vos informations uniquement aussi longtemps que n\u00e9cessaire et uniquement aux fins pour lesquelles nous les avons obtenues. Nous limitons l&#039;acc\u00e8s \u00e0 vos informations aux seules personnes qui en ont besoin pour une finalit\u00e9 pertinente.<\/p>\n\n\n\n<p id=\"wd-4935be61\" class=\"wp-block-wd-paragraph\">Nos p\u00e9riodes de conservation sont bas\u00e9es sur les besoins de l&#039;entreprise et vos informations qui ne sont plus n\u00e9cessaires sont soit anonymis\u00e9es de mani\u00e8re irr\u00e9versible, soit d\u00e9truites en toute s\u00e9curit\u00e9.<\/p>\n\n\n\n<p id=\"wd-49c5f512\" class=\"wp-block-wd-paragraph\">TRANSFERTS DE MARQUES INTERNATIONAUX<br>Vos donn\u00e9es personnelles peuvent \u00eatre transf\u00e9r\u00e9es vers d&#039;autres pays (y compris des pays hors UE). Dans ce cas, elles seront transf\u00e9r\u00e9es vers des pays autoris\u00e9s \u00e0 assurer un niveau de protection ad\u00e9quat.<\/p>\n\n\n\n<p id=\"wd-01c6a631\" class=\"wp-block-wd-paragraph\">COOKIES<br>Veuillez consulter la politique relative aux cookies qui s&#039;applique aux informations de communication que vous utilisez avec nous.<\/p>\n\n\n\n<p id=\"wd-6604d379\" class=\"wp-block-wd-paragraph\">DROITS DES PERSONNES CONCERN\u00c9ES<br>Vous pouvez \u00e0 tout moment r\u00e9voquer tout consentement que vous nous avez donn\u00e9 concernant vos donn\u00e9es personnelles. Vous avez le droit d&#039;acc\u00e9der \u00e0 vos donn\u00e9es personnelles ou aux informations que nous avons obtenues. Vous avez la possibilit\u00e9 de rectifier vos donn\u00e9es personnelles si elles sont inexactes et de nous demander de limiter le traitement de vos donn\u00e9es personnelles ou de supprimer votre identit\u00e9. Vous avez \u00e9galement le droit de communiquer vos donn\u00e9es personnelles dans un format lisible.<\/p>\n\n\n\n<p id=\"wd-67508085\" class=\"wp-block-wd-paragraph\">Si vous souhaitez modifier ou cl\u00f4turer votre abonnement \u00e0 des fins de communication marketing, merci de nous le faire savoir.<\/p>\n\n\n\n<p id=\"wd-e8eac5bb\" class=\"wp-block-wd-paragraph\">Nos coordonn\u00e9es sont r\u00e9pertori\u00e9es ci-dessus dans \u00ab\u00a0Comment nous contacter\u00a0\u00bb.<\/p>\n\n\n\n<p id=\"wd-2c7a88d8\" class=\"wp-block-wd-paragraph\">Vous pouvez \u00e9galement d\u00e9poser une plainte aupr\u00e8s d\u2019une autorit\u00e9 comp\u00e9tente en mati\u00e8re de protection des donn\u00e9es.<\/p>\n\n\n\n<p id=\"wd-dcb4740d\" class=\"wp-block-wd-paragraph\">COMMENT PROT\u00c9GEONS-NOUS LES INFORMATIONS ?<br>Nous accordons une grande importance \u00e0 la protection de vos donn\u00e9es personnelles et utilisons les mesures de s\u00e9curit\u00e9 standard pour garantir leur protection. Nous appliquerons les mesures de s\u00e9curit\u00e9 standard du secteur pour garantir une protection ad\u00e9quate de vos donn\u00e9es.<\/p>\n\n\n\n<p id=\"wd-04945a72\" class=\"wp-block-wd-paragraph\">TIERS<br>Nos sites web peuvent inclure des liens vers d&#039;autres sites web ind\u00e9pendants de notre volont\u00e9 et non couverts par la pr\u00e9sente politique de confidentialit\u00e9. Si vous acc\u00e9dez \u00e0 d&#039;autres sites via les liens fournis, leurs op\u00e9rateurs peuvent collecter des informations vous concernant, lesquelles seront utilis\u00e9es conform\u00e9ment \u00e0 leur politique de confidentialit\u00e9, laquelle peut diff\u00e9rer de la n\u00f4tre.<\/p>\n\n\n\n<p id=\"wd-ab18c974\" class=\"wp-block-wd-paragraph\">DES QUESTIONS?<br>Nous souhaitons conna\u00eetre votre avis, que vous soyez int\u00e9ress\u00e9 ou client RECCO, et nous sommes ouverts \u00e0 toute question, commentaire ou pr\u00e9occupation concernant la protection de votre vie priv\u00e9e. N&#039;h\u00e9sitez pas \u00e0 nous contacter pour toute question.<\/p>\n\n\n\n<p id=\"wd-4fc4741f\" class=\"wp-block-wd-paragraph\">Derni\u00e8re mise \u00e0 jour\u00a0: 17 juillet 2019<\/p>","protected":false},"excerpt":{"rendered":"","protected":false},"author":6,"featured_media":0,"parent":0,"menu_order":0,"comment_status":"closed","ping_status":"closed","template":"elementor_header_footer","meta":{"footnotes":""},"class_list":["post-15817","page","type-page","status-publish","hentry"],"yoast_head":"<!-- This site is optimized with the Yoast SEO plugin v26.9 - https:\/\/yoast.com\/product\/yoast-seo-wordpress\/ -->\n<title>Privacy Policy - RECCO<\/title>\n<meta name=\"robots\" content=\"index, follow, max-snippet:-1, max-image-preview:large, max-video-preview:-1\" \/>\n<link rel=\"canonical\" href=\"https:\/\/recco.com\/shop\/fr\/politique-de-confidentialite\/\" \/>\n<meta property=\"og:locale\" content=\"fr_FR\" \/>\n<meta property=\"og:type\" content=\"article\" \/>\n<meta property=\"og:title\" content=\"Privacy Policy - RECCO\" \/>\n<meta property=\"og:url\" content=\"https:\/\/recco.com\/shop\/fr\/politique-de-confidentialite\/\" \/>\n<meta property=\"og:site_name\" content=\"RECCO\" \/>\n<meta property=\"article:modified_time\" content=\"2025-12-29T15:53:19+00:00\" \/>\n<meta name=\"twitter:card\" content=\"summary_large_image\" \/>\n<meta name=\"twitter:label1\" content=\"Dur\u00e9e de lecture estim\u00e9e\" \/>\n\t<meta name=\"twitter:data1\" content=\"5 minutes\" \/>\n<script type=\"application\/ld+json\" class=\"yoast-schema-graph\">{\"@context\":\"https:\/\/schema.org\",\"@graph\":[{\"@type\":\"WebPage\",\"@id\":\"https:\/\/recco.com\/shop\/privacy-policy\/\",\"url\":\"https:\/\/recco.com\/shop\/privacy-policy\/\",\"name\":\"Privacy Policy - RECCO\",\"isPartOf\":{\"@id\":\"https:\/\/recco.com\/shop\/#website\"},\"datePublished\":\"2024-01-12T10:23:50+00:00\",\"dateModified\":\"2025-12-29T15:53:19+00:00\",\"breadcrumb\":{\"@id\":\"https:\/\/recco.com\/shop\/privacy-policy\/#breadcrumb\"},\"inLanguage\":\"fr-FR\",\"potentialAction\":[{\"@type\":\"ReadAction\",\"target\":[\"https:\/\/recco.com\/shop\/privacy-policy\/\"]}]},{\"@type\":\"BreadcrumbList\",\"@id\":\"https:\/\/recco.com\/shop\/privacy-policy\/#breadcrumb\",\"itemListElement\":[{\"@type\":\"ListItem\",\"position\":1,\"name\":\"Home\",\"item\":\"https:\/\/recco.com\/shop\/\"},{\"@type\":\"ListItem\",\"position\":2,\"name\":\"Privacy Policy\"}]},{\"@type\":\"WebSite\",\"@id\":\"https:\/\/recco.com\/shop\/#website\",\"url\":\"https:\/\/recco.com\/shop\/\",\"name\":\"RECCO\",\"description\":\"\",\"potentialAction\":[{\"@type\":\"SearchAction\",\"target\":{\"@type\":\"EntryPoint\",\"urlTemplate\":\"https:\/\/recco.com\/shop\/?s={search_term_string}\"},\"query-input\":{\"@type\":\"PropertyValueSpecification\",\"valueRequired\":true,\"valueName\":\"search_term_string\"}}],\"inLanguage\":\"fr-FR\"}]}<\/script>\n<!-- \/ Yoast SEO plugin. -->","yoast_head_json":{"title":"Politique de confidentialit\u00e9 - RECCO","robots":{"index":"index","follow":"follow","max-snippet":"max-snippet:-1","max-image-preview":"max-image-preview:large","max-video-preview":"max-video-preview:-1"},"canonical":"https:\/\/recco.com\/shop\/fr\/politique-de-confidentialite\/","og_locale":"fr_FR","og_type":"article","og_title":"Privacy Policy - RECCO","og_url":"https:\/\/recco.com\/shop\/fr\/politique-de-confidentialite\/","og_site_name":"RECCO","article_modified_time":"2025-12-29T15:53:19+00:00","twitter_card":"summary_large_image","twitter_misc":{"Dur\u00e9e de lecture estim\u00e9e":"5 minutes"},"schema":{"@context":"https:\/\/schema.org","@graph":[{"@type":"WebPage","@id":"https:\/\/recco.com\/shop\/privacy-policy\/","url":"https:\/\/recco.com\/shop\/privacy-policy\/","name":"Politique de confidentialit\u00e9 - RECCO","isPartOf":{"@id":"https:\/\/recco.com\/shop\/#website"},"datePublished":"2024-01-12T10:23:50+00:00","dateModified":"2025-12-29T15:53:19+00:00","breadcrumb":{"@id":"https:\/\/recco.com\/shop\/privacy-policy\/#breadcrumb"},"inLanguage":"fr-FR","potentialAction":[{"@type":"ReadAction","target":["https:\/\/recco.com\/shop\/privacy-policy\/"]}]},{"@type":"BreadcrumbList","@id":"https:\/\/recco.com\/shop\/privacy-policy\/#breadcrumb","itemListElement":[{"@type":"ListItem","position":1,"name":"Home","item":"https:\/\/recco.com\/shop\/"},{"@type":"ListItem","position":2,"name":"Privacy Policy"}]},{"@type":"WebSite","@id":"https:\/\/recco.com\/shop\/#website","url":"https:\/\/recco.com\/shop\/","name":"RECCO","description":"","potentialAction":[{"@type":"SearchAction","target":{"@type":"EntryPoint","urlTemplate":"https:\/\/recco.com\/shop\/?s={search_term_string}"},"query-input":{"@type":"PropertyValueSpecification","valueRequired":true,"valueName":"search_term_string"}}],"inLanguage":"fr-FR"}]}},"_links":{"self":[{"href":"https:\/\/recco.com\/shop\/fr\/wp-json\/wp\/v2\/pages\/15817","targetHints":{"allow":["GET"]}}],"collection":[{"href":"https:\/\/recco.com\/shop\/fr\/wp-json\/wp\/v2\/pages"}],"about":[{"href":"https:\/\/recco.com\/shop\/fr\/wp-json\/wp\/v2\/types\/page"}],"author":[{"embeddable":true,"href":"https:\/\/recco.com\/shop\/fr\/wp-json\/wp\/v2\/users\/6"}],"replies":[{"embeddable":true,"href":"https:\/\/recco.com\/shop\/fr\/wp-json\/wp\/v2\/comments?post=15817"}],"version-history":[{"count":1,"href":"https:\/\/recco.com\/shop\/fr\/wp-json\/wp\/v2\/pages\/15817\/revisions"}],"predecessor-version":[{"id":22803,"href":"https:\/\/recco.com\/shop\/fr\/wp-json\/wp\/v2\/pages\/15817\/revisions\/22803"}],"wp:attachment":[{"href":"https:\/\/recco.com\/shop\/fr\/wp-json\/wp\/v2\/media?parent=15817"}],"curies":[{"name":"wp","href":"https:\/\/api.w.org\/{rel}","templated":true}]}}