

{"id":17306,"date":"2024-08-26T13:05:00","date_gmt":"2024-08-26T11:05:00","guid":{"rendered":"https:\/\/recco.com\/shop\/?page_id=17306"},"modified":"2025-10-16T15:29:43","modified_gmt":"2025-10-16T13:29:43","slug":"informations-de-paiement-et-dexpedition","status":"publish","type":"page","link":"https:\/\/recco.com\/shop\/fr\/informations-de-paiement-et-dexpedition\/","title":{"rendered":"Informations de paiement et d&#039;exp\u00e9dition"},"content":{"rendered":"<h1 id=\"wd-7115cab3\" class=\"wp-block-wd-title title\">Informations de paiement et d&#039;exp\u00e9dition<\/h1>\n\n\n\n<p id=\"wd-f51341fe\" class=\"wp-block-wd-paragraph\">pour la boutique en ligne sur recco.com<\/p>\n\n\n\n<p id=\"wd-5e43b705\" class=\"wp-block-wd-paragraph\">exploit\u00e9 par<\/p>\n\n\n\n<p id=\"wd-34424f38\" class=\"wp-block-wd-paragraph\">RECCO AB<br>Radiov\u00e4gen 3A<br>181 55 Liding\u00f6<br>Su\u00e8de<br>E-mail: <a href=\"mailto:info@recco.com\">info@recco.com<\/a><br>T\u00e9l\u00e9phone : +46 8 73159 50<\/p>\n\n\n\n<p id=\"wd-cc524653\" class=\"wp-block-wd-paragraph\">\u2013 ci-apr\u00e8s d\u00e9nomm\u00e9 \u00ab Fournisseur \u00bb \u2013<\/p>\n\n\n\n<h2 id=\"wd-6039ebf6\" class=\"wp-block-wd-title title\">1. Informations g\u00e9n\u00e9rales<\/h2>\n\n\n\n<p id=\"wd-f1163cbc\" class=\"wp-block-wd-paragraph\">Les informations suivantes s&#039;appliquent \u00e0 toutes les commandes pass\u00e9es via notre boutique en ligne. La livraison est assur\u00e9e par DHL. Les d\u00e9lais et les frais de livraison varient selon le pays de destination. Tous les prix incluent la TVA l\u00e9gale applicable.<\/p>\n\n\n\n<h2 id=\"wd-baa2cbd6\" class=\"wp-block-wd-title title\">2. Informations d&#039;exp\u00e9dition<\/h2>\n\n\n\n<h3 id=\"wd-d7ac8fa6\" class=\"wp-block-wd-title title\">2.1 Exp\u00e9dition en Allemagne<\/h3>\n\n\n\n<ul class=\"wp-block-list\">\n<li>M\u00e9thode d&#039;exp\u00e9dition : DHL Shipping<\/li>\n\n\n\n<li>Frais de port : 2,95 \u20ac<\/li>\n\n\n\n<li>Livraison gratuite pour les commandes sup\u00e9rieures \u00e0 65,00 \u20ac<\/li>\n<\/ul>\n\n\n\n<p id=\"wd-a06fc228\" class=\"wp-block-wd-paragraph\">Les commandes inf\u00e9rieures \u00e0 ce montant seront factur\u00e9es au tarif de livraison standard. La livraison prend g\u00e9n\u00e9ralement 2 \u00e0 4 jours ouvr\u00e9s apr\u00e8s confirmation de la commande, sauf indication contraire lors du paiement.<\/p>\n\n\n\n<h3 id=\"wd-1972476f\" class=\"wp-block-wd-title title\">2.2 Exp\u00e9dition au sein de l&#039;UE et d&#039;autres pays disponibles<\/h3>\n\n\n\n<ul class=\"wp-block-list\">\n<li>M\u00e9thode d&#039;exp\u00e9dition : DHL Shipping<\/li>\n\n\n\n<li>Frais de port : 5,95 \u20ac<\/li>\n\n\n\n<li>Livraison gratuite pour les commandes sup\u00e9rieures \u00e0 165,00 \u20ac<\/li>\n<\/ul>\n\n\n\n<p id=\"wd-2bd884ed\" class=\"wp-block-wd-paragraph\">Les d\u00e9lais de livraison varient selon la destination. Le d\u00e9lai standard est g\u00e9n\u00e9ralement de 4 \u00e0 8 jours ouvr\u00e9s au sein de l&#039;UE.<\/p>\n\n\n\n<h3 id=\"wd-8f4a5041\" class=\"wp-block-wd-title title\">2.3 R\u00e9gions d&#039;exp\u00e9dition<\/h3>\n\n\n\n<p id=\"wd-aa854387\" class=\"wp-block-wd-paragraph\">Nous exp\u00e9dions actuellement vers les pays suivants :<\/p>\n\n\n\n<p id=\"wd-54d53cbc\" class=\"wp-block-wd-paragraph\">Albanie, Andorre, Autriche, Belgique, Croatie, R\u00e9publique tch\u00e8que, Danemark, Estonie, Finlande, France, Allemagne, Gr\u00e8ce, Hongrie, Islande, Irlande, Italie, Lituanie, Luxembourg, Malte, Pays-Bas, Norv\u00e8ge, Pologne, Roumanie, Serbie, Slovaquie, Slov\u00e9nie, Su\u00e8de, Suisse et Royaume-Uni. Nous livrons \u00e9galement en Nouvelle-Z\u00e9lande.<\/p>\n\n\n\n<p id=\"wd-0d3f93b4\" class=\"wp-block-wd-paragraph\">Les livraisons vers les pays non r\u00e9pertori\u00e9s ci-dessus ne sont pas disponibles pour le moment.<\/p>\n\n\n\n<h2 id=\"wd-2e2d8a91\" class=\"wp-block-wd-title title\">3. Informations de paiement<\/h2>\n\n\n\n<p id=\"wd-e8433eb7\" class=\"wp-block-wd-paragraph\">Vous pouvez choisir parmi les m\u00e9thodes de paiement s\u00e9curis\u00e9es suivantes lors du paiement\u00a0:<\/p>\n\n\n\n<ul class=\"wp-block-list\">\n<li><strong>PayPal<\/strong> \u2013 Payez facilement et en toute s\u00e9curit\u00e9 avec votre compte PayPal.<\/li>\n\n\n\n<li><strong>Google Pay<\/strong> \u2013 Paiement pratique via Google Pay.<\/li>\n\n\n\n<li><strong>Apple Pay<\/strong> \u2013 Paiement rapide et s\u00e9curis\u00e9 avec Apple Pay.<\/li>\n\n\n\n<li><strong>Carte de cr\u00e9dit\/d\u00e9bit<\/strong> \u2013 Nous acceptons les principales cartes de cr\u00e9dit et de d\u00e9bit (Visa, Mastercard, American Express).<\/li>\n\n\n\n<li><strong>Klarna<\/strong> \u2013 Payez maintenant ou plus tard avec Klarna, selon les options disponibles dans votre pays.<\/li>\n\n\n\n<li><strong>EPS<\/strong> \u2013 Disponible pour les clients en Autriche, permettant des virements bancaires s\u00e9curis\u00e9s.<\/li>\n\n\n\n<li><strong>id\u00e9al<\/strong> \u2013 Disponible pour les clients aux Pays-Bas pour les paiements bancaires en ligne s\u00e9curis\u00e9s.<\/li>\n\n\n\n<li><strong>Sofort<\/strong> \u2013 Option de virement bancaire instantan\u00e9 s\u00e9curis\u00e9 disponible pour les clients en Autriche, en Belgique, en Allemagne, en Italie, aux Pays-Bas et en Espagne.<\/li>\n<\/ul>\n\n\n\n<p id=\"wd-574a99d0\" class=\"wp-block-wd-paragraph\">Tous les paiements sont trait\u00e9s de mani\u00e8re s\u00e9curis\u00e9e par les prestataires respectifs. Les modes de paiement disponibles dans votre pays seront affich\u00e9s lors du paiement.<\/p>\n\n\n\n<p id=\"wd-dafda16c\" class=\"wp-block-wd-paragraph\">Derni\u00e8re mise \u00e0 jour\u00a0: octobre 2025<\/p>","protected":false},"excerpt":{"rendered":"","protected":false},"author":6,"featured_media":0,"parent":0,"menu_order":0,"comment_status":"closed","ping_status":"closed","template":"","meta":{"footnotes":""},"class_list":["post-17306","page","type-page","status-publish","hentry"],"yoast_head":"<!-- This site is optimized with the Yoast SEO plugin v26.9 - https:\/\/yoast.com\/product\/yoast-seo-wordpress\/ -->\n<title>Payment &amp; Shipping Information - RECCO<\/title>\n<meta name=\"robots\" content=\"index, follow, max-snippet:-1, max-image-preview:large, max-video-preview:-1\" \/>\n<link rel=\"canonical\" href=\"https:\/\/recco.com\/shop\/fr\/informations-de-paiement-et-dexpedition\/\" \/>\n<meta property=\"og:locale\" content=\"fr_FR\" \/>\n<meta property=\"og:type\" content=\"article\" \/>\n<meta property=\"og:title\" content=\"Payment &amp; Shipping Information - RECCO\" \/>\n<meta property=\"og:url\" content=\"https:\/\/recco.com\/shop\/fr\/informations-de-paiement-et-dexpedition\/\" \/>\n<meta property=\"og:site_name\" content=\"RECCO\" \/>\n<meta property=\"article:modified_time\" content=\"2025-10-16T13:29:43+00:00\" \/>\n<meta name=\"twitter:card\" content=\"summary_large_image\" \/>\n<meta name=\"twitter:label1\" content=\"Dur\u00e9e de lecture estim\u00e9e\" \/>\n\t<meta name=\"twitter:data1\" content=\"2 minutes\" \/>\n<script type=\"application\/ld+json\" class=\"yoast-schema-graph\">{\"@context\":\"https:\/\/schema.org\",\"@graph\":[{\"@type\":\"WebPage\",\"@id\":\"https:\/\/recco.com\/shop\/payment-shipping-information\/\",\"url\":\"https:\/\/recco.com\/shop\/payment-shipping-information\/\",\"name\":\"Payment &amp; Shipping Information - RECCO\",\"isPartOf\":{\"@id\":\"https:\/\/recco.com\/shop\/#website\"},\"datePublished\":\"2024-08-26T11:05:00+00:00\",\"dateModified\":\"2025-10-16T13:29:43+00:00\",\"breadcrumb\":{\"@id\":\"https:\/\/recco.com\/shop\/payment-shipping-information\/#breadcrumb\"},\"inLanguage\":\"fr-FR\",\"potentialAction\":[{\"@type\":\"ReadAction\",\"target\":[\"https:\/\/recco.com\/shop\/payment-shipping-information\/\"]}]},{\"@type\":\"BreadcrumbList\",\"@id\":\"https:\/\/recco.com\/shop\/payment-shipping-information\/#breadcrumb\",\"itemListElement\":[{\"@type\":\"ListItem\",\"position\":1,\"name\":\"Home\",\"item\":\"https:\/\/recco.com\/shop\/\"},{\"@type\":\"ListItem\",\"position\":2,\"name\":\"Payment &amp; Shipping Information\"}]},{\"@type\":\"WebSite\",\"@id\":\"https:\/\/recco.com\/shop\/#website\",\"url\":\"https:\/\/recco.com\/shop\/\",\"name\":\"RECCO\",\"description\":\"\",\"potentialAction\":[{\"@type\":\"SearchAction\",\"target\":{\"@type\":\"EntryPoint\",\"urlTemplate\":\"https:\/\/recco.com\/shop\/?s={search_term_string}\"},\"query-input\":{\"@type\":\"PropertyValueSpecification\",\"valueRequired\":true,\"valueName\":\"search_term_string\"}}],\"inLanguage\":\"fr-FR\"}]}<\/script>\n<!-- \/ Yoast SEO plugin. -->","yoast_head_json":{"title":"Informations de paiement et d&#039;exp\u00e9dition - RECCO","robots":{"index":"index","follow":"follow","max-snippet":"max-snippet:-1","max-image-preview":"max-image-preview:large","max-video-preview":"max-video-preview:-1"},"canonical":"https:\/\/recco.com\/shop\/fr\/informations-de-paiement-et-dexpedition\/","og_locale":"fr_FR","og_type":"article","og_title":"Payment &amp; Shipping Information - RECCO","og_url":"https:\/\/recco.com\/shop\/fr\/informations-de-paiement-et-dexpedition\/","og_site_name":"RECCO","article_modified_time":"2025-10-16T13:29:43+00:00","twitter_card":"summary_large_image","twitter_misc":{"Dur\u00e9e de lecture estim\u00e9e":"2 minutes"},"schema":{"@context":"https:\/\/schema.org","@graph":[{"@type":"WebPage","@id":"https:\/\/recco.com\/shop\/payment-shipping-information\/","url":"https:\/\/recco.com\/shop\/payment-shipping-information\/","name":"Informations de paiement et d&#039;exp\u00e9dition - RECCO","isPartOf":{"@id":"https:\/\/recco.com\/shop\/#website"},"datePublished":"2024-08-26T11:05:00+00:00","dateModified":"2025-10-16T13:29:43+00:00","breadcrumb":{"@id":"https:\/\/recco.com\/shop\/payment-shipping-information\/#breadcrumb"},"inLanguage":"fr-FR","potentialAction":[{"@type":"ReadAction","target":["https:\/\/recco.com\/shop\/payment-shipping-information\/"]}]},{"@type":"BreadcrumbList","@id":"https:\/\/recco.com\/shop\/payment-shipping-information\/#breadcrumb","itemListElement":[{"@type":"ListItem","position":1,"name":"Home","item":"https:\/\/recco.com\/shop\/"},{"@type":"ListItem","position":2,"name":"Payment &amp; Shipping Information"}]},{"@type":"WebSite","@id":"https:\/\/recco.com\/shop\/#website","url":"https:\/\/recco.com\/shop\/","name":"RECCO","description":"","potentialAction":[{"@type":"SearchAction","target":{"@type":"EntryPoint","urlTemplate":"https:\/\/recco.com\/shop\/?s={search_term_string}"},"query-input":{"@type":"PropertyValueSpecification","valueRequired":true,"valueName":"search_term_string"}}],"inLanguage":"fr-FR"}]}},"_links":{"self":[{"href":"https:\/\/recco.com\/shop\/fr\/wp-json\/wp\/v2\/pages\/17306","targetHints":{"allow":["GET"]}}],"collection":[{"href":"https:\/\/recco.com\/shop\/fr\/wp-json\/wp\/v2\/pages"}],"about":[{"href":"https:\/\/recco.com\/shop\/fr\/wp-json\/wp\/v2\/types\/page"}],"author":[{"embeddable":true,"href":"https:\/\/recco.com\/shop\/fr\/wp-json\/wp\/v2\/users\/6"}],"replies":[{"embeddable":true,"href":"https:\/\/recco.com\/shop\/fr\/wp-json\/wp\/v2\/comments?post=17306"}],"version-history":[{"count":0,"href":"https:\/\/recco.com\/shop\/fr\/wp-json\/wp\/v2\/pages\/17306\/revisions"}],"wp:attachment":[{"href":"https:\/\/recco.com\/shop\/fr\/wp-json\/wp\/v2\/media?parent=17306"}],"curies":[{"name":"wp","href":"https:\/\/api.w.org\/{rel}","templated":true}]}}