

{"id":15986,"date":"2024-01-15T11:49:00","date_gmt":"2024-01-15T10:49:00","guid":{"rendered":"https:\/\/recco.com\/shop\/product\/recco-reflektor-fur-rucksacke-schwarz-2\/"},"modified":"2026-04-23T17:03:00","modified_gmt":"2026-04-23T15:03:00","slug":"reflecteur-de-sauvetage-pour-sac-a-dos-recco","status":"publish","type":"product","link":"https:\/\/recco.com\/shop\/fr\/produit\/reflecteur-de-sauvetage-pour-sac-a-dos-recco\/","title":{"rendered":"Le r\u00e9flecteur de secours RECCO\u00ae pour sac \u00e0 dos"},"content":{"rendered":"<p>Le r\u00e9flecteur de sauvetage RECCO\u00ae Backpack vous permet d&#039;\u00eatre recherch\u00e9 par les professionnels du sauvetage utilisant les d\u00e9tecteurs RECCO\u00ae en cas d&#039;accident d&#039;avalanche ou en cas de perte en plein air.<\/p>\n<p>Le r\u00e9flecteur de sauvetage RECCO\u00ae Backpack a \u00e9t\u00e9 sp\u00e9cialement con\u00e7u pour \u00eatre appliqu\u00e9 sur les sangles de transport des sacs \u00e0 dos et est principalement destin\u00e9 \u00e0 \u00eatre utilis\u00e9 en \u00e9t\u00e9 pour \u00eatre localis\u00e9 par h\u00e9licopt\u00e8re en cas de disparition.<\/p>\n<p>REMARQUE : Lors de l&#039;utilisation du r\u00e9flecteur de sauvetage pour sac \u00e0 dos dans des zones \u00e0 risque d&#039;avalanche en hiver, il est important que le r\u00e9flecteur soit utilis\u00e9 uniquement sur des sacs \u00e0 dos s\u00e9curis\u00e9s comme un sac \u00e0 dos airbag d&#039;avalanche avec une boucle de jambe, car un sac \u00e0 dos d\u00e9tach\u00e9 avec un r\u00e9flecteur dans une avalanche peut entra\u00eener un faux signal.<\/p>\n<p>Appliquer sur le r\u00e9flecteur de sauvetage uniquement sur la poign\u00e9e du sac \u00e0 dos\u00a0!<\/p>","protected":false},"excerpt":{"rendered":"<p>S'attache facilement \u00e0 tous vos sacs \u00e0 dos, vous permettant d'\u00eatre localisable par les secouristes lorsque vous vous aventurez en plein air.<\/p>","protected":false},"featured_media":19452,"template":"","meta":[],"product_brand":[],"product_cat":[95,91],"product_tag":[],"class_list":{"0":"post-15986","1":"product","2":"type-product","3":"status-publish","4":"has-post-thumbnail","6":"product_cat-backpackreflectors","7":"product_cat-reflectors","9":"first","10":"instock","11":"taxable","12":"shipping-taxable","13":"purchasable","14":"product-type-variable"},"yoast_head":"<!-- This site is optimized with the Yoast SEO plugin v26.9 - https:\/\/yoast.com\/product\/yoast-seo-wordpress\/ -->\n<title>RECCO\u00ae Backpack Rescue Reflector - RECCO<\/title>\n<meta name=\"robots\" content=\"index, follow, max-snippet:-1, max-image-preview:large, max-video-preview:-1\" \/>\n<link rel=\"canonical\" href=\"https:\/\/recco.com\/shop\/fr\/produit\/reflecteur-de-sauvetage-pour-sac-a-dos-recco\/\" \/>\n<meta property=\"og:locale\" content=\"fr_FR\" \/>\n<meta property=\"og:type\" content=\"article\" \/>\n<meta property=\"og:title\" content=\"RECCO\u00ae Backpack Rescue Reflector - RECCO\" \/>\n<meta property=\"og:description\" content=\"Easily attaches to your backpack, keeping you searchable to rescuers when you\u2019re adventuring in the outdoors.\" \/>\n<meta property=\"og:url\" content=\"https:\/\/recco.com\/shop\/fr\/produit\/reflecteur-de-sauvetage-pour-sac-a-dos-recco\/\" \/>\n<meta property=\"og:site_name\" content=\"RECCO\" \/>\n<meta property=\"article:modified_time\" content=\"2026-04-23T15:03:00+00:00\" \/>\n<meta property=\"og:image\" content=\"https:\/\/recco.com\/shop\/wp-content\/uploads\/2025\/06\/backpack_black_front_masked.png\" \/>\n\t<meta property=\"og:image:width\" content=\"1920\" \/>\n\t<meta property=\"og:image:height\" content=\"1920\" \/>\n\t<meta property=\"og:image:type\" content=\"image\/png\" \/>\n<meta name=\"twitter:card\" content=\"summary_large_image\" \/>\n<meta name=\"twitter:label1\" content=\"Dur\u00e9e de lecture estim\u00e9e\" \/>\n\t<meta name=\"twitter:data1\" content=\"1 minute\" \/>\n<script type=\"application\/ld+json\" class=\"yoast-schema-graph\">{\"@context\":\"https:\/\/schema.org\",\"@graph\":[{\"@type\":\"WebPage\",\"@id\":\"https:\/\/recco.com\/shop\/product\/recco-backpack-rescue-reflector\/\",\"url\":\"https:\/\/recco.com\/shop\/product\/recco-backpack-rescue-reflector\/\",\"name\":\"RECCO\u00ae Backpack Rescue Reflector - RECCO\",\"isPartOf\":{\"@id\":\"https:\/\/recco.com\/shop\/#website\"},\"primaryImageOfPage\":{\"@id\":\"https:\/\/recco.com\/shop\/product\/recco-backpack-rescue-reflector\/#primaryimage\"},\"image\":{\"@id\":\"https:\/\/recco.com\/shop\/product\/recco-backpack-rescue-reflector\/#primaryimage\"},\"thumbnailUrl\":\"https:\/\/recco.com\/shop\/wp-content\/uploads\/2025\/06\/backpack_black_front_masked.png\",\"datePublished\":\"2024-01-15T10:49:00+00:00\",\"dateModified\":\"2026-04-23T15:03:00+00:00\",\"breadcrumb\":{\"@id\":\"https:\/\/recco.com\/shop\/product\/recco-backpack-rescue-reflector\/#breadcrumb\"},\"inLanguage\":\"fr-FR\",\"potentialAction\":[{\"@type\":\"ReadAction\",\"target\":[\"https:\/\/recco.com\/shop\/product\/recco-backpack-rescue-reflector\/\"]}]},{\"@type\":\"ImageObject\",\"inLanguage\":\"fr-FR\",\"@id\":\"https:\/\/recco.com\/shop\/product\/recco-backpack-rescue-reflector\/#primaryimage\",\"url\":\"https:\/\/recco.com\/shop\/wp-content\/uploads\/2025\/06\/backpack_black_front_masked.png\",\"contentUrl\":\"https:\/\/recco.com\/shop\/wp-content\/uploads\/2025\/06\/backpack_black_front_masked.png\",\"width\":1920,\"height\":1920},{\"@type\":\"BreadcrumbList\",\"@id\":\"https:\/\/recco.com\/shop\/product\/recco-backpack-rescue-reflector\/#breadcrumb\",\"itemListElement\":[{\"@type\":\"ListItem\",\"position\":1,\"name\":\"Home\",\"item\":\"https:\/\/recco.com\/shop\/\"},{\"@type\":\"ListItem\",\"position\":2,\"name\":\"Shop\",\"item\":\"https:\/\/recco.com\/shop\/the-shop\/\"},{\"@type\":\"ListItem\",\"position\":3,\"name\":\"RECCO\u00ae Backpack Rescue Reflector\"}]},{\"@type\":\"WebSite\",\"@id\":\"https:\/\/recco.com\/shop\/#website\",\"url\":\"https:\/\/recco.com\/shop\/\",\"name\":\"RECCO\",\"description\":\"\",\"potentialAction\":[{\"@type\":\"SearchAction\",\"target\":{\"@type\":\"EntryPoint\",\"urlTemplate\":\"https:\/\/recco.com\/shop\/?s={search_term_string}\"},\"query-input\":{\"@type\":\"PropertyValueSpecification\",\"valueRequired\":true,\"valueName\":\"search_term_string\"}}],\"inLanguage\":\"fr-FR\"}]}<\/script>\n<!-- \/ Yoast SEO plugin. -->","yoast_head_json":{"title":"R\u00e9flecteur de sauvetage pour sac \u00e0 dos RECCO\u00ae - RECCO","robots":{"index":"index","follow":"follow","max-snippet":"max-snippet:-1","max-image-preview":"max-image-preview:large","max-video-preview":"max-video-preview:-1"},"canonical":"https:\/\/recco.com\/shop\/fr\/produit\/reflecteur-de-sauvetage-pour-sac-a-dos-recco\/","og_locale":"fr_FR","og_type":"article","og_title":"RECCO\u00ae Backpack Rescue Reflector - RECCO","og_description":"Easily attaches to your backpack, keeping you searchable to rescuers when you\u2019re adventuring in the outdoors.","og_url":"https:\/\/recco.com\/shop\/fr\/produit\/reflecteur-de-sauvetage-pour-sac-a-dos-recco\/","og_site_name":"RECCO","article_modified_time":"2026-04-23T15:03:00+00:00","og_image":[{"width":1920,"height":1920,"url":"https:\/\/recco.com\/shop\/wp-content\/uploads\/2025\/06\/backpack_black_front_masked.png","type":"image\/png"}],"twitter_card":"summary_large_image","twitter_misc":{"Dur\u00e9e de lecture estim\u00e9e":"1 minute"},"schema":{"@context":"https:\/\/schema.org","@graph":[{"@type":"WebPage","@id":"https:\/\/recco.com\/shop\/product\/recco-backpack-rescue-reflector\/","url":"https:\/\/recco.com\/shop\/product\/recco-backpack-rescue-reflector\/","name":"R\u00e9flecteur de sauvetage pour sac \u00e0 dos RECCO\u00ae - RECCO","isPartOf":{"@id":"https:\/\/recco.com\/shop\/#website"},"primaryImageOfPage":{"@id":"https:\/\/recco.com\/shop\/product\/recco-backpack-rescue-reflector\/#primaryimage"},"image":{"@id":"https:\/\/recco.com\/shop\/product\/recco-backpack-rescue-reflector\/#primaryimage"},"thumbnailUrl":"https:\/\/recco.com\/shop\/wp-content\/uploads\/2025\/06\/backpack_black_front_masked.png","datePublished":"2024-01-15T10:49:00+00:00","dateModified":"2026-04-23T15:03:00+00:00","breadcrumb":{"@id":"https:\/\/recco.com\/shop\/product\/recco-backpack-rescue-reflector\/#breadcrumb"},"inLanguage":"fr-FR","potentialAction":[{"@type":"ReadAction","target":["https:\/\/recco.com\/shop\/product\/recco-backpack-rescue-reflector\/"]}]},{"@type":"ImageObject","inLanguage":"fr-FR","@id":"https:\/\/recco.com\/shop\/product\/recco-backpack-rescue-reflector\/#primaryimage","url":"https:\/\/recco.com\/shop\/wp-content\/uploads\/2025\/06\/backpack_black_front_masked.png","contentUrl":"https:\/\/recco.com\/shop\/wp-content\/uploads\/2025\/06\/backpack_black_front_masked.png","width":1920,"height":1920},{"@type":"BreadcrumbList","@id":"https:\/\/recco.com\/shop\/product\/recco-backpack-rescue-reflector\/#breadcrumb","itemListElement":[{"@type":"ListItem","position":1,"name":"Home","item":"https:\/\/recco.com\/shop\/"},{"@type":"ListItem","position":2,"name":"Shop","item":"https:\/\/recco.com\/shop\/the-shop\/"},{"@type":"ListItem","position":3,"name":"RECCO\u00ae Backpack Rescue Reflector"}]},{"@type":"WebSite","@id":"https:\/\/recco.com\/shop\/#website","url":"https:\/\/recco.com\/shop\/","name":"RECCO","description":"","potentialAction":[{"@type":"SearchAction","target":{"@type":"EntryPoint","urlTemplate":"https:\/\/recco.com\/shop\/?s={search_term_string}"},"query-input":{"@type":"PropertyValueSpecification","valueRequired":true,"valueName":"search_term_string"}}],"inLanguage":"fr-FR"}]}},"_links":{"self":[{"href":"https:\/\/recco.com\/shop\/fr\/wp-json\/wp\/v2\/product\/15986","targetHints":{"allow":["GET"]}}],"collection":[{"href":"https:\/\/recco.com\/shop\/fr\/wp-json\/wp\/v2\/product"}],"about":[{"href":"https:\/\/recco.com\/shop\/fr\/wp-json\/wp\/v2\/types\/product"}],"version-history":[{"count":4,"href":"https:\/\/recco.com\/shop\/fr\/wp-json\/wp\/v2\/product\/15986\/revisions"}],"predecessor-version":[{"id":28786,"href":"https:\/\/recco.com\/shop\/fr\/wp-json\/wp\/v2\/product\/15986\/revisions\/28786"}],"wp:featuredmedia":[{"embeddable":true,"href":"https:\/\/recco.com\/shop\/fr\/wp-json\/wp\/v2\/media\/19452"}],"wp:attachment":[{"href":"https:\/\/recco.com\/shop\/fr\/wp-json\/wp\/v2\/media?parent=15986"}],"wp:term":[{"taxonomy":"product_brand","embeddable":true,"href":"https:\/\/recco.com\/shop\/fr\/wp-json\/wp\/v2\/product_brand?post=15986"},{"taxonomy":"product_cat","embeddable":true,"href":"https:\/\/recco.com\/shop\/fr\/wp-json\/wp\/v2\/product_cat?post=15986"},{"taxonomy":"product_tag","embeddable":true,"href":"https:\/\/recco.com\/shop\/fr\/wp-json\/wp\/v2\/product_tag?post=15986"}],"curies":[{"name":"wp","href":"https:\/\/api.w.org\/{rel}","templated":true}]}}