

{"id":15988,"date":"2024-01-15T11:49:00","date_gmt":"2024-01-15T10:49:00","guid":{"rendered":"https:\/\/recco.com\/shop\/product\/recco-reflektor-fur-helme-schwarz-2\/"},"modified":"2026-04-23T19:26:33","modified_gmt":"2026-04-23T17:26:33","slug":"reflecteur-de-sauvetage-pour-casque-recco","status":"publish","type":"product","link":"https:\/\/recco.com\/shop\/fr\/produit\/reflecteur-de-sauvetage-pour-casque-recco\/","title":{"rendered":"Le r\u00e9flecteur de secours RECCO pour casque"},"content":{"rendered":"<p>Le r\u00e9flecteur de sauvetage pour casque RECCO\u00ae vous permet d&#039;\u00eatre recherch\u00e9 par les professionnels du sauvetage utilisant les d\u00e9tecteurs RECCO\u00ae en cas d&#039;accident d&#039;avalanche ou en cas de perte en plein air.<\/p>\n<p>Le r\u00e9flecteur de sauvetage pour casque RECCO\u00ae est livr\u00e9 avec une colle sur la face inf\u00e9rieure et est fix\u00e9 au casque comme un autocollant.<\/p>\n<p>La colle est con\u00e7ue pour r\u00e9sister \u00e0 toutes les temp\u00e9ratures, hiver comme \u00e9t\u00e9, et offre une longue dur\u00e9e de vie. Il est important de suivre les instructions d&#039;application pour garantir une adh\u00e9rence optimale\u00a0:<\/p>\n<p>Appliquer le r\u00e9flecteur sur une surface lisse et propre du casque \u00e0 temp\u00e9rature ambiante.<\/p>\n<p>Appuyer fermement sur le r\u00e9flecteur pour garantir l'adh\u00e9rence sur la totalit\u00e9 de la surface.<\/p>\n<p>Laisser reposer au moins 24h pour que le r\u00e9flecteur adh\u00e8re correctement \u00e0 la surface.<\/p>","protected":false},"excerpt":{"rendered":"<p>Con\u00e7u pour se fixer sur les casques de ski, de snowboard, de v\u00e9lo, d'escalade ou toute autre activit\u00e9 outdoor.<\/p>","protected":false},"featured_media":16018,"template":"","meta":[],"product_brand":[],"product_cat":[94,91],"product_tag":[],"class_list":{"0":"post-15988","1":"product","2":"type-product","3":"status-publish","4":"has-post-thumbnail","6":"product_cat-helmetreflectors","7":"product_cat-reflectors","9":"first","10":"instock","11":"taxable","12":"shipping-taxable","13":"purchasable","14":"product-type-variable"},"yoast_head":"<!-- This site is optimized with the Yoast SEO plugin v26.9 - https:\/\/yoast.com\/product\/yoast-seo-wordpress\/ -->\n<title>RECCO\u00ae Helmet Rescue Reflector - RECCO<\/title>\n<meta name=\"robots\" content=\"index, follow, max-snippet:-1, max-image-preview:large, max-video-preview:-1\" \/>\n<link rel=\"canonical\" href=\"https:\/\/recco.com\/shop\/fr\/produit\/reflecteur-de-sauvetage-pour-casque-recco\/\" \/>\n<meta property=\"og:locale\" content=\"fr_FR\" \/>\n<meta property=\"og:type\" content=\"article\" \/>\n<meta property=\"og:title\" content=\"RECCO\u00ae Helmet Rescue Reflector - RECCO\" \/>\n<meta property=\"og:description\" content=\"Designed to attach to helmets used for skiing, snowboarding, biking, climbing or any other outdoor activity.\" \/>\n<meta property=\"og:url\" content=\"https:\/\/recco.com\/shop\/fr\/produit\/reflecteur-de-sauvetage-pour-casque-recco\/\" \/>\n<meta property=\"og:site_name\" content=\"RECCO\" \/>\n<meta property=\"article:modified_time\" content=\"2026-04-23T17:26:33+00:00\" \/>\n<meta property=\"og:image\" content=\"https:\/\/recco.com\/shop\/wp-content\/uploads\/2024\/01\/helmet_black_front_masked.png\" \/>\n\t<meta property=\"og:image:width\" content=\"1920\" \/>\n\t<meta property=\"og:image:height\" content=\"1920\" \/>\n\t<meta property=\"og:image:type\" content=\"image\/png\" \/>\n<meta name=\"twitter:card\" content=\"summary_large_image\" \/>\n<meta name=\"twitter:label1\" content=\"Dur\u00e9e de lecture estim\u00e9e\" \/>\n\t<meta name=\"twitter:data1\" content=\"1 minute\" \/>\n<script type=\"application\/ld+json\" class=\"yoast-schema-graph\">{\"@context\":\"https:\/\/schema.org\",\"@graph\":[{\"@type\":\"WebPage\",\"@id\":\"https:\/\/recco.com\/shop\/product\/recco-helmet-rescue-reflector\/\",\"url\":\"https:\/\/recco.com\/shop\/product\/recco-helmet-rescue-reflector\/\",\"name\":\"RECCO\u00ae Helmet Rescue Reflector - RECCO\",\"isPartOf\":{\"@id\":\"https:\/\/recco.com\/shop\/#website\"},\"primaryImageOfPage\":{\"@id\":\"https:\/\/recco.com\/shop\/product\/recco-helmet-rescue-reflector\/#primaryimage\"},\"image\":{\"@id\":\"https:\/\/recco.com\/shop\/product\/recco-helmet-rescue-reflector\/#primaryimage\"},\"thumbnailUrl\":\"https:\/\/recco.com\/shop\/wp-content\/uploads\/2024\/01\/helmet_black_front_masked.png\",\"datePublished\":\"2024-01-15T10:49:00+00:00\",\"dateModified\":\"2026-04-23T17:26:33+00:00\",\"breadcrumb\":{\"@id\":\"https:\/\/recco.com\/shop\/product\/recco-helmet-rescue-reflector\/#breadcrumb\"},\"inLanguage\":\"fr-FR\",\"potentialAction\":[{\"@type\":\"ReadAction\",\"target\":[\"https:\/\/recco.com\/shop\/product\/recco-helmet-rescue-reflector\/\"]}]},{\"@type\":\"ImageObject\",\"inLanguage\":\"fr-FR\",\"@id\":\"https:\/\/recco.com\/shop\/product\/recco-helmet-rescue-reflector\/#primaryimage\",\"url\":\"https:\/\/recco.com\/shop\/wp-content\/uploads\/2024\/01\/helmet_black_front_masked.png\",\"contentUrl\":\"https:\/\/recco.com\/shop\/wp-content\/uploads\/2024\/01\/helmet_black_front_masked.png\",\"width\":1920,\"height\":1920},{\"@type\":\"BreadcrumbList\",\"@id\":\"https:\/\/recco.com\/shop\/product\/recco-helmet-rescue-reflector\/#breadcrumb\",\"itemListElement\":[{\"@type\":\"ListItem\",\"position\":1,\"name\":\"Home\",\"item\":\"https:\/\/recco.com\/shop\/\"},{\"@type\":\"ListItem\",\"position\":2,\"name\":\"Shop\",\"item\":\"https:\/\/recco.com\/shop\/the-shop\/\"},{\"@type\":\"ListItem\",\"position\":3,\"name\":\"RECCO\u00ae Helmet Rescue Reflector\"}]},{\"@type\":\"WebSite\",\"@id\":\"https:\/\/recco.com\/shop\/#website\",\"url\":\"https:\/\/recco.com\/shop\/\",\"name\":\"RECCO\",\"description\":\"\",\"potentialAction\":[{\"@type\":\"SearchAction\",\"target\":{\"@type\":\"EntryPoint\",\"urlTemplate\":\"https:\/\/recco.com\/shop\/?s={search_term_string}\"},\"query-input\":{\"@type\":\"PropertyValueSpecification\",\"valueRequired\":true,\"valueName\":\"search_term_string\"}}],\"inLanguage\":\"fr-FR\"}]}<\/script>\n<!-- \/ Yoast SEO plugin. -->","yoast_head_json":{"title":"R\u00e9flecteur de sauvetage pour casque RECCO\u00ae - RECCO","robots":{"index":"index","follow":"follow","max-snippet":"max-snippet:-1","max-image-preview":"max-image-preview:large","max-video-preview":"max-video-preview:-1"},"canonical":"https:\/\/recco.com\/shop\/fr\/produit\/reflecteur-de-sauvetage-pour-casque-recco\/","og_locale":"fr_FR","og_type":"article","og_title":"RECCO\u00ae Helmet Rescue Reflector - RECCO","og_description":"Designed to attach to helmets used for skiing, snowboarding, biking, climbing or any other outdoor activity.","og_url":"https:\/\/recco.com\/shop\/fr\/produit\/reflecteur-de-sauvetage-pour-casque-recco\/","og_site_name":"RECCO","article_modified_time":"2026-04-23T17:26:33+00:00","og_image":[{"width":1920,"height":1920,"url":"https:\/\/recco.com\/shop\/wp-content\/uploads\/2024\/01\/helmet_black_front_masked.png","type":"image\/png"}],"twitter_card":"summary_large_image","twitter_misc":{"Dur\u00e9e de lecture estim\u00e9e":"1 minute"},"schema":{"@context":"https:\/\/schema.org","@graph":[{"@type":"WebPage","@id":"https:\/\/recco.com\/shop\/product\/recco-helmet-rescue-reflector\/","url":"https:\/\/recco.com\/shop\/product\/recco-helmet-rescue-reflector\/","name":"R\u00e9flecteur de sauvetage pour casque RECCO\u00ae - RECCO","isPartOf":{"@id":"https:\/\/recco.com\/shop\/#website"},"primaryImageOfPage":{"@id":"https:\/\/recco.com\/shop\/product\/recco-helmet-rescue-reflector\/#primaryimage"},"image":{"@id":"https:\/\/recco.com\/shop\/product\/recco-helmet-rescue-reflector\/#primaryimage"},"thumbnailUrl":"https:\/\/recco.com\/shop\/wp-content\/uploads\/2024\/01\/helmet_black_front_masked.png","datePublished":"2024-01-15T10:49:00+00:00","dateModified":"2026-04-23T17:26:33+00:00","breadcrumb":{"@id":"https:\/\/recco.com\/shop\/product\/recco-helmet-rescue-reflector\/#breadcrumb"},"inLanguage":"fr-FR","potentialAction":[{"@type":"ReadAction","target":["https:\/\/recco.com\/shop\/product\/recco-helmet-rescue-reflector\/"]}]},{"@type":"ImageObject","inLanguage":"fr-FR","@id":"https:\/\/recco.com\/shop\/product\/recco-helmet-rescue-reflector\/#primaryimage","url":"https:\/\/recco.com\/shop\/wp-content\/uploads\/2024\/01\/helmet_black_front_masked.png","contentUrl":"https:\/\/recco.com\/shop\/wp-content\/uploads\/2024\/01\/helmet_black_front_masked.png","width":1920,"height":1920},{"@type":"BreadcrumbList","@id":"https:\/\/recco.com\/shop\/product\/recco-helmet-rescue-reflector\/#breadcrumb","itemListElement":[{"@type":"ListItem","position":1,"name":"Home","item":"https:\/\/recco.com\/shop\/"},{"@type":"ListItem","position":2,"name":"Shop","item":"https:\/\/recco.com\/shop\/the-shop\/"},{"@type":"ListItem","position":3,"name":"RECCO\u00ae Helmet Rescue Reflector"}]},{"@type":"WebSite","@id":"https:\/\/recco.com\/shop\/#website","url":"https:\/\/recco.com\/shop\/","name":"RECCO","description":"","potentialAction":[{"@type":"SearchAction","target":{"@type":"EntryPoint","urlTemplate":"https:\/\/recco.com\/shop\/?s={search_term_string}"},"query-input":{"@type":"PropertyValueSpecification","valueRequired":true,"valueName":"search_term_string"}}],"inLanguage":"fr-FR"}]}},"_links":{"self":[{"href":"https:\/\/recco.com\/shop\/fr\/wp-json\/wp\/v2\/product\/15988","targetHints":{"allow":["GET"]}}],"collection":[{"href":"https:\/\/recco.com\/shop\/fr\/wp-json\/wp\/v2\/product"}],"about":[{"href":"https:\/\/recco.com\/shop\/fr\/wp-json\/wp\/v2\/types\/product"}],"version-history":[{"count":3,"href":"https:\/\/recco.com\/shop\/fr\/wp-json\/wp\/v2\/product\/15988\/revisions"}],"predecessor-version":[{"id":28787,"href":"https:\/\/recco.com\/shop\/fr\/wp-json\/wp\/v2\/product\/15988\/revisions\/28787"}],"wp:featuredmedia":[{"embeddable":true,"href":"https:\/\/recco.com\/shop\/fr\/wp-json\/wp\/v2\/media\/16018"}],"wp:attachment":[{"href":"https:\/\/recco.com\/shop\/fr\/wp-json\/wp\/v2\/media?parent=15988"}],"wp:term":[{"taxonomy":"product_brand","embeddable":true,"href":"https:\/\/recco.com\/shop\/fr\/wp-json\/wp\/v2\/product_brand?post=15988"},{"taxonomy":"product_cat","embeddable":true,"href":"https:\/\/recco.com\/shop\/fr\/wp-json\/wp\/v2\/product_cat?post=15988"},{"taxonomy":"product_tag","embeddable":true,"href":"https:\/\/recco.com\/shop\/fr\/wp-json\/wp\/v2\/product_tag?post=15988"}],"curies":[{"name":"wp","href":"https:\/\/api.w.org\/{rel}","templated":true}]}}